{"id":22986,"date":"2020-07-20T14:56:31","date_gmt":"2020-07-20T12:56:31","guid":{"rendered":"http:\/\/confatnet.com\/?page_id=22986"},"modified":"2022-02-08T21:07:45","modified_gmt":"2022-02-08T19:07:45","slug":"eu-projekt","status":"publish","type":"page","link":"https:\/\/citus.hr\/hr\/eu-projekt\/","title":{"rendered":"EU projekt"},"content":{"rendered":"<div class=\"wpb-content-wrapper\"><section class=\"vc_row wpb_row vc_row-fluid\"><div class=\"wpb_column vc_column_container vc_col-sm-3  col-xs-mobile-fullwidth xs-text-center pofo-column-responsive-69e07405470d0\"><div class=\"vc_column-inner \"><div class=\"wpb_wrapper\"><div class=\"last-paragraph-no-margin\"><p><img loading=\"lazy\" decoding=\"async\" class=\"alignnone size-full wp-image-23001\" style=\"margin-bottom: 0;\" src=\"\/wp-content\/uploads\/2020\/07\/projekt-eu.png\" alt=\"\" width=\"281\" height=\"107\" srcset=\"https:\/\/citus.hr\/wp-content\/uploads\/2020\/07\/projekt-eu.png 281w, https:\/\/citus.hr\/wp-content\/uploads\/2020\/07\/projekt-eu-120x46.png 120w, https:\/\/citus.hr\/wp-content\/uploads\/2020\/07\/projekt-eu-81x31.png 81w\" sizes=\"auto, (max-width: 281px) 100vw, 281px\" \/><\/p>\n<p style=\"text-align: center;\">Europska Unija &#8211; zajedno do EU fondova<\/p>\n<p><img loading=\"lazy\" decoding=\"async\" class=\"alignnone size-full wp-image-23003\" src=\"\/wp-content\/uploads\/2020\/07\/projekt-hr.png\" alt=\"\" width=\"281\" height=\"107\" srcset=\"https:\/\/citus.hr\/wp-content\/uploads\/2020\/07\/projekt-hr.png 281w, https:\/\/citus.hr\/wp-content\/uploads\/2020\/07\/projekt-hr-120x46.png 120w, https:\/\/citus.hr\/wp-content\/uploads\/2020\/07\/projekt-hr-81x31.png 81w\" sizes=\"auto, (max-width: 281px) 100vw, 281px\" \/><\/p>\n<p><a href=\"http:\/\/www.strukturnifondovi.hr\/\" target=\"_blank\" rel=\"noopener noreferrer\"><img loading=\"lazy\" decoding=\"async\" class=\"alignnone wp-image-23000 size-full\" src=\"\/wp-content\/uploads\/2020\/07\/projekt-esi.png\" alt=\"Europski strukturni i investicijski fondovi\" width=\"281\" height=\"86\" srcset=\"https:\/\/citus.hr\/wp-content\/uploads\/2020\/07\/projekt-esi.png 281w, https:\/\/citus.hr\/wp-content\/uploads\/2020\/07\/projekt-esi-120x37.png 120w, https:\/\/citus.hr\/wp-content\/uploads\/2020\/07\/projekt-esi-81x25.png 81w\" sizes=\"auto, (max-width: 281px) 100vw, 281px\" \/><\/a><\/p>\n<p><img loading=\"lazy\" decoding=\"async\" class=\"alignnone wp-image-22998 size-full\" src=\"\/wp-content\/uploads\/2020\/07\/projekt-opkk.png\" alt=\"Operativni program Konkurentnost i kohezija\" width=\"281\" height=\"69\" srcset=\"https:\/\/citus.hr\/wp-content\/uploads\/2020\/07\/projekt-opkk.png 281w, https:\/\/citus.hr\/wp-content\/uploads\/2020\/07\/projekt-opkk-120x29.png 120w, https:\/\/citus.hr\/wp-content\/uploads\/2020\/07\/projekt-opkk-81x20.png 81w\" sizes=\"auto, (max-width: 281px) 100vw, 281px\" \/><\/p>\n<p><a href=\"https:\/\/hamagbicro.hr\/\" target=\"_blank\" rel=\"noopener noreferrer\"><img loading=\"lazy\" decoding=\"async\" class=\"alignnone wp-image-23002 size-full\" src=\"\/wp-content\/uploads\/2020\/07\/projekt-hamag-bicro.png\" alt=\"Hamag Bicro\" width=\"281\" height=\"69\" srcset=\"https:\/\/citus.hr\/wp-content\/uploads\/2020\/07\/projekt-hamag-bicro.png 281w, https:\/\/citus.hr\/wp-content\/uploads\/2020\/07\/projekt-hamag-bicro-120x29.png 120w, https:\/\/citus.hr\/wp-content\/uploads\/2020\/07\/projekt-hamag-bicro-81x20.png 81w\" sizes=\"auto, (max-width: 281px) 100vw, 281px\" \/><\/a><\/p>\n<p><a href=\"https:\/\/hamagbicro.hr\/financijski-instrumenti\/\" target=\"_blank\" rel=\"noopener noreferrer\"><img loading=\"lazy\" decoding=\"async\" class=\"alignnone wp-image-22999 size-full\" style=\"margin-bottom: 0;\" src=\"\/wp-content\/uploads\/2020\/07\/esif-logo.png\" alt=\"ESIF financijski instrumenti\" width=\"281\" height=\"76\" srcset=\"https:\/\/citus.hr\/wp-content\/uploads\/2020\/07\/esif-logo.png 281w, https:\/\/citus.hr\/wp-content\/uploads\/2020\/07\/esif-logo-120x32.png 120w, https:\/\/citus.hr\/wp-content\/uploads\/2020\/07\/esif-logo-81x22.png 81w\" sizes=\"auto, (max-width: 281px) 100vw, 281px\" \/><\/a><\/p>\n<p>Krajnji primatelj financijskog instrumenta sufinanciranog iz Europskog fonda za regionalni razvoj u sklopu Operativnog programa \u201eKonkurentnost i kohezija\u201d.<\/p>\n<\/div><\/div><\/div><\/div><div class=\"wpb_column vc_column_container vc_col-sm-9  col-xs-mobile-fullwidth\"><div class=\"vc_column-inner \"><div class=\"wpb_wrapper\"><div class=\"last-paragraph-no-margin\"><h6 class=\"alt-font\">Pove\u0107anje kapaciteta razvojnog tima za proizvodnju softvera<\/h6>\n<p>U sklopu poziva na dostavu projektnih prijava \u201eE-impuls\u201c CITUS d.o.o. provodi projekt\u00a0<strong>&#8220;Pove\u0107anje kapaciteta razvojnog tima za proizvodnju softvera\u201e<\/strong>\u00a0za koji su odobrena bespovratna sredstava za projekte koji se financiraju iz Europskih strukturnih i investicijskih fondova u financijskom razdoblju od 2014-2020, oznake KK.03.2.1.06.1269.<\/p>\n<p>Projekt &#8220;Pove\u0107anje kapaciteta razvojnog tima za proizvodnju softvera&#8221; omogu\u0107it \u0107e prijavitelju opremanje razvojnog tima \u0161to uklju\u010duje opremanje prostora za razvoj IT tehnologije, nabavku opreme te edukaciju \u010dlanova razvojnog tima \u0161to je sve nu\u017enu za uvo\u0111enje vlastitih usluga korisnicima platforme IOS.<\/p>\n<p>Njegova provedba doprinijet \u0107e otvaranju novih radnih mjesta u razvojnom timu, rastu prodaje vlastitih usluga na doma\u0107em i stranom tr\u017ei\u0161tu, \u0161to su ciljevi natje\u010daja.<\/p>\n<p>Ciljane skupine na koje \u0107e projekt utjecati su uprava, zaposlenici i kooperantske IT tvrtke koje sudjeluju u zajedni\u010dkim projektima.<\/p>\n<p>Naziv projekta:\u00a0<strong>Pove\u0107anje kapaciteta razvojnog tima za proizvodnju softvera<\/strong><br \/>\nIme korisnika:\u00a0<strong>CITUS d.o.o.<\/strong><br \/>\nUkupni iznos projekta:\u00a0<strong>439.711,25 HRK<\/strong><br \/>\nPrihvatljivi tro\u0161kovi projekta:\u00a0<strong>332.169,00 HRK<\/strong><br \/>\nUkupni iznos odobrene potpore:\u00a0<strong>206.797,67 HRK<\/strong><br \/>\nTrajanje projekta:\u00a0<strong>01.09.2017. &#8211; 01.06.2018.<\/strong><br \/>\nKontakt:\u00a0<strong>CITUS d.o.o.<\/strong>\u00a0|\u00a0<strong><a class=\"text-blue\" href=\"mailto:citus@citus.hr\">citus@citus.hr<\/a><\/strong>\u00a0|\u00a0<strong>tel +385 1 3667 120<\/strong><br \/>\nPogledati vi\u0161e na\u00a0<strong><a class=\"text-blue\" title=\"www.strukturnifondovi.hr\" href=\"http:\/\/www.strukturnifondovi.hr\/\" target=\"_blank\" rel=\"noopener noreferrer\">www.strukturnifondovi.hr<\/a><\/strong>\u00a0i\u00a0<strong><a class=\"text-blue\" title=\"www.hamagbicro.hr\" href=\"http:\/\/www.hamagbicro.hr\/\" target=\"_blank\" rel=\"noopener noreferrer\">www.hamagbicro.hr<\/a><\/strong><\/p>\n<\/div><\/div><\/div><\/div><\/section>\n<\/div>","protected":false},"excerpt":{"rendered":"Europska Unija - zajedno do EU fondova Krajnji primatelj financijskog instrumenta sufinanciranog iz Europskog fonda za regionalni razvoj u sklopu Operativnog programa \u201eKonkurentnost i kohezija\u201d. Pove\u0107anje kapaciteta razvojnog tima za proizvodnju softvera U sklopu poziva na dostavu projektnih prijava \u201eE-impuls\u201c CITUS d.o.o. provodi projekt\u00a0\"Pove\u0107anje kapaciteta razvojnog tima za proizvodnju softvera\u201e\u00a0za koji su odobrena bespovratna sredstava za projekte koji se financiraju iz Europskih strukturnih i investicijskih fondova u financijskom razdoblju od 2014-2020, oznake KK.03.2.1.06.1269. Projekt \"Pove\u0107anje kapaciteta razvojnog tima za proizvodnju softvera\" omogu\u0107it \u0107e prijavitelju opremanje razvojnog tima \u0161to uklju\u010duje opremanje prostora za razvoj IT tehnologije, nabavku opreme te edukaciju \u010dlanova razvojnog tima \u0161to je sve nu\u017enu za uvo\u0111enje vlastitih usluga korisnicima platforme IOS. Njegova provedba doprinijet \u0107e otvaranju novih radnih mjesta u razvojnom timu, rastu prodaje vlastitih usluga na doma\u0107em i stranom tr\u017ei\u0161tu, \u0161to su ciljevi natje\u010daja. Ciljane skupine na koje \u0107e projekt utjecati su uprava, zaposlenici i kooperantske IT tvrtke koje sudjeluju u zajedni\u010dkim projektima. Naziv projekta:\u00a0Pove\u0107anje kapaciteta razvojnog tima za proizvodnju softvera Ime korisnika:\u00a0CITUS d.o.o. Ukupni iznos projekta:\u00a0439.711,25 HRK Prihvatljivi tro\u0161kovi projekta:\u00a0332.169,00 HRK Ukupni iznos odobrene potpore:\u00a0206.797,67 HRK Trajanje projekta:\u00a001.09.2017. - 01.06.2018. Kontakt:\u00a0CITUS d.o.o.\u00a0|\u00a0citus@citus.hr\u00a0|\u00a0tel +385 1 3667 120 Pogledati vi\u0161e na\u00a0www.strukturnifondovi.hr\u00a0i\u00a0www.hamagbicro.hr","protected":false},"author":3,"featured_media":0,"parent":0,"menu_order":0,"comment_status":"closed","ping_status":"closed","template":"","meta":{"_acf_changed":false,"_monsterinsights_skip_tracking":false,"_monsterinsights_sitenote_active":false,"_monsterinsights_sitenote_note":"","_monsterinsights_sitenote_category":0,"footnotes":""},"class_list":["post-22986","page","type-page","status-publish","hentry"],"acf":[],"yoast_head":"<!-- This site is optimized with the Yoast SEO plugin v27.4 - https:\/\/yoast.com\/product\/yoast-seo-wordpress\/ -->\n<title>EU projekt - CITUS<\/title>\n<meta name=\"robots\" content=\"index, follow, max-snippet:-1, max-image-preview:large, max-video-preview:-1\" \/>\n<link rel=\"canonical\" href=\"https:\/\/citus.hr\/hr\/eu-projekt\/\" \/>\n<meta property=\"og:locale\" content=\"hr_HR\" \/>\n<meta property=\"og:type\" content=\"article\" \/>\n<meta property=\"og:title\" content=\"EU projekt - CITUS\" \/>\n<meta property=\"og:url\" content=\"https:\/\/citus.hr\/hr\/eu-projekt\/\" \/>\n<meta property=\"og:site_name\" content=\"CITUS\" \/>\n<meta property=\"article:publisher\" content=\"https:\/\/www.facebook.com\/citushr\" \/>\n<meta property=\"article:modified_time\" content=\"2022-02-08T19:07:45+00:00\" \/>\n<meta name=\"twitter:card\" content=\"summary_large_image\" \/>\n<meta name=\"twitter:label1\" content=\"Procijenjeno vrijeme \u010ditanja\" \/>\n\t<meta name=\"twitter:data1\" content=\"3 minute\" \/>\n<script type=\"application\/ld+json\" class=\"yoast-schema-graph\">{\"@context\":\"https:\\\/\\\/schema.org\",\"@graph\":[{\"@type\":\"WebPage\",\"@id\":\"https:\\\/\\\/citus.hr\\\/hr\\\/eu-projekt\\\/\",\"url\":\"https:\\\/\\\/citus.hr\\\/hr\\\/eu-projekt\\\/\",\"name\":\"EU projekt - CITUS\",\"isPartOf\":{\"@id\":\"https:\\\/\\\/citus.hr\\\/hr\\\/#website\"},\"datePublished\":\"2020-07-20T12:56:31+00:00\",\"dateModified\":\"2022-02-08T19:07:45+00:00\",\"breadcrumb\":{\"@id\":\"https:\\\/\\\/citus.hr\\\/hr\\\/eu-projekt\\\/#breadcrumb\"},\"inLanguage\":\"hr\",\"potentialAction\":[{\"@type\":\"ReadAction\",\"target\":[\"https:\\\/\\\/citus.hr\\\/hr\\\/eu-projekt\\\/\"]}]},{\"@type\":\"BreadcrumbList\",\"@id\":\"https:\\\/\\\/citus.hr\\\/hr\\\/eu-projekt\\\/#breadcrumb\",\"itemListElement\":[{\"@type\":\"ListItem\",\"position\":1,\"name\":\"Po\u010detna stranica\",\"item\":\"https:\\\/\\\/citus.hr\\\/hr\\\/\"},{\"@type\":\"ListItem\",\"position\":2,\"name\":\"EU projekt\"}]},{\"@type\":\"WebSite\",\"@id\":\"https:\\\/\\\/citus.hr\\\/hr\\\/#website\",\"url\":\"https:\\\/\\\/citus.hr\\\/hr\\\/\",\"name\":\"CITUS\",\"description\":\"Innovation, Consulting, Education\",\"publisher\":{\"@id\":\"https:\\\/\\\/citus.hr\\\/hr\\\/#organization\"},\"potentialAction\":[{\"@type\":\"SearchAction\",\"target\":{\"@type\":\"EntryPoint\",\"urlTemplate\":\"https:\\\/\\\/citus.hr\\\/hr\\\/?s={search_term_string}\"},\"query-input\":{\"@type\":\"PropertyValueSpecification\",\"valueRequired\":true,\"valueName\":\"search_term_string\"}}],\"inLanguage\":\"hr\"},{\"@type\":\"Organization\",\"@id\":\"https:\\\/\\\/citus.hr\\\/hr\\\/#organization\",\"name\":\"Citus d.o.o.\",\"url\":\"https:\\\/\\\/citus.hr\\\/hr\\\/\",\"logo\":{\"@type\":\"ImageObject\",\"inLanguage\":\"hr\",\"@id\":\"https:\\\/\\\/citus.hr\\\/hr\\\/#\\\/schema\\\/logo\\\/image\\\/\",\"url\":\"https:\\\/\\\/citus.hr\\\/wp-content\\\/uploads\\\/2024\\\/01\\\/citus-tekst-1.png\",\"contentUrl\":\"https:\\\/\\\/citus.hr\\\/wp-content\\\/uploads\\\/2024\\\/01\\\/citus-tekst-1.png\",\"width\":645,\"height\":192,\"caption\":\"Citus d.o.o.\"},\"image\":{\"@id\":\"https:\\\/\\\/citus.hr\\\/hr\\\/#\\\/schema\\\/logo\\\/image\\\/\"},\"sameAs\":[\"https:\\\/\\\/www.facebook.com\\\/citushr\",\"https:\\\/\\\/www.linkedin.com\\\/company\\\/citus\\\/\",\"https:\\\/\\\/www.youtube.com\\\/channel\\\/UCHGE0kAKHVRUeZ8okys4Q0w\"]}]}<\/script>\n<!-- \/ Yoast SEO plugin. -->","yoast_head_json":{"title":"EU projekt - CITUS","robots":{"index":"index","follow":"follow","max-snippet":"max-snippet:-1","max-image-preview":"max-image-preview:large","max-video-preview":"max-video-preview:-1"},"canonical":"https:\/\/citus.hr\/hr\/eu-projekt\/","og_locale":"hr_HR","og_type":"article","og_title":"EU projekt - CITUS","og_url":"https:\/\/citus.hr\/hr\/eu-projekt\/","og_site_name":"CITUS","article_publisher":"https:\/\/www.facebook.com\/citushr","article_modified_time":"2022-02-08T19:07:45+00:00","twitter_card":"summary_large_image","twitter_misc":{"Procijenjeno vrijeme \u010ditanja":"3 minute"},"schema":{"@context":"https:\/\/schema.org","@graph":[{"@type":"WebPage","@id":"https:\/\/citus.hr\/hr\/eu-projekt\/","url":"https:\/\/citus.hr\/hr\/eu-projekt\/","name":"EU projekt - CITUS","isPartOf":{"@id":"https:\/\/citus.hr\/hr\/#website"},"datePublished":"2020-07-20T12:56:31+00:00","dateModified":"2022-02-08T19:07:45+00:00","breadcrumb":{"@id":"https:\/\/citus.hr\/hr\/eu-projekt\/#breadcrumb"},"inLanguage":"hr","potentialAction":[{"@type":"ReadAction","target":["https:\/\/citus.hr\/hr\/eu-projekt\/"]}]},{"@type":"BreadcrumbList","@id":"https:\/\/citus.hr\/hr\/eu-projekt\/#breadcrumb","itemListElement":[{"@type":"ListItem","position":1,"name":"Po\u010detna stranica","item":"https:\/\/citus.hr\/hr\/"},{"@type":"ListItem","position":2,"name":"EU projekt"}]},{"@type":"WebSite","@id":"https:\/\/citus.hr\/hr\/#website","url":"https:\/\/citus.hr\/hr\/","name":"CITUS","description":"Innovation, Consulting, Education","publisher":{"@id":"https:\/\/citus.hr\/hr\/#organization"},"potentialAction":[{"@type":"SearchAction","target":{"@type":"EntryPoint","urlTemplate":"https:\/\/citus.hr\/hr\/?s={search_term_string}"},"query-input":{"@type":"PropertyValueSpecification","valueRequired":true,"valueName":"search_term_string"}}],"inLanguage":"hr"},{"@type":"Organization","@id":"https:\/\/citus.hr\/hr\/#organization","name":"Citus d.o.o.","url":"https:\/\/citus.hr\/hr\/","logo":{"@type":"ImageObject","inLanguage":"hr","@id":"https:\/\/citus.hr\/hr\/#\/schema\/logo\/image\/","url":"https:\/\/citus.hr\/wp-content\/uploads\/2024\/01\/citus-tekst-1.png","contentUrl":"https:\/\/citus.hr\/wp-content\/uploads\/2024\/01\/citus-tekst-1.png","width":645,"height":192,"caption":"Citus d.o.o."},"image":{"@id":"https:\/\/citus.hr\/hr\/#\/schema\/logo\/image\/"},"sameAs":["https:\/\/www.facebook.com\/citushr","https:\/\/www.linkedin.com\/company\/citus\/","https:\/\/www.youtube.com\/channel\/UCHGE0kAKHVRUeZ8okys4Q0w"]}]}},"_links":{"self":[{"href":"https:\/\/citus.hr\/hr\/wp-json\/wp\/v2\/pages\/22986","targetHints":{"allow":["GET"]}}],"collection":[{"href":"https:\/\/citus.hr\/hr\/wp-json\/wp\/v2\/pages"}],"about":[{"href":"https:\/\/citus.hr\/hr\/wp-json\/wp\/v2\/types\/page"}],"author":[{"embeddable":true,"href":"https:\/\/citus.hr\/hr\/wp-json\/wp\/v2\/users\/3"}],"replies":[{"embeddable":true,"href":"https:\/\/citus.hr\/hr\/wp-json\/wp\/v2\/comments?post=22986"}],"version-history":[{"count":21,"href":"https:\/\/citus.hr\/hr\/wp-json\/wp\/v2\/pages\/22986\/revisions"}],"predecessor-version":[{"id":26984,"href":"https:\/\/citus.hr\/hr\/wp-json\/wp\/v2\/pages\/22986\/revisions\/26984"}],"wp:attachment":[{"href":"https:\/\/citus.hr\/hr\/wp-json\/wp\/v2\/media?parent=22986"}],"curies":[{"name":"wp","href":"https:\/\/api.w.org\/{rel}","templated":true}]}}