{"id":23037,"date":"2020-07-21T13:36:38","date_gmt":"2020-07-21T11:36:38","guid":{"rendered":"http:\/\/confatnet.com\/?page_id=23037"},"modified":"2023-10-23T19:48:24","modified_gmt":"2023-10-23T17:48:24","slug":"povijest","status":"publish","type":"page","link":"https:\/\/citus.hr\/hr\/povijest\/","title":{"rendered":"Povijest"},"content":{"rendered":"<div class=\"wpb-content-wrapper\"><section class=\"vc_row wpb_row vc_row-fluid\"><div class=\"wpb_column vc_column_container vc_col-sm-6  col-xs-mobile-fullwidth\"><div class=\"vc_column-inner \"><div class=\"wpb_wrapper\"><h6 class=\"text-extra-dark-gray margin-20px-bottom font-weight-600 display-inline-block alt-font heading-style2  heading-1\" >Tvrtka CITUS utemeljena je 1999. godine i od svog po\u010detka, pa sve do danas, poslujemo u cijelom svijetu i svoj razvoj temeljimo na vlastitim inovacijama.<\/h6><div class=\"last-paragraph-no-margin\"><p class=\"width-95 md-width-100\">CITUS je\u00a0<em><strong>Microsoft Certified Partner<\/strong><\/em> koji se bavi savjetovanjem, projektiranjem, razvojem i implementacijom inovativnih <em>mobilnih, cloud, AI, AR i MR IT rje\u0161enja<\/em>.<\/p>\n<p class=\"width-95 md-width-100\">U svom dosada\u0161njem radu, diljem svijeta, osvojili smo\u00a0<a href=\"\/nagrade-za-inovacije\">vi\u0161e od 100 nagrada<\/a>\u00a0za inovacije u ICT-u (SAD, Velika Britanija, Kanada, Rusija, Tajvan, Malezija, Koreja, Poljska, Hrvatska itd.) koje smo pretvorili u uspje\u0161ne proizvode.<br \/>\nSvoj rad baziramo na na\u0161ih\u00a0<a href=\"https:\/\/citus.hr\/patenti.html\">pet patenata<\/a>\u00a0s podru\u010dja ICT-a.<br \/>\nProgla\u0161eni smo Nacionalnim pobjednikom u kategoriji Innovation, na <em>European Business Awards<\/em>\u00a0(EBA) 2016\/2017 natjecanju, a na najve\u0107oj ameri\u010dkoj izlo\u017ebi inovacija i novih tehnologija INPEX 2015, osvojili smo dvije zlatne medalje te nagradu\u00a0<em>Best Invention of Europe<\/em>.<\/p>\n<p class=\"width-95 md-width-100\">Nositelji smo certifikata\u00a0<a href=\"\/politika-kvalitete\/\">ISO 9001-2015<\/a>\u00a0za kvalitetu.<\/p>\n<\/div><\/div><\/div><\/div><div class=\"wpb_column vc_column_container vc_col-sm-6  col-xs-mobile-fullwidth\"><div class=\"vc_column-inner \"><div class=\"wpb_wrapper\">[vc_single_image image=&#8221;23042&#8243; img_size=&#8221;full&#8221;]<\/div><\/div><\/div><\/section><section data-vc-full-width=\"true\" data-vc-full-width-init=\"false\" class=\"vc_row wpb_row vc_row-fluid  vc_custom_1595333279605 vc_row-has-fill pofo-stretch-content pofo-stretch-row-container\"><div class=\"wpb_column vc_column_container vc_col-sm-12  col-xs-mobile-fullwidth\"><div class=\"vc_column-inner \"><div class=\"wpb_wrapper\"><div class=\"vc_row wpb_row vc_inner vc_row-fluid\"><div class=\"wpb_column vc_column_container vc_col-sm-12  col-xs-mobile-fullwidth text-center md-text-center sm-text-center xs-text-center\"><div class=\"vc_column-inner \"><div class=\"wpb_wrapper\"><div class=\"text-medium-gray text-small margin-5px-bottom alt-font text-uppercase heading-style4  vc_custom_1595332468674  heading-2\" >osniva\u010d i direktor tvrtke CITUS, inovator i vizionar<\/div><h5 class=\"text-extra-dark-gray margin-20px-bottom font-weight-600 display-inline-block alt-font text-uppercase heading-style2  heading-3\"  style=\"font-weight: 700;\">Tomislav Bronzin<\/h5><div class=\"separator-line-horrizontal-full bg-extra-light-gray center-col pofo-separator  vc_custom_1595333671769 pofo-separator-responsive-69e0743ec1d5c\" style=\"background-color:#f36118; width: 100px;\"><\/div><\/div><\/div><\/div><\/div><div class=\"vc_row wpb_row vc_inner vc_row-fluid\"><div class=\"wpb_column vc_column_container vc_col-sm-6  col-xs-mobile-fullwidth pofo-column-responsive-69e0743ec1eb2\"><div class=\"vc_column-inner \"><div class=\"wpb_wrapper\">[vc_single_image image=&#8221;23048&#8243; img_size=&#8221;full&#8221; css=&#8221;.vc_custom_1595334150530{padding-top: 5px !important;}&#8221;]<\/div><\/div><\/div><div class=\"wpb_column vc_column_container vc_col-sm-6  col-xs-mobile-fullwidth\"><div class=\"vc_column-inner \"><div class=\"wpb_wrapper\"><div class=\"last-paragraph-no-margin\"><p class=\"width-90 sm-width-100\">Tomislav Bronzin je poduzetnik inovator, autor pet patenta s podru\u010dja ICT-a, a sa svojim timom je dobio \u010ditav niz najvi\u0161ih nagrada, zlatnih i platinastih medalja za ICT inovacije u SAD-u, Velikoj Britaniji, Kanadi, Koreji, Rusiji, Tajvanu, Hrvatskoj, Maleziji, Rumunjskoj, Poljskoj za svoje inovacije.<\/p>\n<p>Bio je uklju\u010den u projektiranje i implementaciju prvih mobilnih rje\u0161enja na Microsoftovoj platformi, te razvoj prvih\u00a0<i>cloud<\/i>\u00a0rje\u0161enja baziranih na\u00a0<i>Microsoft Azure<\/i>, <em>Microsoft365\/<\/em><i>Office365, PowerApps i<\/i>\u00a0<i>PowerBI<\/i>. Tomislav ima vi\u0161e od 20 godina iskustva u struci, te je vi\u0161egodi\u0161nji nositelj po\u010dasne titule <i>Microsoft Most Valuable Professional<\/i>, kao i jedan od malog broja nositelja titule <a href=\"https:\/\/rd.microsoft.com\/en-us\/tomislav-bronzin\"><i>Microsoft Regional Director<\/i><\/a>.<\/p>\n<p>Autor je niza <em>stru\u010dnih i znanstvenih radova iz podru\u010dja informati\u010dke tehnologije<\/em>, osobito u domeni projektiranja i razvoja softvera, ra\u010dunarstva u oblaku, umjetne inteligencije, virtualne\/pro\u0161irene stvarnosti, inovacija, upravljanje projektima i rizicima, razvoja poduzetni\u0161tva\/startupova itd. Redovni je predava\u010d na stru\u010dnim IT konferencijama, kao i predava\u010d na <em>Visokom u\u010dili\u0161tu Algebra<\/em>, te mentor mnogim timovima na razli\u010ditim projektima.<\/p>\n<p>Jedan je od osniva\u010da\u00a0<i>Microsoft Community-a<\/i> u Hrvatskoj, a pomogao je osnivanje istih u Bosni i Hercegovini, Srbiji, Makedoniji, Armeniji i Moldaviji, a bio je i dugogodi\u0161nji \u010dlan upravnog odbora <i>INETA Europe &#8211; International .NET Association<\/i>.<\/p>\n<p>Dopredsjednik je <i>Udru\u017eenja za IT Hrvatske gospodarske komore i <\/i><em>\u010dlan Izvr\u0161nog odbora ICT udru\u017eenja Hrvatske udruge poslodavaca (<\/em><i>HUP-ICT).<\/i> Doprinjeo je profesionalno i kao:<i><br \/>\n<\/i>1. \u010clan <i>Tematskog inovacijskog vije\u0107a za sigurnost<\/i> <em>u sklopu Strategije pametne specijalizacije (S3) Republike Hrvatske<\/em><br \/>\n2. \u010clan r<em>adne grupe kupine za izradu Strategije digitalizacije Republike Hrvatske<br \/>\n3. \u010clan radne grupe za izradu novog tematskog prioritetnog podru\u010dja Strategije pametne specijalizacije (S3): \u201eDigitalni proizvodi i platforme\u201c.<br \/>\n<\/em><\/p>\n<\/div><\/div><\/div><\/div><\/div><\/div><\/div><\/div><\/section><div class=\"vc_row-full-width vc_clearfix\"><\/div>\n<\/div>","protected":false},"excerpt":{"rendered":"Tvrtka CITUS utemeljena je 1999. godine i od svog po\u010detka, pa sve do danas, poslujemo u cijelom svijetu i svoj razvoj temeljimo na vlastitim inovacijama.CITUS je\u00a0Microsoft Certified Partner koji se bavi savjetovanjem, projektiranjem, razvojem i implementacijom inovativnih mobilnih, cloud, AI, AR i MR IT rje\u0161enja. U svom dosada\u0161njem radu, diljem svijeta, osvojili smo\u00a0vi\u0161e od 100 nagrada\u00a0za inovacije u ICT-u (SAD, Velika Britanija, Kanada, Rusija, Tajvan, Malezija, Koreja, Poljska, Hrvatska itd.) koje smo pretvorili u uspje\u0161ne proizvode. Svoj rad baziramo na na\u0161ih\u00a0pet patenata\u00a0s podru\u010dja ICT-a. Progla\u0161eni smo Nacionalnim pobjednikom u kategoriji Innovation, na European Business Awards\u00a0(EBA) 2016\/2017 natjecanju, a na najve\u0107oj ameri\u010dkoj izlo\u017ebi inovacija i novih tehnologija INPEX 2015, osvojili smo dvije zlatne medalje te nagradu\u00a0Best Invention of Europe. Nositelji smo certifikata\u00a0ISO 9001-2015\u00a0za kvalitetu. [vc_single_image image=\"23042\" img_size=\"full\"]osniva\u010d i direktor tvrtke CITUS, inovator i vizionarTomislav Bronzin[vc_single_image image=\"23048\" img_size=\"full\" css=\".vc_custom_1595334150530{padding-top: 5px !important;}\"]Tomislav Bronzin je poduzetnik inovator, autor pet patenta s podru\u010dja ICT-a, a sa svojim timom je dobio \u010ditav niz najvi\u0161ih nagrada, zlatnih i platinastih medalja za ICT inovacije u SAD-u, Velikoj Britaniji, Kanadi, Koreji, Rusiji, Tajvanu, Hrvatskoj, Maleziji, Rumunjskoj, Poljskoj za svoje inovacije. Bio je uklju\u010den u projektiranje i implementaciju prvih mobilnih rje\u0161enja na Microsoftovoj platformi, te razvoj prvih\u00a0cloud\u00a0rje\u0161enja baziranih na\u00a0Microsoft Azure,...","protected":false},"author":3,"featured_media":0,"parent":0,"menu_order":0,"comment_status":"closed","ping_status":"closed","template":"","meta":{"_acf_changed":false,"_monsterinsights_skip_tracking":false,"_monsterinsights_sitenote_active":false,"_monsterinsights_sitenote_note":"","_monsterinsights_sitenote_category":0,"footnotes":""},"class_list":["post-23037","page","type-page","status-publish","hentry"],"acf":[],"yoast_head":"<!-- This site is optimized with the Yoast SEO plugin v27.4 - https:\/\/yoast.com\/product\/yoast-seo-wordpress\/ -->\n<title>Povijest - CITUS<\/title>\n<meta name=\"robots\" content=\"index, follow, max-snippet:-1, max-image-preview:large, max-video-preview:-1\" \/>\n<link rel=\"canonical\" href=\"https:\/\/citus.hr\/hr\/povijest\/\" \/>\n<meta property=\"og:locale\" content=\"hr_HR\" \/>\n<meta property=\"og:type\" content=\"article\" \/>\n<meta property=\"og:title\" content=\"Povijest - CITUS\" \/>\n<meta property=\"og:url\" content=\"https:\/\/citus.hr\/hr\/povijest\/\" \/>\n<meta property=\"og:site_name\" content=\"CITUS\" \/>\n<meta property=\"article:publisher\" content=\"https:\/\/www.facebook.com\/citushr\" \/>\n<meta property=\"article:modified_time\" content=\"2023-10-23T17:48:24+00:00\" \/>\n<meta name=\"twitter:card\" content=\"summary_large_image\" \/>\n<meta name=\"twitter:label1\" content=\"Procijenjeno vrijeme \u010ditanja\" \/>\n\t<meta name=\"twitter:data1\" content=\"3 minute\" \/>\n<script type=\"application\/ld+json\" class=\"yoast-schema-graph\">{\"@context\":\"https:\\\/\\\/schema.org\",\"@graph\":[{\"@type\":\"WebPage\",\"@id\":\"https:\\\/\\\/citus.hr\\\/hr\\\/povijest\\\/\",\"url\":\"https:\\\/\\\/citus.hr\\\/hr\\\/povijest\\\/\",\"name\":\"Povijest - CITUS\",\"isPartOf\":{\"@id\":\"https:\\\/\\\/citus.hr\\\/hr\\\/#website\"},\"datePublished\":\"2020-07-21T11:36:38+00:00\",\"dateModified\":\"2023-10-23T17:48:24+00:00\",\"breadcrumb\":{\"@id\":\"https:\\\/\\\/citus.hr\\\/hr\\\/povijest\\\/#breadcrumb\"},\"inLanguage\":\"hr\",\"potentialAction\":[{\"@type\":\"ReadAction\",\"target\":[\"https:\\\/\\\/citus.hr\\\/hr\\\/povijest\\\/\"]}]},{\"@type\":\"BreadcrumbList\",\"@id\":\"https:\\\/\\\/citus.hr\\\/hr\\\/povijest\\\/#breadcrumb\",\"itemListElement\":[{\"@type\":\"ListItem\",\"position\":1,\"name\":\"Po\u010detna stranica\",\"item\":\"https:\\\/\\\/citus.hr\\\/hr\\\/\"},{\"@type\":\"ListItem\",\"position\":2,\"name\":\"Povijest\"}]},{\"@type\":\"WebSite\",\"@id\":\"https:\\\/\\\/citus.hr\\\/hr\\\/#website\",\"url\":\"https:\\\/\\\/citus.hr\\\/hr\\\/\",\"name\":\"CITUS\",\"description\":\"Innovation, Consulting, Education\",\"publisher\":{\"@id\":\"https:\\\/\\\/citus.hr\\\/hr\\\/#organization\"},\"potentialAction\":[{\"@type\":\"SearchAction\",\"target\":{\"@type\":\"EntryPoint\",\"urlTemplate\":\"https:\\\/\\\/citus.hr\\\/hr\\\/?s={search_term_string}\"},\"query-input\":{\"@type\":\"PropertyValueSpecification\",\"valueRequired\":true,\"valueName\":\"search_term_string\"}}],\"inLanguage\":\"hr\"},{\"@type\":\"Organization\",\"@id\":\"https:\\\/\\\/citus.hr\\\/hr\\\/#organization\",\"name\":\"Citus d.o.o.\",\"url\":\"https:\\\/\\\/citus.hr\\\/hr\\\/\",\"logo\":{\"@type\":\"ImageObject\",\"inLanguage\":\"hr\",\"@id\":\"https:\\\/\\\/citus.hr\\\/hr\\\/#\\\/schema\\\/logo\\\/image\\\/\",\"url\":\"https:\\\/\\\/citus.hr\\\/wp-content\\\/uploads\\\/2024\\\/01\\\/citus-tekst-1.png\",\"contentUrl\":\"https:\\\/\\\/citus.hr\\\/wp-content\\\/uploads\\\/2024\\\/01\\\/citus-tekst-1.png\",\"width\":645,\"height\":192,\"caption\":\"Citus d.o.o.\"},\"image\":{\"@id\":\"https:\\\/\\\/citus.hr\\\/hr\\\/#\\\/schema\\\/logo\\\/image\\\/\"},\"sameAs\":[\"https:\\\/\\\/www.facebook.com\\\/citushr\",\"https:\\\/\\\/www.linkedin.com\\\/company\\\/citus\\\/\",\"https:\\\/\\\/www.youtube.com\\\/channel\\\/UCHGE0kAKHVRUeZ8okys4Q0w\"]}]}<\/script>\n<!-- \/ Yoast SEO plugin. -->","yoast_head_json":{"title":"Povijest - CITUS","robots":{"index":"index","follow":"follow","max-snippet":"max-snippet:-1","max-image-preview":"max-image-preview:large","max-video-preview":"max-video-preview:-1"},"canonical":"https:\/\/citus.hr\/hr\/povijest\/","og_locale":"hr_HR","og_type":"article","og_title":"Povijest - CITUS","og_url":"https:\/\/citus.hr\/hr\/povijest\/","og_site_name":"CITUS","article_publisher":"https:\/\/www.facebook.com\/citushr","article_modified_time":"2023-10-23T17:48:24+00:00","twitter_card":"summary_large_image","twitter_misc":{"Procijenjeno vrijeme \u010ditanja":"3 minute"},"schema":{"@context":"https:\/\/schema.org","@graph":[{"@type":"WebPage","@id":"https:\/\/citus.hr\/hr\/povijest\/","url":"https:\/\/citus.hr\/hr\/povijest\/","name":"Povijest - CITUS","isPartOf":{"@id":"https:\/\/citus.hr\/hr\/#website"},"datePublished":"2020-07-21T11:36:38+00:00","dateModified":"2023-10-23T17:48:24+00:00","breadcrumb":{"@id":"https:\/\/citus.hr\/hr\/povijest\/#breadcrumb"},"inLanguage":"hr","potentialAction":[{"@type":"ReadAction","target":["https:\/\/citus.hr\/hr\/povijest\/"]}]},{"@type":"BreadcrumbList","@id":"https:\/\/citus.hr\/hr\/povijest\/#breadcrumb","itemListElement":[{"@type":"ListItem","position":1,"name":"Po\u010detna stranica","item":"https:\/\/citus.hr\/hr\/"},{"@type":"ListItem","position":2,"name":"Povijest"}]},{"@type":"WebSite","@id":"https:\/\/citus.hr\/hr\/#website","url":"https:\/\/citus.hr\/hr\/","name":"CITUS","description":"Innovation, Consulting, Education","publisher":{"@id":"https:\/\/citus.hr\/hr\/#organization"},"potentialAction":[{"@type":"SearchAction","target":{"@type":"EntryPoint","urlTemplate":"https:\/\/citus.hr\/hr\/?s={search_term_string}"},"query-input":{"@type":"PropertyValueSpecification","valueRequired":true,"valueName":"search_term_string"}}],"inLanguage":"hr"},{"@type":"Organization","@id":"https:\/\/citus.hr\/hr\/#organization","name":"Citus d.o.o.","url":"https:\/\/citus.hr\/hr\/","logo":{"@type":"ImageObject","inLanguage":"hr","@id":"https:\/\/citus.hr\/hr\/#\/schema\/logo\/image\/","url":"https:\/\/citus.hr\/wp-content\/uploads\/2024\/01\/citus-tekst-1.png","contentUrl":"https:\/\/citus.hr\/wp-content\/uploads\/2024\/01\/citus-tekst-1.png","width":645,"height":192,"caption":"Citus d.o.o."},"image":{"@id":"https:\/\/citus.hr\/hr\/#\/schema\/logo\/image\/"},"sameAs":["https:\/\/www.facebook.com\/citushr","https:\/\/www.linkedin.com\/company\/citus\/","https:\/\/www.youtube.com\/channel\/UCHGE0kAKHVRUeZ8okys4Q0w"]}]}},"_links":{"self":[{"href":"https:\/\/citus.hr\/hr\/wp-json\/wp\/v2\/pages\/23037","targetHints":{"allow":["GET"]}}],"collection":[{"href":"https:\/\/citus.hr\/hr\/wp-json\/wp\/v2\/pages"}],"about":[{"href":"https:\/\/citus.hr\/hr\/wp-json\/wp\/v2\/types\/page"}],"author":[{"embeddable":true,"href":"https:\/\/citus.hr\/hr\/wp-json\/wp\/v2\/users\/3"}],"replies":[{"embeddable":true,"href":"https:\/\/citus.hr\/hr\/wp-json\/wp\/v2\/comments?post=23037"}],"version-history":[{"count":39,"href":"https:\/\/citus.hr\/hr\/wp-json\/wp\/v2\/pages\/23037\/revisions"}],"predecessor-version":[{"id":27914,"href":"https:\/\/citus.hr\/hr\/wp-json\/wp\/v2\/pages\/23037\/revisions\/27914"}],"wp:attachment":[{"href":"https:\/\/citus.hr\/hr\/wp-json\/wp\/v2\/media?parent=23037"}],"curies":[{"name":"wp","href":"https:\/\/api.w.org\/{rel}","templated":true}]}}