{"id":23066,"date":"2020-07-21T14:40:35","date_gmt":"2020-07-21T12:40:35","guid":{"rendered":"http:\/\/confatnet.com\/?page_id=23066"},"modified":"2024-01-12T14:49:29","modified_gmt":"2024-01-12T12:49:29","slug":"tim","status":"publish","type":"page","link":"https:\/\/citus.hr\/hr\/tim\/","title":{"rendered":"Tim"},"content":{"rendered":"<div class=\"wpb-content-wrapper\"><section class=\"vc_row wpb_row vc_row-fluid\"><div class=\"wpb_column vc_column_container vc_col-sm-6  col-xs-mobile-fullwidth\"><div class=\"vc_column-inner \"><div class=\"wpb_wrapper\"><h6 class=\"text-extra-dark-gray margin-20px-bottom font-weight-600 display-inline-block alt-font heading-style2  heading-1\" >Multidisciplinarni profesionalci<\/h6><div class=\"last-paragraph-no-margin\"><p>Na\u0161i djelatnici su nositelji presti\u017enih statusa\/titula <em>Microsoft Regional Director,<\/em> te\u202f<em>Microsoft Most Valuable Professional<\/em> za podru\u010dja Microsoft 365.<\/p>\n<p>Posjeduju sljede\u0107e certifikate: MCT (<em>Microsoft Certified Trainer<\/em>), Slu\u017ebenik za za\u0161titu osobnih podataka (DPO), ISO 9001:2015 Interni auditor, <em>Licesing specialist<\/em>, <em>Digital Business Transformation Management<\/em>.<\/p>\n<\/div><a  href=\"\/certifikati-i-statusi\" target=\"_self\" class=\"btn pofo-button-1 button-style1  btn-dark-gray  btn-large  vc_custom_1611565269832\" ><i class=\"fa    margin-5px-right no-margin-left\" aria-hidden=\"true\"><\/i>Certifikati<\/a><\/div><\/div><\/div><div class=\"wpb_column vc_column_container vc_col-sm-6  col-xs-mobile-fullwidth\"><div class=\"vc_column-inner \"><div class=\"wpb_wrapper\">[vc_single_image image=&#8221;23067&#8243; img_size=&#8221;full&#8221;]<\/div><\/div><\/div><\/section>\n<\/div>","protected":false},"excerpt":{"rendered":"Multidisciplinarni profesionalciNa\u0161i djelatnici su nositelji presti\u017enih statusa\/titula Microsoft Regional Director, te\u202fMicrosoft Most Valuable Professional za podru\u010dja Microsoft 365. Posjeduju sljede\u0107e certifikate: MCT (Microsoft Certified Trainer), Slu\u017ebenik za za\u0161titu osobnih podataka (DPO), ISO 9001:2015 Interni auditor, Licesing specialist, Digital Business Transformation Management. Certifikati[vc_single_image image=\"23067\" img_size=\"full\"]","protected":false},"author":3,"featured_media":0,"parent":0,"menu_order":0,"comment_status":"closed","ping_status":"closed","template":"","meta":{"_acf_changed":false,"_monsterinsights_skip_tracking":false,"_monsterinsights_sitenote_active":false,"_monsterinsights_sitenote_note":"","_monsterinsights_sitenote_category":0,"footnotes":""},"class_list":["post-23066","page","type-page","status-publish","hentry"],"acf":[],"yoast_head":"<!-- This site is optimized with the Yoast SEO plugin v27.4 - https:\/\/yoast.com\/product\/yoast-seo-wordpress\/ -->\n<title>Tim - CITUS<\/title>\n<meta name=\"robots\" content=\"index, follow, max-snippet:-1, max-image-preview:large, max-video-preview:-1\" \/>\n<link rel=\"canonical\" href=\"https:\/\/citus.hr\/hr\/tim\/\" \/>\n<meta property=\"og:locale\" content=\"hr_HR\" \/>\n<meta property=\"og:type\" content=\"article\" \/>\n<meta property=\"og:title\" content=\"Tim - CITUS\" \/>\n<meta property=\"og:url\" content=\"https:\/\/citus.hr\/hr\/tim\/\" \/>\n<meta property=\"og:site_name\" content=\"CITUS\" \/>\n<meta property=\"article:publisher\" content=\"https:\/\/www.facebook.com\/citushr\" \/>\n<meta property=\"article:modified_time\" content=\"2024-01-12T12:49:29+00:00\" \/>\n<meta name=\"twitter:card\" content=\"summary_large_image\" \/>\n<meta name=\"twitter:label1\" content=\"Procijenjeno vrijeme \u010ditanja\" \/>\n\t<meta name=\"twitter:data1\" content=\"1 minuta\" \/>\n<script type=\"application\/ld+json\" class=\"yoast-schema-graph\">{\"@context\":\"https:\\\/\\\/schema.org\",\"@graph\":[{\"@type\":\"WebPage\",\"@id\":\"https:\\\/\\\/citus.hr\\\/hr\\\/tim\\\/\",\"url\":\"https:\\\/\\\/citus.hr\\\/hr\\\/tim\\\/\",\"name\":\"Tim - CITUS\",\"isPartOf\":{\"@id\":\"https:\\\/\\\/citus.hr\\\/hr\\\/#website\"},\"datePublished\":\"2020-07-21T12:40:35+00:00\",\"dateModified\":\"2024-01-12T12:49:29+00:00\",\"breadcrumb\":{\"@id\":\"https:\\\/\\\/citus.hr\\\/hr\\\/tim\\\/#breadcrumb\"},\"inLanguage\":\"hr\",\"potentialAction\":[{\"@type\":\"ReadAction\",\"target\":[\"https:\\\/\\\/citus.hr\\\/hr\\\/tim\\\/\"]}]},{\"@type\":\"BreadcrumbList\",\"@id\":\"https:\\\/\\\/citus.hr\\\/hr\\\/tim\\\/#breadcrumb\",\"itemListElement\":[{\"@type\":\"ListItem\",\"position\":1,\"name\":\"Po\u010detna stranica\",\"item\":\"https:\\\/\\\/citus.hr\\\/hr\\\/\"},{\"@type\":\"ListItem\",\"position\":2,\"name\":\"Tim\"}]},{\"@type\":\"WebSite\",\"@id\":\"https:\\\/\\\/citus.hr\\\/hr\\\/#website\",\"url\":\"https:\\\/\\\/citus.hr\\\/hr\\\/\",\"name\":\"CITUS\",\"description\":\"Innovation, Consulting, Education\",\"publisher\":{\"@id\":\"https:\\\/\\\/citus.hr\\\/hr\\\/#organization\"},\"potentialAction\":[{\"@type\":\"SearchAction\",\"target\":{\"@type\":\"EntryPoint\",\"urlTemplate\":\"https:\\\/\\\/citus.hr\\\/hr\\\/?s={search_term_string}\"},\"query-input\":{\"@type\":\"PropertyValueSpecification\",\"valueRequired\":true,\"valueName\":\"search_term_string\"}}],\"inLanguage\":\"hr\"},{\"@type\":\"Organization\",\"@id\":\"https:\\\/\\\/citus.hr\\\/hr\\\/#organization\",\"name\":\"Citus d.o.o.\",\"url\":\"https:\\\/\\\/citus.hr\\\/hr\\\/\",\"logo\":{\"@type\":\"ImageObject\",\"inLanguage\":\"hr\",\"@id\":\"https:\\\/\\\/citus.hr\\\/hr\\\/#\\\/schema\\\/logo\\\/image\\\/\",\"url\":\"https:\\\/\\\/citus.hr\\\/wp-content\\\/uploads\\\/2024\\\/01\\\/citus-tekst-1.png\",\"contentUrl\":\"https:\\\/\\\/citus.hr\\\/wp-content\\\/uploads\\\/2024\\\/01\\\/citus-tekst-1.png\",\"width\":645,\"height\":192,\"caption\":\"Citus d.o.o.\"},\"image\":{\"@id\":\"https:\\\/\\\/citus.hr\\\/hr\\\/#\\\/schema\\\/logo\\\/image\\\/\"},\"sameAs\":[\"https:\\\/\\\/www.facebook.com\\\/citushr\",\"https:\\\/\\\/www.linkedin.com\\\/company\\\/citus\\\/\",\"https:\\\/\\\/www.youtube.com\\\/channel\\\/UCHGE0kAKHVRUeZ8okys4Q0w\"]}]}<\/script>\n<!-- \/ Yoast SEO plugin. -->","yoast_head_json":{"title":"Tim - CITUS","robots":{"index":"index","follow":"follow","max-snippet":"max-snippet:-1","max-image-preview":"max-image-preview:large","max-video-preview":"max-video-preview:-1"},"canonical":"https:\/\/citus.hr\/hr\/tim\/","og_locale":"hr_HR","og_type":"article","og_title":"Tim - CITUS","og_url":"https:\/\/citus.hr\/hr\/tim\/","og_site_name":"CITUS","article_publisher":"https:\/\/www.facebook.com\/citushr","article_modified_time":"2024-01-12T12:49:29+00:00","twitter_card":"summary_large_image","twitter_misc":{"Procijenjeno vrijeme \u010ditanja":"1 minuta"},"schema":{"@context":"https:\/\/schema.org","@graph":[{"@type":"WebPage","@id":"https:\/\/citus.hr\/hr\/tim\/","url":"https:\/\/citus.hr\/hr\/tim\/","name":"Tim - CITUS","isPartOf":{"@id":"https:\/\/citus.hr\/hr\/#website"},"datePublished":"2020-07-21T12:40:35+00:00","dateModified":"2024-01-12T12:49:29+00:00","breadcrumb":{"@id":"https:\/\/citus.hr\/hr\/tim\/#breadcrumb"},"inLanguage":"hr","potentialAction":[{"@type":"ReadAction","target":["https:\/\/citus.hr\/hr\/tim\/"]}]},{"@type":"BreadcrumbList","@id":"https:\/\/citus.hr\/hr\/tim\/#breadcrumb","itemListElement":[{"@type":"ListItem","position":1,"name":"Po\u010detna stranica","item":"https:\/\/citus.hr\/hr\/"},{"@type":"ListItem","position":2,"name":"Tim"}]},{"@type":"WebSite","@id":"https:\/\/citus.hr\/hr\/#website","url":"https:\/\/citus.hr\/hr\/","name":"CITUS","description":"Innovation, Consulting, Education","publisher":{"@id":"https:\/\/citus.hr\/hr\/#organization"},"potentialAction":[{"@type":"SearchAction","target":{"@type":"EntryPoint","urlTemplate":"https:\/\/citus.hr\/hr\/?s={search_term_string}"},"query-input":{"@type":"PropertyValueSpecification","valueRequired":true,"valueName":"search_term_string"}}],"inLanguage":"hr"},{"@type":"Organization","@id":"https:\/\/citus.hr\/hr\/#organization","name":"Citus d.o.o.","url":"https:\/\/citus.hr\/hr\/","logo":{"@type":"ImageObject","inLanguage":"hr","@id":"https:\/\/citus.hr\/hr\/#\/schema\/logo\/image\/","url":"https:\/\/citus.hr\/wp-content\/uploads\/2024\/01\/citus-tekst-1.png","contentUrl":"https:\/\/citus.hr\/wp-content\/uploads\/2024\/01\/citus-tekst-1.png","width":645,"height":192,"caption":"Citus d.o.o."},"image":{"@id":"https:\/\/citus.hr\/hr\/#\/schema\/logo\/image\/"},"sameAs":["https:\/\/www.facebook.com\/citushr","https:\/\/www.linkedin.com\/company\/citus\/","https:\/\/www.youtube.com\/channel\/UCHGE0kAKHVRUeZ8okys4Q0w"]}]}},"_links":{"self":[{"href":"https:\/\/citus.hr\/hr\/wp-json\/wp\/v2\/pages\/23066","targetHints":{"allow":["GET"]}}],"collection":[{"href":"https:\/\/citus.hr\/hr\/wp-json\/wp\/v2\/pages"}],"about":[{"href":"https:\/\/citus.hr\/hr\/wp-json\/wp\/v2\/types\/page"}],"author":[{"embeddable":true,"href":"https:\/\/citus.hr\/hr\/wp-json\/wp\/v2\/users\/3"}],"replies":[{"embeddable":true,"href":"https:\/\/citus.hr\/hr\/wp-json\/wp\/v2\/comments?post=23066"}],"version-history":[{"count":20,"href":"https:\/\/citus.hr\/hr\/wp-json\/wp\/v2\/pages\/23066\/revisions"}],"predecessor-version":[{"id":26371,"href":"https:\/\/citus.hr\/hr\/wp-json\/wp\/v2\/pages\/23066\/revisions\/26371"}],"wp:attachment":[{"href":"https:\/\/citus.hr\/hr\/wp-json\/wp\/v2\/media?parent=23066"}],"curies":[{"name":"wp","href":"https:\/\/api.w.org\/{rel}","templated":true}]}}