{"id":23076,"date":"2020-07-21T14:56:49","date_gmt":"2020-07-21T12:56:49","guid":{"rendered":"http:\/\/confatnet.com\/?page_id=23076"},"modified":"2021-01-25T11:02:36","modified_gmt":"2021-01-25T09:02:36","slug":"certifikati-i-statusi","status":"publish","type":"page","link":"https:\/\/citus.hr\/hr\/certifikati-i-statusi\/","title":{"rendered":"Certifikati i statusi"},"content":{"rendered":"<div class=\"wpb-content-wrapper\"><section class=\"vc_row wpb_row vc_row-fluid\"><div class=\"wpb_column vc_column_container vc_col-sm-6  col-xs-mobile-fullwidth\"><div class=\"vc_column-inner \"><div class=\"wpb_wrapper\"><h6 class=\"text-extra-dark-gray margin-20px-bottom font-weight-600 display-inline-block alt-font heading-style2  heading-1\" >Citus tim kontinuirano se usavr\u0161ava i kroz politiku razvoja ljudskih potencijala unapre\u0111uju se znanja i vje\u0161tine svakog pojedinca.<\/h6><div class=\" vc_custom_1611565351992 last-paragraph-no-margin\"><p class=\"width-95 md-width-100\">Sukladno tome na\u0161i mnogobrojni me\u0111unarodni certifikati su dokaz tog pristupa.<\/p>\n<\/div><\/div><\/div><\/div><div class=\"wpb_column vc_column_container vc_col-sm-6  col-xs-mobile-fullwidth\"><div class=\"vc_column-inner \"><div class=\"wpb_wrapper\"><h6 class=\"text-extra-dark-gray margin-20px-bottom font-weight-600 display-inline-block alt-font heading-style2  heading-2\" >Certifikati<\/h6><ul class=\"no-padding list-style-10 list-style2-1 \"><li><i class=\"fa-solid fa-arrow-right text-extra-dark-gray\" aria-hidden=\"true\"><\/i><span>MVP (Microsoft Most Valuable Professional)<\/span><\/li><li><i class=\"fa-solid fa-arrow-right text-extra-dark-gray\" aria-hidden=\"true\"><\/i><span>MCT (Microsoft Certified Trainer)<\/span><\/li><li><i class=\"fa-solid fa-arrow-right text-extra-dark-gray\" aria-hidden=\"true\"><\/i><span>Slu\u017ebenik za za\u0161titu osobnih podataka (DPO)<\/span><\/li><li><i class=\"fa-solid fa-arrow-right text-extra-dark-gray\" aria-hidden=\"true\"><\/i><span>ISO 9001:2015 Interni auditor<\/span><\/li><li><i class=\"fa-solid fa-arrow-right text-extra-dark-gray\" aria-hidden=\"true\"><\/i><span>Licesing specialist<\/span><\/li><li><i class=\"fa-solid fa-arrow-right text-extra-dark-gray\" aria-hidden=\"true\"><\/i><span>Digital Business Transformator Management -<\/span><\/li><\/ul><h6 class=\"text-extra-dark-gray margin-20px-bottom font-weight-600 display-inline-block alt-font heading-style2  vc_custom_1610970454784  heading-3\" >Statusi<\/h6><ul class=\"no-padding list-style-10 list-style2-2 \"><li><i class=\"fa-solid fa-arrow-right text-extra-dark-gray\" aria-hidden=\"true\"><\/i><span>Microsoft Regional Director - <a href=\"https:\/\/rd.microsoft.com\/\" alt=\"Microsoft Regional Director web\" target=\"_blank\">rd.microsoft.com<\/a><\/span><\/li><li><i class=\"fa-solid fa-arrow-right text-extra-dark-gray\" aria-hidden=\"true\"><\/i><span>MVP (Microsoft Most Valuable Professional) - <a href=\"http:\/\/mvp.microsoft.com\/\"  alt=\"Microsoft Most Valuable Professional web\" target=\"_blank\">mvp.microsoft.com<\/a><\/span><\/li><\/ul><\/div><\/div><\/div><\/section>\n<\/div>","protected":false},"excerpt":{"rendered":"Citus tim kontinuirano se usavr\u0161ava i kroz politiku razvoja ljudskih potencijala unapre\u0111uju se znanja i vje\u0161tine svakog pojedinca.Sukladno tome na\u0161i mnogobrojni me\u0111unarodni certifikati su dokaz tog pristupa. CertifikatiMVP (Microsoft Most Valuable Professional)MCT (Microsoft Certified Trainer)Slu\u017ebenik za za\u0161titu osobnih podataka (DPO)ISO 9001:2015 Interni auditorLicesing specialistDigital Business Transformator Management -StatusiMicrosoft Regional Director - rd.microsoft.comMVP (Microsoft Most Valuable Professional) - mvp.microsoft.com","protected":false},"author":3,"featured_media":0,"parent":0,"menu_order":0,"comment_status":"closed","ping_status":"closed","template":"","meta":{"_acf_changed":false,"_monsterinsights_skip_tracking":false,"_monsterinsights_sitenote_active":false,"_monsterinsights_sitenote_note":"","_monsterinsights_sitenote_category":0,"footnotes":""},"class_list":["post-23076","page","type-page","status-publish","hentry"],"acf":[],"yoast_head":"<!-- This site is optimized with the Yoast SEO plugin v27.4 - https:\/\/yoast.com\/product\/yoast-seo-wordpress\/ -->\n<title>Certifikati i statusi - CITUS<\/title>\n<meta name=\"robots\" content=\"index, follow, max-snippet:-1, max-image-preview:large, max-video-preview:-1\" \/>\n<link rel=\"canonical\" href=\"https:\/\/citus.hr\/hr\/certifikati-i-statusi\/\" \/>\n<meta property=\"og:locale\" content=\"hr_HR\" \/>\n<meta property=\"og:type\" content=\"article\" \/>\n<meta property=\"og:title\" content=\"Certifikati i statusi - CITUS\" \/>\n<meta property=\"og:url\" content=\"https:\/\/citus.hr\/hr\/certifikati-i-statusi\/\" \/>\n<meta property=\"og:site_name\" content=\"CITUS\" \/>\n<meta property=\"article:publisher\" content=\"https:\/\/www.facebook.com\/citushr\" \/>\n<meta property=\"article:modified_time\" content=\"2021-01-25T09:02:36+00:00\" \/>\n<meta name=\"twitter:card\" content=\"summary_large_image\" \/>\n<meta name=\"twitter:label1\" content=\"Procijenjeno vrijeme \u010ditanja\" \/>\n\t<meta name=\"twitter:data1\" content=\"2 minute\" \/>\n<script type=\"application\/ld+json\" class=\"yoast-schema-graph\">{\"@context\":\"https:\\\/\\\/schema.org\",\"@graph\":[{\"@type\":\"WebPage\",\"@id\":\"https:\\\/\\\/citus.hr\\\/hr\\\/certifikati-i-statusi\\\/\",\"url\":\"https:\\\/\\\/citus.hr\\\/hr\\\/certifikati-i-statusi\\\/\",\"name\":\"Certifikati i statusi - CITUS\",\"isPartOf\":{\"@id\":\"https:\\\/\\\/citus.hr\\\/hr\\\/#website\"},\"datePublished\":\"2020-07-21T12:56:49+00:00\",\"dateModified\":\"2021-01-25T09:02:36+00:00\",\"breadcrumb\":{\"@id\":\"https:\\\/\\\/citus.hr\\\/hr\\\/certifikati-i-statusi\\\/#breadcrumb\"},\"inLanguage\":\"hr\",\"potentialAction\":[{\"@type\":\"ReadAction\",\"target\":[\"https:\\\/\\\/citus.hr\\\/hr\\\/certifikati-i-statusi\\\/\"]}]},{\"@type\":\"BreadcrumbList\",\"@id\":\"https:\\\/\\\/citus.hr\\\/hr\\\/certifikati-i-statusi\\\/#breadcrumb\",\"itemListElement\":[{\"@type\":\"ListItem\",\"position\":1,\"name\":\"Po\u010detna stranica\",\"item\":\"https:\\\/\\\/citus.hr\\\/hr\\\/\"},{\"@type\":\"ListItem\",\"position\":2,\"name\":\"Certifikati i statusi\"}]},{\"@type\":\"WebSite\",\"@id\":\"https:\\\/\\\/citus.hr\\\/hr\\\/#website\",\"url\":\"https:\\\/\\\/citus.hr\\\/hr\\\/\",\"name\":\"CITUS\",\"description\":\"Innovation, Consulting, Education\",\"publisher\":{\"@id\":\"https:\\\/\\\/citus.hr\\\/hr\\\/#organization\"},\"potentialAction\":[{\"@type\":\"SearchAction\",\"target\":{\"@type\":\"EntryPoint\",\"urlTemplate\":\"https:\\\/\\\/citus.hr\\\/hr\\\/?s={search_term_string}\"},\"query-input\":{\"@type\":\"PropertyValueSpecification\",\"valueRequired\":true,\"valueName\":\"search_term_string\"}}],\"inLanguage\":\"hr\"},{\"@type\":\"Organization\",\"@id\":\"https:\\\/\\\/citus.hr\\\/hr\\\/#organization\",\"name\":\"Citus d.o.o.\",\"url\":\"https:\\\/\\\/citus.hr\\\/hr\\\/\",\"logo\":{\"@type\":\"ImageObject\",\"inLanguage\":\"hr\",\"@id\":\"https:\\\/\\\/citus.hr\\\/hr\\\/#\\\/schema\\\/logo\\\/image\\\/\",\"url\":\"https:\\\/\\\/citus.hr\\\/wp-content\\\/uploads\\\/2024\\\/01\\\/citus-tekst-1.png\",\"contentUrl\":\"https:\\\/\\\/citus.hr\\\/wp-content\\\/uploads\\\/2024\\\/01\\\/citus-tekst-1.png\",\"width\":645,\"height\":192,\"caption\":\"Citus d.o.o.\"},\"image\":{\"@id\":\"https:\\\/\\\/citus.hr\\\/hr\\\/#\\\/schema\\\/logo\\\/image\\\/\"},\"sameAs\":[\"https:\\\/\\\/www.facebook.com\\\/citushr\",\"https:\\\/\\\/www.linkedin.com\\\/company\\\/citus\\\/\",\"https:\\\/\\\/www.youtube.com\\\/channel\\\/UCHGE0kAKHVRUeZ8okys4Q0w\"]}]}<\/script>\n<!-- \/ Yoast SEO plugin. -->","yoast_head_json":{"title":"Certifikati i statusi - CITUS","robots":{"index":"index","follow":"follow","max-snippet":"max-snippet:-1","max-image-preview":"max-image-preview:large","max-video-preview":"max-video-preview:-1"},"canonical":"https:\/\/citus.hr\/hr\/certifikati-i-statusi\/","og_locale":"hr_HR","og_type":"article","og_title":"Certifikati i statusi - CITUS","og_url":"https:\/\/citus.hr\/hr\/certifikati-i-statusi\/","og_site_name":"CITUS","article_publisher":"https:\/\/www.facebook.com\/citushr","article_modified_time":"2021-01-25T09:02:36+00:00","twitter_card":"summary_large_image","twitter_misc":{"Procijenjeno vrijeme \u010ditanja":"2 minute"},"schema":{"@context":"https:\/\/schema.org","@graph":[{"@type":"WebPage","@id":"https:\/\/citus.hr\/hr\/certifikati-i-statusi\/","url":"https:\/\/citus.hr\/hr\/certifikati-i-statusi\/","name":"Certifikati i statusi - CITUS","isPartOf":{"@id":"https:\/\/citus.hr\/hr\/#website"},"datePublished":"2020-07-21T12:56:49+00:00","dateModified":"2021-01-25T09:02:36+00:00","breadcrumb":{"@id":"https:\/\/citus.hr\/hr\/certifikati-i-statusi\/#breadcrumb"},"inLanguage":"hr","potentialAction":[{"@type":"ReadAction","target":["https:\/\/citus.hr\/hr\/certifikati-i-statusi\/"]}]},{"@type":"BreadcrumbList","@id":"https:\/\/citus.hr\/hr\/certifikati-i-statusi\/#breadcrumb","itemListElement":[{"@type":"ListItem","position":1,"name":"Po\u010detna stranica","item":"https:\/\/citus.hr\/hr\/"},{"@type":"ListItem","position":2,"name":"Certifikati i statusi"}]},{"@type":"WebSite","@id":"https:\/\/citus.hr\/hr\/#website","url":"https:\/\/citus.hr\/hr\/","name":"CITUS","description":"Innovation, Consulting, Education","publisher":{"@id":"https:\/\/citus.hr\/hr\/#organization"},"potentialAction":[{"@type":"SearchAction","target":{"@type":"EntryPoint","urlTemplate":"https:\/\/citus.hr\/hr\/?s={search_term_string}"},"query-input":{"@type":"PropertyValueSpecification","valueRequired":true,"valueName":"search_term_string"}}],"inLanguage":"hr"},{"@type":"Organization","@id":"https:\/\/citus.hr\/hr\/#organization","name":"Citus d.o.o.","url":"https:\/\/citus.hr\/hr\/","logo":{"@type":"ImageObject","inLanguage":"hr","@id":"https:\/\/citus.hr\/hr\/#\/schema\/logo\/image\/","url":"https:\/\/citus.hr\/wp-content\/uploads\/2024\/01\/citus-tekst-1.png","contentUrl":"https:\/\/citus.hr\/wp-content\/uploads\/2024\/01\/citus-tekst-1.png","width":645,"height":192,"caption":"Citus d.o.o."},"image":{"@id":"https:\/\/citus.hr\/hr\/#\/schema\/logo\/image\/"},"sameAs":["https:\/\/www.facebook.com\/citushr","https:\/\/www.linkedin.com\/company\/citus\/","https:\/\/www.youtube.com\/channel\/UCHGE0kAKHVRUeZ8okys4Q0w"]}]}},"_links":{"self":[{"href":"https:\/\/citus.hr\/hr\/wp-json\/wp\/v2\/pages\/23076","targetHints":{"allow":["GET"]}}],"collection":[{"href":"https:\/\/citus.hr\/hr\/wp-json\/wp\/v2\/pages"}],"about":[{"href":"https:\/\/citus.hr\/hr\/wp-json\/wp\/v2\/types\/page"}],"author":[{"embeddable":true,"href":"https:\/\/citus.hr\/hr\/wp-json\/wp\/v2\/users\/3"}],"replies":[{"embeddable":true,"href":"https:\/\/citus.hr\/hr\/wp-json\/wp\/v2\/comments?post=23076"}],"version-history":[{"count":16,"href":"https:\/\/citus.hr\/hr\/wp-json\/wp\/v2\/pages\/23076\/revisions"}],"predecessor-version":[{"id":26040,"href":"https:\/\/citus.hr\/hr\/wp-json\/wp\/v2\/pages\/23076\/revisions\/26040"}],"wp:attachment":[{"href":"https:\/\/citus.hr\/hr\/wp-json\/wp\/v2\/media?parent=23076"}],"curies":[{"name":"wp","href":"https:\/\/api.w.org\/{rel}","templated":true}]}}