{"id":23105,"date":"2020-07-21T16:46:47","date_gmt":"2020-07-21T14:46:47","guid":{"rendered":"http:\/\/confatnet.com\/?page_id=23105"},"modified":"2024-01-12T14:52:36","modified_gmt":"2024-01-12T12:52:36","slug":"patenti","status":"publish","type":"page","link":"https:\/\/citus.hr\/hr\/patenti\/","title":{"rendered":"Patenti"},"content":{"rendered":"<div class=\"wpb-content-wrapper\"><section class=\"vc_row wpb_row vc_row-fluid\"><div class=\"wpb_column vc_column_container vc_col-sm-4  col-xs-mobile-fullwidth\"><div class=\"vc_column-inner \"><div class=\"wpb_wrapper\"><h5 class=\"text-extra-dark-gray margin-20px-bottom font-weight-600 display-block alt-font heading-style2  heading-1\" >C@N PersonRecog<\/h5><div class=\"separator-line-horrizontal-full bg-extra-light-gray pull-left pofo-separator  vc_custom_1705063917836\" style=\"background-color:#f36118; width: 100px;\"><\/div><\/div><\/div><\/div><div class=\"wpb_column vc_column_container vc_col-sm-8  col-xs-mobile-fullwidth\"><div class=\"vc_column-inner \"><div class=\"wpb_wrapper\"><div class=\"last-paragraph-no-margin\"><h6 class=\"text-extra-dark-gray margin-10px-bottom font-weight-600 display-block alt-font heading-style2 heading-2\">PK20150706<\/h6>\n<p>sklop za ra\u010dunalno odre\u0111ivanje spola i dobi osobe na bazi analize digitalno utvr\u0111enih obilje\u017eja lica i tijela u realnom vremenu, bez potrebe za prethodnim stvaranjem baze slika lica i tijela.<\/p>\n<\/div><a  href=\"\/personrecog\" target=\"_self\" class=\"btn pofo-button-1 button-style3  btn-transparent-black  btn-medium   vc_custom_1595344476414\" >C@N Person Recog<i class=\"fa fas fa-arrow-right   margin-5px-left no-margin-right\" aria-hidden=\"true\"><\/i><\/a><\/div><\/div><\/div><\/section><section class=\"vc_row wpb_row vc_row-fluid  vc_custom_1595344922211\"><div class=\"wpb_column vc_column_container vc_col-sm-4  col-xs-mobile-fullwidth\"><div class=\"vc_column-inner \"><div class=\"wpb_wrapper\"><h5 class=\"text-extra-dark-gray margin-20px-bottom font-weight-600 display-block alt-font heading-style2  heading-2\" >C@N eMotion<\/h5><div class=\"separator-line-horrizontal-full bg-extra-light-gray pull-left pofo-separator  vc_custom_1595344598535\" style=\"background-color:#f36118; width: 100px;\"><\/div><\/div><\/div><\/div><div class=\"wpb_column vc_column_container vc_col-sm-8  col-xs-mobile-fullwidth\"><div class=\"vc_column-inner \"><div class=\"wpb_wrapper\"><div class=\"last-paragraph-no-margin\"><h6 class=\"text-extra-dark-gray margin-10px-bottom font-weight-600 display-block alt-font heading-style2 heading-2\">PK20140943<\/h6>\n<p>sklop za upravljanje ra\u010dunalnim korisni\u010dkim su\u010deljem na bazi prepoznavanja izraza ljudskog lica u realnom vremenu bez potrebe za prethodnim stvaranjem baze izraza lica<\/p>\n<\/div><a  href=\"\/can-emotion\" target=\"_self\" class=\"btn pofo-button-2 button-style3  btn-transparent-black  btn-medium   vc_custom_1595345169016\" >C@N eMotion<i class=\"fa fas fa-arrow-right   margin-5px-left no-margin-right\" aria-hidden=\"true\"><\/i><\/a><\/div><\/div><\/div><\/section><section class=\"vc_row wpb_row vc_row-fluid  vc_custom_1595344922211\"><div class=\"wpb_column vc_column_container vc_col-sm-4  col-xs-mobile-fullwidth\"><div class=\"vc_column-inner \"><div class=\"wpb_wrapper\"><h5 class=\"text-extra-dark-gray margin-20px-bottom font-weight-600 display-block alt-font heading-style2  heading-3\" >C@N Motion<\/h5><div class=\"separator-line-horrizontal-full bg-extra-light-gray pull-left pofo-separator  vc_custom_1595344598535\" style=\"background-color:#f36118; width: 100px;\"><\/div><\/div><\/div><\/div><div class=\"wpb_column vc_column_container vc_col-sm-8  col-xs-mobile-fullwidth\"><div class=\"vc_column-inner \"><div class=\"wpb_wrapper\"><div class=\"last-paragraph-no-margin\"><h6 class=\"text-extra-dark-gray margin-10px-bottom font-weight-600 display-block alt-font heading-style2 heading-2\">PK20130471<\/h6>\n<p>univerzalni sklop za upravljanje korisni\u010dkim su\u010deljem ra\u010dunala detekcijom kretanja\/pokreta ljudskog tijela<\/p>\n<\/div><a  href=\"\/can-motion\" target=\"_self\" class=\"btn pofo-button-3 button-style3  btn-transparent-black  btn-medium   vc_custom_1674553737328\" >C@N Motion<i class=\"fa fas fa-arrow-right   margin-5px-left no-margin-right\" aria-hidden=\"true\"><\/i><\/a><\/div><\/div><\/div><\/section><section class=\"vc_row wpb_row vc_row-fluid  vc_custom_1595344922211\"><div class=\"wpb_column vc_column_container vc_col-sm-4  col-xs-mobile-fullwidth\"><div class=\"vc_column-inner \"><div class=\"wpb_wrapper\"><h5 class=\"text-extra-dark-gray margin-20px-bottom font-weight-600 display-block alt-font heading-style2  heading-4\" >AKVIZ<\/h5><div class=\"separator-line-horrizontal-full bg-extra-light-gray pull-left pofo-separator  vc_custom_1595344598535\" style=\"background-color:#f36118; width: 100px;\"><\/div><\/div><\/div><\/div><div class=\"wpb_column vc_column_container vc_col-sm-8  col-xs-mobile-fullwidth\"><div class=\"vc_column-inner \"><div class=\"wpb_wrapper\"><div class=\"last-paragraph-no-margin\"><h6 class=\"text-extra-dark-gray margin-10px-bottom font-weight-600 display-block alt-font heading-style2 heading-2\">PK20010351<\/h6>\n<p>sustav akvizicije podataka s mobilnih ure\u0111aja<\/p>\n<\/div><\/div><\/div><\/div><\/section><section class=\"vc_row wpb_row vc_row-fluid  vc_custom_1595344922211\"><div class=\"wpb_column vc_column_container vc_col-sm-4  col-xs-mobile-fullwidth\"><div class=\"vc_column-inner \"><div class=\"wpb_wrapper\"><h5 class=\"text-extra-dark-gray margin-20px-bottom font-weight-600 display-block alt-font heading-style2  heading-5\" >IPSOL<\/h5><div class=\"separator-line-horrizontal-full bg-extra-light-gray pull-left pofo-separator  vc_custom_1595344598535\" style=\"background-color:#f36118; width: 100px;\"><\/div><\/div><\/div><\/div><div class=\"wpb_column vc_column_container vc_col-sm-8  col-xs-mobile-fullwidth\"><div class=\"vc_column-inner \"><div class=\"wpb_wrapper\"><div class=\"last-paragraph-no-margin\"><h6 class=\"text-extra-dark-gray margin-10px-bottom font-weight-600 display-block alt-font heading-style2 heading-2\">PK20000817<\/h6>\n<p>distribuirani informacijski sustav baziran na Internetu kao mediju komunikacije izme\u0111u ra\u010dunala klijenta i poslu\u017eitelja<\/p>\n<\/div><\/div><\/div><\/div><\/section>\n<\/div>","protected":false},"excerpt":{"rendered":"C@N PersonRecogPK20150706 sklop za ra\u010dunalno odre\u0111ivanje spola i dobi osobe na bazi analize digitalno utvr\u0111enih obilje\u017eja lica i tijela u realnom vremenu, bez potrebe za prethodnim stvaranjem baze slika lica i tijela. C@N Person RecogC@N eMotionPK20140943 sklop za upravljanje ra\u010dunalnim korisni\u010dkim su\u010deljem na bazi prepoznavanja izraza ljudskog lica u realnom vremenu bez potrebe za prethodnim stvaranjem baze izraza lica C@N eMotionC@N MotionPK20130471 univerzalni sklop za upravljanje korisni\u010dkim su\u010deljem ra\u010dunala detekcijom kretanja\/pokreta ljudskog tijela C@N MotionAKVIZPK20010351 sustav akvizicije podataka s mobilnih ure\u0111aja IPSOLPK20000817 distribuirani informacijski sustav baziran na Internetu kao mediju komunikacije izme\u0111u ra\u010dunala klijenta i poslu\u017eitelja","protected":false},"author":3,"featured_media":0,"parent":0,"menu_order":0,"comment_status":"closed","ping_status":"closed","template":"","meta":{"_acf_changed":false,"_monsterinsights_skip_tracking":false,"_monsterinsights_sitenote_active":false,"_monsterinsights_sitenote_note":"","_monsterinsights_sitenote_category":0,"footnotes":""},"class_list":["post-23105","page","type-page","status-publish","hentry"],"acf":[],"yoast_head":"<!-- This site is optimized with the Yoast SEO plugin v27.4 - https:\/\/yoast.com\/product\/yoast-seo-wordpress\/ -->\n<title>Patenti - CITUS<\/title>\n<meta name=\"robots\" content=\"index, follow, max-snippet:-1, max-image-preview:large, max-video-preview:-1\" \/>\n<link rel=\"canonical\" href=\"https:\/\/citus.hr\/hr\/patenti\/\" \/>\n<meta property=\"og:locale\" content=\"hr_HR\" \/>\n<meta property=\"og:type\" content=\"article\" \/>\n<meta property=\"og:title\" content=\"Patenti - CITUS\" \/>\n<meta property=\"og:url\" content=\"https:\/\/citus.hr\/hr\/patenti\/\" \/>\n<meta property=\"og:site_name\" content=\"CITUS\" \/>\n<meta property=\"article:publisher\" content=\"https:\/\/www.facebook.com\/citushr\" \/>\n<meta property=\"article:modified_time\" content=\"2024-01-12T12:52:36+00:00\" \/>\n<meta name=\"twitter:card\" content=\"summary_large_image\" \/>\n<meta name=\"twitter:label1\" content=\"Procijenjeno vrijeme \u010ditanja\" \/>\n\t<meta name=\"twitter:data1\" content=\"1 minuta\" \/>\n<script type=\"application\/ld+json\" class=\"yoast-schema-graph\">{\"@context\":\"https:\\\/\\\/schema.org\",\"@graph\":[{\"@type\":\"WebPage\",\"@id\":\"https:\\\/\\\/citus.hr\\\/hr\\\/patenti\\\/\",\"url\":\"https:\\\/\\\/citus.hr\\\/hr\\\/patenti\\\/\",\"name\":\"Patenti - CITUS\",\"isPartOf\":{\"@id\":\"https:\\\/\\\/citus.hr\\\/hr\\\/#website\"},\"datePublished\":\"2020-07-21T14:46:47+00:00\",\"dateModified\":\"2024-01-12T12:52:36+00:00\",\"breadcrumb\":{\"@id\":\"https:\\\/\\\/citus.hr\\\/hr\\\/patenti\\\/#breadcrumb\"},\"inLanguage\":\"hr\",\"potentialAction\":[{\"@type\":\"ReadAction\",\"target\":[\"https:\\\/\\\/citus.hr\\\/hr\\\/patenti\\\/\"]}]},{\"@type\":\"BreadcrumbList\",\"@id\":\"https:\\\/\\\/citus.hr\\\/hr\\\/patenti\\\/#breadcrumb\",\"itemListElement\":[{\"@type\":\"ListItem\",\"position\":1,\"name\":\"Po\u010detna stranica\",\"item\":\"https:\\\/\\\/citus.hr\\\/hr\\\/\"},{\"@type\":\"ListItem\",\"position\":2,\"name\":\"Patenti\"}]},{\"@type\":\"WebSite\",\"@id\":\"https:\\\/\\\/citus.hr\\\/hr\\\/#website\",\"url\":\"https:\\\/\\\/citus.hr\\\/hr\\\/\",\"name\":\"CITUS\",\"description\":\"Innovation, Consulting, Education\",\"publisher\":{\"@id\":\"https:\\\/\\\/citus.hr\\\/hr\\\/#organization\"},\"potentialAction\":[{\"@type\":\"SearchAction\",\"target\":{\"@type\":\"EntryPoint\",\"urlTemplate\":\"https:\\\/\\\/citus.hr\\\/hr\\\/?s={search_term_string}\"},\"query-input\":{\"@type\":\"PropertyValueSpecification\",\"valueRequired\":true,\"valueName\":\"search_term_string\"}}],\"inLanguage\":\"hr\"},{\"@type\":\"Organization\",\"@id\":\"https:\\\/\\\/citus.hr\\\/hr\\\/#organization\",\"name\":\"Citus d.o.o.\",\"url\":\"https:\\\/\\\/citus.hr\\\/hr\\\/\",\"logo\":{\"@type\":\"ImageObject\",\"inLanguage\":\"hr\",\"@id\":\"https:\\\/\\\/citus.hr\\\/hr\\\/#\\\/schema\\\/logo\\\/image\\\/\",\"url\":\"https:\\\/\\\/citus.hr\\\/wp-content\\\/uploads\\\/2024\\\/01\\\/citus-tekst-1.png\",\"contentUrl\":\"https:\\\/\\\/citus.hr\\\/wp-content\\\/uploads\\\/2024\\\/01\\\/citus-tekst-1.png\",\"width\":645,\"height\":192,\"caption\":\"Citus d.o.o.\"},\"image\":{\"@id\":\"https:\\\/\\\/citus.hr\\\/hr\\\/#\\\/schema\\\/logo\\\/image\\\/\"},\"sameAs\":[\"https:\\\/\\\/www.facebook.com\\\/citushr\",\"https:\\\/\\\/www.linkedin.com\\\/company\\\/citus\\\/\",\"https:\\\/\\\/www.youtube.com\\\/channel\\\/UCHGE0kAKHVRUeZ8okys4Q0w\"]}]}<\/script>\n<!-- \/ Yoast SEO plugin. -->","yoast_head_json":{"title":"Patenti - CITUS","robots":{"index":"index","follow":"follow","max-snippet":"max-snippet:-1","max-image-preview":"max-image-preview:large","max-video-preview":"max-video-preview:-1"},"canonical":"https:\/\/citus.hr\/hr\/patenti\/","og_locale":"hr_HR","og_type":"article","og_title":"Patenti - CITUS","og_url":"https:\/\/citus.hr\/hr\/patenti\/","og_site_name":"CITUS","article_publisher":"https:\/\/www.facebook.com\/citushr","article_modified_time":"2024-01-12T12:52:36+00:00","twitter_card":"summary_large_image","twitter_misc":{"Procijenjeno vrijeme \u010ditanja":"1 minuta"},"schema":{"@context":"https:\/\/schema.org","@graph":[{"@type":"WebPage","@id":"https:\/\/citus.hr\/hr\/patenti\/","url":"https:\/\/citus.hr\/hr\/patenti\/","name":"Patenti - CITUS","isPartOf":{"@id":"https:\/\/citus.hr\/hr\/#website"},"datePublished":"2020-07-21T14:46:47+00:00","dateModified":"2024-01-12T12:52:36+00:00","breadcrumb":{"@id":"https:\/\/citus.hr\/hr\/patenti\/#breadcrumb"},"inLanguage":"hr","potentialAction":[{"@type":"ReadAction","target":["https:\/\/citus.hr\/hr\/patenti\/"]}]},{"@type":"BreadcrumbList","@id":"https:\/\/citus.hr\/hr\/patenti\/#breadcrumb","itemListElement":[{"@type":"ListItem","position":1,"name":"Po\u010detna stranica","item":"https:\/\/citus.hr\/hr\/"},{"@type":"ListItem","position":2,"name":"Patenti"}]},{"@type":"WebSite","@id":"https:\/\/citus.hr\/hr\/#website","url":"https:\/\/citus.hr\/hr\/","name":"CITUS","description":"Innovation, Consulting, Education","publisher":{"@id":"https:\/\/citus.hr\/hr\/#organization"},"potentialAction":[{"@type":"SearchAction","target":{"@type":"EntryPoint","urlTemplate":"https:\/\/citus.hr\/hr\/?s={search_term_string}"},"query-input":{"@type":"PropertyValueSpecification","valueRequired":true,"valueName":"search_term_string"}}],"inLanguage":"hr"},{"@type":"Organization","@id":"https:\/\/citus.hr\/hr\/#organization","name":"Citus d.o.o.","url":"https:\/\/citus.hr\/hr\/","logo":{"@type":"ImageObject","inLanguage":"hr","@id":"https:\/\/citus.hr\/hr\/#\/schema\/logo\/image\/","url":"https:\/\/citus.hr\/wp-content\/uploads\/2024\/01\/citus-tekst-1.png","contentUrl":"https:\/\/citus.hr\/wp-content\/uploads\/2024\/01\/citus-tekst-1.png","width":645,"height":192,"caption":"Citus d.o.o."},"image":{"@id":"https:\/\/citus.hr\/hr\/#\/schema\/logo\/image\/"},"sameAs":["https:\/\/www.facebook.com\/citushr","https:\/\/www.linkedin.com\/company\/citus\/","https:\/\/www.youtube.com\/channel\/UCHGE0kAKHVRUeZ8okys4Q0w"]}]}},"_links":{"self":[{"href":"https:\/\/citus.hr\/hr\/wp-json\/wp\/v2\/pages\/23105","targetHints":{"allow":["GET"]}}],"collection":[{"href":"https:\/\/citus.hr\/hr\/wp-json\/wp\/v2\/pages"}],"about":[{"href":"https:\/\/citus.hr\/hr\/wp-json\/wp\/v2\/types\/page"}],"author":[{"embeddable":true,"href":"https:\/\/citus.hr\/hr\/wp-json\/wp\/v2\/users\/3"}],"replies":[{"embeddable":true,"href":"https:\/\/citus.hr\/hr\/wp-json\/wp\/v2\/comments?post=23105"}],"version-history":[{"count":45,"href":"https:\/\/citus.hr\/hr\/wp-json\/wp\/v2\/pages\/23105\/revisions"}],"predecessor-version":[{"id":28327,"href":"https:\/\/citus.hr\/hr\/wp-json\/wp\/v2\/pages\/23105\/revisions\/28327"}],"wp:attachment":[{"href":"https:\/\/citus.hr\/hr\/wp-json\/wp\/v2\/media?parent=23105"}],"curies":[{"name":"wp","href":"https:\/\/api.w.org\/{rel}","templated":true}]}}