{"id":23134,"date":"2020-07-21T17:43:03","date_gmt":"2020-07-21T15:43:03","guid":{"rendered":"http:\/\/confatnet.com\/?page_id=23134"},"modified":"2025-06-05T13:26:50","modified_gmt":"2025-06-05T11:26:50","slug":"politika-kvalitete","status":"publish","type":"page","link":"https:\/\/citus.hr\/hr\/politika-kvalitete\/","title":{"rendered":"Politika kvalitete"},"content":{"rendered":"<div class=\"wpb-content-wrapper\"><section class=\"vc_row wpb_row vc_row-fluid\"><div class=\"wpb_column vc_column_container vc_col-sm-3  col-xs-mobile-fullwidth xs-text-center pofo-column-responsive-69f383a4ccbe2\"><div class=\"vc_column-inner \"><div class=\"wpb_wrapper\"><div class=\"last-paragraph-no-margin\"><p style=\"text-align: center;\"><img loading=\"lazy\" decoding=\"async\" class=\"alignnone wp-image-29404\" src=\"https:\/\/citus.hr\/wp-content\/uploads\/2025\/05\/IQNET-Cert-Znak-Spojeni2.svg\" alt=\"\" width=\"272\" height=\"93\" \/><\/p>\n<\/div>[vc_empty_space height=&#8221;30px&#8221;]<a class=\"modal-popup btn-large btn btn-rounded btn-transparent-dark-gray  pofo-button-1\" href=\"#modal-popup-siq\">SIQ certifikat<\/a><div id=\"modal-popup-siq\" class=\"white-popup-block mfp-hide center-col bg-white text-center modal-popup-main padding-50px-all  col-lg-3 col-md-6 col-xs-11 col-sm-7\"><h6 class=\"text-extra-large text-extra-dark-gray alt-font font-weight-600 margin-15px-bottom\">SIQ ISO 9001:2015 certifikat<\/h6><p class=\"margin-four\"><img loading=\"lazy\" decoding=\"async\" class=\"alignnone size-full wp-image-29408\" src=\"https:\/\/citus.hr\/wp-content\/uploads\/2025\/05\/SIQ_ISO_9001-2015_Certifikat_2024_Page_1-scaled.jpg\" alt=\"\" width=\"1810\" height=\"2560\" srcset=\"https:\/\/citus.hr\/wp-content\/uploads\/2025\/05\/SIQ_ISO_9001-2015_Certifikat_2024_Page_1-scaled.jpg 1810w, https:\/\/citus.hr\/wp-content\/uploads\/2025\/05\/SIQ_ISO_9001-2015_Certifikat_2024_Page_1-212x300.jpg 212w, https:\/\/citus.hr\/wp-content\/uploads\/2025\/05\/SIQ_ISO_9001-2015_Certifikat_2024_Page_1-724x1024.jpg 724w, https:\/\/citus.hr\/wp-content\/uploads\/2025\/05\/SIQ_ISO_9001-2015_Certifikat_2024_Page_1-768x1086.jpg 768w, https:\/\/citus.hr\/wp-content\/uploads\/2025\/05\/SIQ_ISO_9001-2015_Certifikat_2024_Page_1-1086x1536.jpg 1086w, https:\/\/citus.hr\/wp-content\/uploads\/2025\/05\/SIQ_ISO_9001-2015_Certifikat_2024_Page_1-1448x2048.jpg 1448w, https:\/\/citus.hr\/wp-content\/uploads\/2025\/05\/SIQ_ISO_9001-2015_Certifikat_2024_Page_1-545x771.jpg 545w, https:\/\/citus.hr\/wp-content\/uploads\/2025\/05\/SIQ_ISO_9001-2015_Certifikat_2024_Page_1-120x170.jpg 120w, https:\/\/citus.hr\/wp-content\/uploads\/2025\/05\/SIQ_ISO_9001-2015_Certifikat_2024_Page_1-81x115.jpg 81w\" sizes=\"auto, (max-width: 1810px) 100vw, 1810px\" \/><\/p><a class=\"btn-large btn btn-rounded btn-dark-gray popup-modal-dismiss\" href=\"#\">Zatvorite<\/a><\/div>[vc_empty_space height=&#8221;30px&#8221;]<a class=\"modal-popup btn-large btn btn-rounded btn-transparent-dark-gray  pofo-button-2\" href=\"#modal-popup-iqnet\">IQNet certifikat<\/a><div id=\"modal-popup-iqnet\" class=\"white-popup-block mfp-hide center-col bg-white text-center modal-popup-main padding-50px-all  col-lg-3 col-md-6 col-xs-11 col-sm-7\"><h6 class=\"text-extra-large text-extra-dark-gray alt-font font-weight-600 margin-15px-bottom\">IQNet ISO 9001:2015 certifikat<\/h6><p class=\"margin-four\"><img loading=\"lazy\" decoding=\"async\" class=\"alignnone size-full wp-image-29411\" src=\"https:\/\/citus.hr\/wp-content\/uploads\/2025\/05\/SIQ_ISO_9001-2015_Certifikat_2024_Page_2-scaled.jpg\" alt=\"\" width=\"1810\" height=\"2560\" srcset=\"https:\/\/citus.hr\/wp-content\/uploads\/2025\/05\/SIQ_ISO_9001-2015_Certifikat_2024_Page_2-scaled.jpg 1810w, https:\/\/citus.hr\/wp-content\/uploads\/2025\/05\/SIQ_ISO_9001-2015_Certifikat_2024_Page_2-212x300.jpg 212w, https:\/\/citus.hr\/wp-content\/uploads\/2025\/05\/SIQ_ISO_9001-2015_Certifikat_2024_Page_2-724x1024.jpg 724w, https:\/\/citus.hr\/wp-content\/uploads\/2025\/05\/SIQ_ISO_9001-2015_Certifikat_2024_Page_2-768x1086.jpg 768w, https:\/\/citus.hr\/wp-content\/uploads\/2025\/05\/SIQ_ISO_9001-2015_Certifikat_2024_Page_2-1086x1536.jpg 1086w, https:\/\/citus.hr\/wp-content\/uploads\/2025\/05\/SIQ_ISO_9001-2015_Certifikat_2024_Page_2-1448x2048.jpg 1448w, https:\/\/citus.hr\/wp-content\/uploads\/2025\/05\/SIQ_ISO_9001-2015_Certifikat_2024_Page_2-545x771.jpg 545w, https:\/\/citus.hr\/wp-content\/uploads\/2025\/05\/SIQ_ISO_9001-2015_Certifikat_2024_Page_2-120x170.jpg 120w, https:\/\/citus.hr\/wp-content\/uploads\/2025\/05\/SIQ_ISO_9001-2015_Certifikat_2024_Page_2-81x115.jpg 81w\" sizes=\"auto, (max-width: 1810px) 100vw, 1810px\" \/><\/p><a class=\"btn-large btn btn-rounded btn-dark-gray popup-modal-dismiss\" href=\"#\">Zatvorite<\/a><\/div>[vc_empty_space height=&#8221;30px&#8221;]<\/div><\/div><\/div><div class=\"wpb_column vc_column_container vc_col-sm-9  col-xs-mobile-fullwidth\"><div class=\"vc_column-inner \"><div class=\"wpb_wrapper\"><div class=\"last-paragraph-no-margin\"><h6 class=\"alt-font font-weight-600 text-dark-gray width-100 md-width-100 margin-20px-bottom\">Uprava tvrtke CITUS d.o.o. opredjeljuje se za sljede\u0107u politiku kvalitete:<\/h6>\n<p>Usmjerenost na potrebe kupca i zadovoljstvo kupca izvr\u0161enim poslom su najva\u017enije vrijednosti prema kojima CITUS mjeri i odre\u0111uje svoju ukupnu uspje\u0161nost.<\/p>\n<p>Te\u017eit \u0107emo stvaranju trajnih odnosa s kupcima temeljenih na zadovoljavanju i nadila\u017eenju njihovih potreba putem tra\u017eenja optimalnih i cjelovitih rje\u0161enja.<\/p>\n<p>S kupcima \u0107emo stvarati odnose povjerenja temeljene na bezuvjetnom po\u0161tivanju tajnosti njihovih podataka. U radu \u0107emo te\u017eiti modernim i inovativnim rje\u0161enjima oslanjaju\u0107i se na nove tehnike i tehnologije te koriste\u0107i najvi\u0161e standarde struke u izvedbi i dokumentiranosti projekata.<\/p>\n<p>Zapo\u0161ljavat \u0107emo stru\u010dno i ambiciozno osoblje koje \u0107e imati mogu\u0107nosti i obvezu stalno se razvijati i usavr\u0161avati te pribavljati najsuvremenije informati\u010dke i komunikacijske resurse, te stvarati okru\u017eenje za ugodan i efikasan rad.<\/p>\n<p>Primjenjivat \u0107emo i pobolj\u0161avati djelotvornost sustava upravljanja kvalitetom temeljenog na zahtjevima me\u0111unarodne norme ISO 9001 i te\u017eiti nadila\u017eenju razine tih zahtjeva.<\/p>\n<p>Svaki djelatnik CITUS-a mora biti upoznat s politikom kvalitete, shvatiti je i prihvatiti kao trajno na\u010delo u vlastitom djelovanju.<\/p>\n<p>U Zagrebu, 15.svibnja 2002.<br \/>\nTomislav Bronzin, mag.ing.el.<\/p>\n<\/div><\/div><\/div><\/div><\/section>\n<\/div>","protected":false},"excerpt":{"rendered":"[vc_empty_space height=\"30px\"]SIQ certifikatSIQ ISO 9001:2015 certifikatZatvorite[vc_empty_space height=\"30px\"]IQNet certifikatIQNet ISO 9001:2015 certifikatZatvorite[vc_empty_space height=\"30px\"]Uprava tvrtke CITUS d.o.o. opredjeljuje se za sljede\u0107u politiku kvalitete: Usmjerenost na potrebe kupca i zadovoljstvo kupca izvr\u0161enim poslom su najva\u017enije vrijednosti prema kojima CITUS mjeri i odre\u0111uje svoju ukupnu uspje\u0161nost. Te\u017eit \u0107emo stvaranju trajnih odnosa s kupcima temeljenih na zadovoljavanju i nadila\u017eenju njihovih potreba putem tra\u017eenja optimalnih i cjelovitih rje\u0161enja. S kupcima \u0107emo stvarati odnose povjerenja temeljene na bezuvjetnom po\u0161tivanju tajnosti njihovih podataka. U radu \u0107emo te\u017eiti modernim i inovativnim rje\u0161enjima oslanjaju\u0107i se na nove tehnike i tehnologije te koriste\u0107i najvi\u0161e standarde struke u izvedbi i dokumentiranosti projekata. Zapo\u0161ljavat \u0107emo stru\u010dno i ambiciozno osoblje koje \u0107e imati mogu\u0107nosti i obvezu stalno se razvijati i usavr\u0161avati te pribavljati najsuvremenije informati\u010dke i komunikacijske resurse, te stvarati okru\u017eenje za ugodan i efikasan rad. Primjenjivat \u0107emo i pobolj\u0161avati djelotvornost sustava upravljanja kvalitetom temeljenog na zahtjevima me\u0111unarodne norme ISO 9001 i te\u017eiti nadila\u017eenju razine tih zahtjeva. Svaki djelatnik CITUS-a mora biti upoznat s politikom kvalitete, shvatiti je i prihvatiti kao trajno na\u010delo u vlastitom djelovanju. U Zagrebu, 15.svibnja 2002. Tomislav Bronzin, mag.ing.el.","protected":false},"author":3,"featured_media":0,"parent":0,"menu_order":0,"comment_status":"closed","ping_status":"closed","template":"","meta":{"_acf_changed":false,"_monsterinsights_skip_tracking":false,"_monsterinsights_sitenote_active":false,"_monsterinsights_sitenote_note":"","_monsterinsights_sitenote_category":0,"footnotes":""},"class_list":["post-23134","page","type-page","status-publish","hentry"],"acf":[],"yoast_head":"<!-- This site is optimized with the Yoast SEO plugin v27.5 - https:\/\/yoast.com\/product\/yoast-seo-wordpress\/ -->\n<title>Politika kvalitete - CITUS<\/title>\n<meta name=\"robots\" content=\"index, follow, max-snippet:-1, max-image-preview:large, max-video-preview:-1\" \/>\n<link rel=\"canonical\" href=\"https:\/\/citus.hr\/hr\/politika-kvalitete\/\" \/>\n<meta property=\"og:locale\" content=\"hr_HR\" \/>\n<meta property=\"og:type\" content=\"article\" \/>\n<meta property=\"og:title\" content=\"Politika kvalitete - CITUS\" \/>\n<meta property=\"og:url\" content=\"https:\/\/citus.hr\/hr\/politika-kvalitete\/\" \/>\n<meta property=\"og:site_name\" content=\"CITUS\" \/>\n<meta property=\"article:publisher\" content=\"https:\/\/www.facebook.com\/citushr\" \/>\n<meta property=\"article:modified_time\" content=\"2025-06-05T11:26:50+00:00\" \/>\n<meta name=\"twitter:card\" content=\"summary_large_image\" \/>\n<meta name=\"twitter:label1\" content=\"Procijenjeno vrijeme \u010ditanja\" \/>\n\t<meta name=\"twitter:data1\" content=\"2 minute\" \/>\n<script type=\"application\/ld+json\" class=\"yoast-schema-graph\">{\"@context\":\"https:\\\/\\\/schema.org\",\"@graph\":[{\"@type\":\"WebPage\",\"@id\":\"https:\\\/\\\/citus.hr\\\/hr\\\/politika-kvalitete\\\/\",\"url\":\"https:\\\/\\\/citus.hr\\\/hr\\\/politika-kvalitete\\\/\",\"name\":\"Politika kvalitete - CITUS\",\"isPartOf\":{\"@id\":\"https:\\\/\\\/citus.hr\\\/hr\\\/#website\"},\"primaryImageOfPage\":{\"@id\":\"https:\\\/\\\/citus.hr\\\/hr\\\/politika-kvalitete\\\/#primaryimage\"},\"image\":{\"@id\":\"https:\\\/\\\/citus.hr\\\/hr\\\/politika-kvalitete\\\/#primaryimage\"},\"thumbnailUrl\":\"https:\\\/\\\/citus.hr\\\/wp-content\\\/uploads\\\/2025\\\/05\\\/IQNET-Cert-Znak-Spojeni2.svg\",\"datePublished\":\"2020-07-21T15:43:03+00:00\",\"dateModified\":\"2025-06-05T11:26:50+00:00\",\"breadcrumb\":{\"@id\":\"https:\\\/\\\/citus.hr\\\/hr\\\/politika-kvalitete\\\/#breadcrumb\"},\"inLanguage\":\"hr\",\"potentialAction\":[{\"@type\":\"ReadAction\",\"target\":[\"https:\\\/\\\/citus.hr\\\/hr\\\/politika-kvalitete\\\/\"]}]},{\"@type\":\"ImageObject\",\"inLanguage\":\"hr\",\"@id\":\"https:\\\/\\\/citus.hr\\\/hr\\\/politika-kvalitete\\\/#primaryimage\",\"url\":\"https:\\\/\\\/citus.hr\\\/wp-content\\\/uploads\\\/2025\\\/05\\\/IQNET-Cert-Znak-Spojeni2.svg\",\"contentUrl\":\"https:\\\/\\\/citus.hr\\\/wp-content\\\/uploads\\\/2025\\\/05\\\/IQNET-Cert-Znak-Spojeni2.svg\"},{\"@type\":\"BreadcrumbList\",\"@id\":\"https:\\\/\\\/citus.hr\\\/hr\\\/politika-kvalitete\\\/#breadcrumb\",\"itemListElement\":[{\"@type\":\"ListItem\",\"position\":1,\"name\":\"Po\u010detna stranica\",\"item\":\"https:\\\/\\\/citus.hr\\\/hr\\\/\"},{\"@type\":\"ListItem\",\"position\":2,\"name\":\"Politika kvalitete\"}]},{\"@type\":\"WebSite\",\"@id\":\"https:\\\/\\\/citus.hr\\\/hr\\\/#website\",\"url\":\"https:\\\/\\\/citus.hr\\\/hr\\\/\",\"name\":\"CITUS\",\"description\":\"Innovation, Consulting, Education\",\"publisher\":{\"@id\":\"https:\\\/\\\/citus.hr\\\/hr\\\/#organization\"},\"potentialAction\":[{\"@type\":\"SearchAction\",\"target\":{\"@type\":\"EntryPoint\",\"urlTemplate\":\"https:\\\/\\\/citus.hr\\\/hr\\\/?s={search_term_string}\"},\"query-input\":{\"@type\":\"PropertyValueSpecification\",\"valueRequired\":true,\"valueName\":\"search_term_string\"}}],\"inLanguage\":\"hr\"},{\"@type\":\"Organization\",\"@id\":\"https:\\\/\\\/citus.hr\\\/hr\\\/#organization\",\"name\":\"Citus d.o.o.\",\"url\":\"https:\\\/\\\/citus.hr\\\/hr\\\/\",\"logo\":{\"@type\":\"ImageObject\",\"inLanguage\":\"hr\",\"@id\":\"https:\\\/\\\/citus.hr\\\/hr\\\/#\\\/schema\\\/logo\\\/image\\\/\",\"url\":\"https:\\\/\\\/citus.hr\\\/wp-content\\\/uploads\\\/2024\\\/01\\\/citus-tekst-1.png\",\"contentUrl\":\"https:\\\/\\\/citus.hr\\\/wp-content\\\/uploads\\\/2024\\\/01\\\/citus-tekst-1.png\",\"width\":645,\"height\":192,\"caption\":\"Citus d.o.o.\"},\"image\":{\"@id\":\"https:\\\/\\\/citus.hr\\\/hr\\\/#\\\/schema\\\/logo\\\/image\\\/\"},\"sameAs\":[\"https:\\\/\\\/www.facebook.com\\\/citushr\",\"https:\\\/\\\/www.linkedin.com\\\/company\\\/citus\\\/\",\"https:\\\/\\\/www.youtube.com\\\/channel\\\/UCHGE0kAKHVRUeZ8okys4Q0w\"]}]}<\/script>\n<!-- \/ Yoast SEO plugin. -->","yoast_head_json":{"title":"Politika kvalitete - CITUS","robots":{"index":"index","follow":"follow","max-snippet":"max-snippet:-1","max-image-preview":"max-image-preview:large","max-video-preview":"max-video-preview:-1"},"canonical":"https:\/\/citus.hr\/hr\/politika-kvalitete\/","og_locale":"hr_HR","og_type":"article","og_title":"Politika kvalitete - CITUS","og_url":"https:\/\/citus.hr\/hr\/politika-kvalitete\/","og_site_name":"CITUS","article_publisher":"https:\/\/www.facebook.com\/citushr","article_modified_time":"2025-06-05T11:26:50+00:00","twitter_card":"summary_large_image","twitter_misc":{"Procijenjeno vrijeme \u010ditanja":"2 minute"},"schema":{"@context":"https:\/\/schema.org","@graph":[{"@type":"WebPage","@id":"https:\/\/citus.hr\/hr\/politika-kvalitete\/","url":"https:\/\/citus.hr\/hr\/politika-kvalitete\/","name":"Politika kvalitete - CITUS","isPartOf":{"@id":"https:\/\/citus.hr\/hr\/#website"},"primaryImageOfPage":{"@id":"https:\/\/citus.hr\/hr\/politika-kvalitete\/#primaryimage"},"image":{"@id":"https:\/\/citus.hr\/hr\/politika-kvalitete\/#primaryimage"},"thumbnailUrl":"https:\/\/citus.hr\/wp-content\/uploads\/2025\/05\/IQNET-Cert-Znak-Spojeni2.svg","datePublished":"2020-07-21T15:43:03+00:00","dateModified":"2025-06-05T11:26:50+00:00","breadcrumb":{"@id":"https:\/\/citus.hr\/hr\/politika-kvalitete\/#breadcrumb"},"inLanguage":"hr","potentialAction":[{"@type":"ReadAction","target":["https:\/\/citus.hr\/hr\/politika-kvalitete\/"]}]},{"@type":"ImageObject","inLanguage":"hr","@id":"https:\/\/citus.hr\/hr\/politika-kvalitete\/#primaryimage","url":"https:\/\/citus.hr\/wp-content\/uploads\/2025\/05\/IQNET-Cert-Znak-Spojeni2.svg","contentUrl":"https:\/\/citus.hr\/wp-content\/uploads\/2025\/05\/IQNET-Cert-Znak-Spojeni2.svg"},{"@type":"BreadcrumbList","@id":"https:\/\/citus.hr\/hr\/politika-kvalitete\/#breadcrumb","itemListElement":[{"@type":"ListItem","position":1,"name":"Po\u010detna stranica","item":"https:\/\/citus.hr\/hr\/"},{"@type":"ListItem","position":2,"name":"Politika kvalitete"}]},{"@type":"WebSite","@id":"https:\/\/citus.hr\/hr\/#website","url":"https:\/\/citus.hr\/hr\/","name":"CITUS","description":"Innovation, Consulting, Education","publisher":{"@id":"https:\/\/citus.hr\/hr\/#organization"},"potentialAction":[{"@type":"SearchAction","target":{"@type":"EntryPoint","urlTemplate":"https:\/\/citus.hr\/hr\/?s={search_term_string}"},"query-input":{"@type":"PropertyValueSpecification","valueRequired":true,"valueName":"search_term_string"}}],"inLanguage":"hr"},{"@type":"Organization","@id":"https:\/\/citus.hr\/hr\/#organization","name":"Citus d.o.o.","url":"https:\/\/citus.hr\/hr\/","logo":{"@type":"ImageObject","inLanguage":"hr","@id":"https:\/\/citus.hr\/hr\/#\/schema\/logo\/image\/","url":"https:\/\/citus.hr\/wp-content\/uploads\/2024\/01\/citus-tekst-1.png","contentUrl":"https:\/\/citus.hr\/wp-content\/uploads\/2024\/01\/citus-tekst-1.png","width":645,"height":192,"caption":"Citus d.o.o."},"image":{"@id":"https:\/\/citus.hr\/hr\/#\/schema\/logo\/image\/"},"sameAs":["https:\/\/www.facebook.com\/citushr","https:\/\/www.linkedin.com\/company\/citus\/","https:\/\/www.youtube.com\/channel\/UCHGE0kAKHVRUeZ8okys4Q0w"]}]}},"_links":{"self":[{"href":"https:\/\/citus.hr\/hr\/wp-json\/wp\/v2\/pages\/23134","targetHints":{"allow":["GET"]}}],"collection":[{"href":"https:\/\/citus.hr\/hr\/wp-json\/wp\/v2\/pages"}],"about":[{"href":"https:\/\/citus.hr\/hr\/wp-json\/wp\/v2\/types\/page"}],"author":[{"embeddable":true,"href":"https:\/\/citus.hr\/hr\/wp-json\/wp\/v2\/users\/3"}],"replies":[{"embeddable":true,"href":"https:\/\/citus.hr\/hr\/wp-json\/wp\/v2\/comments?post=23134"}],"version-history":[{"count":14,"href":"https:\/\/citus.hr\/hr\/wp-json\/wp\/v2\/pages\/23134\/revisions"}],"predecessor-version":[{"id":29425,"href":"https:\/\/citus.hr\/hr\/wp-json\/wp\/v2\/pages\/23134\/revisions\/29425"}],"wp:attachment":[{"href":"https:\/\/citus.hr\/hr\/wp-json\/wp\/v2\/media?parent=23134"}],"curies":[{"name":"wp","href":"https:\/\/api.w.org\/{rel}","templated":true}]}}