{"id":23224,"date":"2020-07-21T21:54:13","date_gmt":"2020-07-21T19:54:13","guid":{"rendered":"http:\/\/confatnet.com\/?page_id=23224"},"modified":"2026-03-10T14:11:39","modified_gmt":"2026-03-10T12:11:39","slug":"edukacija-i-savjetovanje","status":"publish","type":"page","link":"https:\/\/citus.hr\/hr\/edukacija-i-savjetovanje\/","title":{"rendered":"Edukacija i savjetovanje"},"content":{"rendered":"<div class=\"wpb-content-wrapper\"><section class=\"vc_row wpb_row vc_row-fluid\"><div class=\"wpb_column vc_column_container vc_col-sm-1 vc_hidden-sm col-xs-mobile-fullwidth sm-display-none\"><div class=\"vc_column-inner \"><div class=\"wpb_wrapper\"><\/div><\/div><\/div><div class=\"wpb_column vc_column_container vc_col-sm-12 vc_col-md-10 vc_col-xs-12 wow fadeIn\"><div class=\"vc_column-inner \"><div class=\"wpb_wrapper\"><div class=\"vc_row wpb_row vc_inner vc_row-fluid  vc_custom_1595367536082\"><div class=\"wpb_column vc_column_container vc_col-sm-2  col-xs-mobile-fullwidth text-center md-text-center sm-text-left xs-text-left\"><div class=\"vc_column-inner \"><div class=\"wpb_wrapper\"><div id=\"edukacija\" class=\"featurebox8 pofo-featurebox position-relative overflow-hidden z-index-5 padding-twelve-all md-padding-six-all xs-padding-15px-lr featurebox8-1\" ><div class=\"display-inline-block\"><i class=\"link-icon icon-presentation icon-extra-large text-deep-pink  margin-20px-bottom\" style=\"color:#f36118; \"><\/i><\/div><\/div><\/div><\/div><\/div><div class=\"wpb_column vc_column_container vc_col-sm-10  col-xs-mobile-fullwidth\"><div class=\"vc_column-inner \"><div class=\"wpb_wrapper\"><h5 class=\"text-extra-dark-gray margin-20px-bottom font-weight-600 display-inline-block alt-font heading-style2  heading-1\"  style=\"font-weight: 700;\">Edukacija<\/h5><div class=\"last-paragraph-no-margin\"><p>Informati\u010dki seminari za kori\u0161tenje informati\u010dke tehnologije, posebno Microsoft 365 \/ Microsoft Teams<\/p>\n<p>Informati\u010dki seminari za rukovatelje ra\u010dunalima<\/p>\n<\/div><\/div><\/div><\/div><\/div><div class=\"vc_row wpb_row vc_inner vc_row-fluid  vc_custom_1610967196807\"><div class=\"wpb_column vc_column_container vc_col-sm-2  col-xs-mobile-fullwidth text-center md-text-center sm-text-left xs-text-left\"><div class=\"vc_column-inner \"><div class=\"wpb_wrapper\"><div id=\"digitalna-transformacija\" class=\"featurebox8 pofo-featurebox position-relative overflow-hidden z-index-5 padding-twelve-all md-padding-six-all xs-padding-15px-lr featurebox8-2\" ><div class=\"display-inline-block\"><i class=\"link-icon icon-mobile icon-extra-large text-deep-pink  margin-20px-bottom\" style=\"color:#f36118; \"><\/i><\/div><\/div><\/div><\/div><\/div><div class=\"wpb_column vc_column_container vc_col-sm-10  col-xs-mobile-fullwidth\"><div class=\"vc_column-inner \"><div class=\"wpb_wrapper\"><h5 class=\"text-extra-dark-gray margin-20px-bottom font-weight-600 display-inline-block alt-font heading-style2  heading-2\"  style=\"font-weight: 700;\">Digitalna transformacija<\/h5><div class=\"last-paragraph-no-margin\"><p>Omogu\u0107avamo na\u0161im klijentima da bolje prepoznaju, razumiju i upravljaju izazovima u digitalnoj eri definiranjem vlastitog, jedinstvenog na\u010dina transformiranja postoje\u0107ih poslovnih modela u nove i bolje poslovne modele.<\/p>\n<p>Poma\u017eemo srednjim i velikim tvrtkama da usklade svoju tehnolo\u0161ku strategiju sa cjelokupnom poslovnom strategijom i ciljevima te da razviju bolje razumijevanje i koordinaciju razli\u010ditih aspekata projekata digitalne transformacije.<\/p>\n<\/div><\/div><\/div><\/div><\/div><div class=\"vc_row wpb_row vc_inner vc_row-fluid  vc_custom_1610967143543\"><div class=\"wpb_column vc_column_container vc_col-sm-2  col-xs-mobile-fullwidth text-center md-text-center sm-text-left xs-text-left\"><div class=\"vc_column-inner \"><div class=\"wpb_wrapper\"><div id=\"it-konzalting\" class=\"featurebox8 pofo-featurebox position-relative overflow-hidden z-index-5 padding-twelve-all md-padding-six-all xs-padding-15px-lr featurebox8-3\" ><div class=\"display-inline-block\"><i class=\"link-icon icon-chat icon-extra-large text-deep-pink  margin-20px-bottom\" style=\"color:#f36118; \"><\/i><\/div><\/div><\/div><\/div><\/div><div class=\"wpb_column vc_column_container vc_col-sm-10  col-xs-mobile-fullwidth\"><div class=\"vc_column-inner \"><div class=\"wpb_wrapper\"><h5 class=\"text-extra-dark-gray margin-20px-bottom font-weight-600 display-inline-block alt-font heading-style2  heading-3\"  style=\"font-weight: 700;\">IT konzalting<\/h5><div class=\"last-paragraph-no-margin\"><p>Iskusan i dobro uigran tim specijaliziranih stru\u010dnjaka raznih profila s velikim iskustvom u razvoju poslovanja, IT tehnologijama, vo\u0111enju projekata u zemlji i \u0161irom svijeta, za\u0161titi osobnih podataka svojim klijentima poma\u017ee u postizanju poslovne izvrsnosti.<\/p>\n<\/div><\/div><\/div><\/div><\/div><div class=\"vc_row wpb_row vc_inner vc_row-fluid  vc_custom_1610967143543\"><div class=\"wpb_column vc_column_container vc_col-sm-2  col-xs-mobile-fullwidth text-center md-text-center sm-text-left xs-text-left\"><div class=\"vc_column-inner \"><div class=\"wpb_wrapper\"><div id=\"cyber-security\" class=\"featurebox8 pofo-featurebox position-relative overflow-hidden z-index-5 padding-twelve-all md-padding-six-all xs-padding-15px-lr featurebox8-4\" ><div class=\"display-inline-block\"><i class=\"link-icon icon-caution icon-extra-large text-deep-pink  margin-20px-bottom\" style=\"color:#f36118; \"><\/i><\/div><\/div><\/div><\/div><\/div><div class=\"wpb_column vc_column_container vc_col-sm-10  col-xs-mobile-fullwidth\"><div class=\"vc_column-inner \"><div class=\"wpb_wrapper\"><h5 class=\"text-extra-dark-gray margin-20px-bottom font-weight-600 display-inline-block alt-font heading-style2  heading-4\"  style=\"font-weight: 700;\">Kiberneti\u010dka sigurnost<\/h5><div class=\"last-paragraph-no-margin\"><p>Nije pitanje ho\u0107e li va\u0161a tvrtka\/organizacija biti kiberneti\u010dki napadnuta, nego je samo pitanje trenutka kada \u0107e se to dogoditi i\u00a0koliku \u0107e \u0161tetu kiberneti\u010dki napad prouzro\u010diti.<\/p>\n<p>Kiberneti\u010dka sigurnost nije samo pitanje IT-a \u00a0\u2013 ona je danas pitanje opstanka poslovanja!<\/p>\n<p>Na\u0161i stru\u010dnjaci poma\u017eu\u00a0tvrtkama u ja\u010danju otpornosti od kiberneti\u010dke prijetnje kroz sigurnosne procjene, implementaciju sigurnosnih tehnologija, za\u0161titu identiteta i podataka te sigurnu primjenu cloud i AI rje\u0161enja. Imamo veliko iskustvo u savjetovanju, edukaciji i implementaciji u podru\u010dju kiberneti\u010dke sigurnosti u\u00a0tvrtkama svih veli\u010dina i razli\u010ditim industrijama. Poma\u017eemo organizacijama u postizanju uskla\u0111enosti s regulativom, GDPR i omogu\u0107ujemo organizacijama postizanje svarne sigurnosti\u00a0poslovanja u digitalnom svijetu.<\/p>\n<p>Ukoliko ve\u0107 niste sada je krajnji trenutak da za\u0161titite svoje podatke, poslovne procese i reputaciju proaktivnim prepoznavanjem rizika, sprje\u010davanjem napada i osiguravanjem otpornosti u izuzetno dinami\u010dnom okru\u017eenju prijetnji. Uskla\u0111ivanjem sigurnosti s poslovnim ciljevima smanjujete financijski utjecaj rizika.<\/p>\n<\/div><\/div><\/div><\/div><\/div><\/div><\/div><\/div><div class=\"wpb_column vc_column_container vc_col-sm-1 vc_hidden-sm col-xs-mobile-fullwidth sm-display-none\"><div class=\"vc_column-inner \"><div class=\"wpb_wrapper\"><\/div><\/div><\/div><\/section>\n<\/div>","protected":false},"excerpt":{"rendered":"EdukacijaInformati\u010dki seminari za kori\u0161tenje informati\u010dke tehnologije, posebno Microsoft 365 \/ Microsoft Teams Informati\u010dki seminari za rukovatelje ra\u010dunalima Digitalna transformacijaOmogu\u0107avamo na\u0161im klijentima da bolje prepoznaju, razumiju i upravljaju izazovima u digitalnoj eri definiranjem vlastitog, jedinstvenog na\u010dina transformiranja postoje\u0107ih poslovnih modela u nove i bolje poslovne modele. Poma\u017eemo srednjim i velikim tvrtkama da usklade svoju tehnolo\u0161ku strategiju sa cjelokupnom poslovnom strategijom i ciljevima te da razviju bolje razumijevanje i koordinaciju razli\u010ditih aspekata projekata digitalne transformacije. IT konzaltingIskusan i dobro uigran tim specijaliziranih stru\u010dnjaka raznih profila s velikim iskustvom u razvoju poslovanja, IT tehnologijama, vo\u0111enju projekata u zemlji i \u0161irom svijeta, za\u0161titi osobnih podataka svojim klijentima poma\u017ee u postizanju poslovne izvrsnosti. Kiberneti\u010dka sigurnostNije pitanje ho\u0107e li va\u0161a tvrtka\/organizacija biti kiberneti\u010dki napadnuta, nego je samo pitanje trenutka kada \u0107e se to dogoditi i\u00a0koliku \u0107e \u0161tetu kiberneti\u010dki napad prouzro\u010diti. Kiberneti\u010dka sigurnost nije samo pitanje IT-a \u00a0\u2013 ona je danas pitanje opstanka poslovanja! Na\u0161i stru\u010dnjaci poma\u017eu\u00a0tvrtkama u ja\u010danju otpornosti od kiberneti\u010dke prijetnje kroz sigurnosne procjene, implementaciju sigurnosnih tehnologija, za\u0161titu identiteta i podataka te sigurnu primjenu cloud i AI rje\u0161enja. Imamo veliko iskustvo u savjetovanju, edukaciji i implementaciji u podru\u010dju kiberneti\u010dke sigurnosti u\u00a0tvrtkama svih veli\u010dina i razli\u010ditim industrijama. Poma\u017eemo organizacijama u postizanju uskla\u0111enosti s regulativom, GDPR i...","protected":false},"author":3,"featured_media":0,"parent":0,"menu_order":0,"comment_status":"closed","ping_status":"closed","template":"","meta":{"_acf_changed":false,"_monsterinsights_skip_tracking":false,"_monsterinsights_sitenote_active":false,"_monsterinsights_sitenote_note":"","_monsterinsights_sitenote_category":0,"footnotes":""},"class_list":["post-23224","page","type-page","status-publish","hentry"],"acf":[],"yoast_head":"<!-- This site is optimized with the Yoast SEO plugin v27.4 - https:\/\/yoast.com\/product\/yoast-seo-wordpress\/ -->\n<title>Edukacija i savjetovanje - CITUS<\/title>\n<meta name=\"robots\" content=\"index, follow, max-snippet:-1, max-image-preview:large, max-video-preview:-1\" \/>\n<link rel=\"canonical\" href=\"https:\/\/citus.hr\/hr\/edukacija-i-savjetovanje\/\" \/>\n<meta property=\"og:locale\" content=\"hr_HR\" \/>\n<meta property=\"og:type\" content=\"article\" \/>\n<meta property=\"og:title\" content=\"Edukacija i savjetovanje - CITUS\" \/>\n<meta property=\"og:url\" content=\"https:\/\/citus.hr\/hr\/edukacija-i-savjetovanje\/\" \/>\n<meta property=\"og:site_name\" content=\"CITUS\" \/>\n<meta property=\"article:publisher\" content=\"https:\/\/www.facebook.com\/citushr\" \/>\n<meta property=\"article:modified_time\" content=\"2026-03-10T12:11:39+00:00\" \/>\n<meta name=\"twitter:card\" content=\"summary_large_image\" \/>\n<meta name=\"twitter:label1\" content=\"Procijenjeno vrijeme \u010ditanja\" \/>\n\t<meta name=\"twitter:data1\" content=\"2 minute\" \/>\n<script type=\"application\/ld+json\" class=\"yoast-schema-graph\">{\"@context\":\"https:\\\/\\\/schema.org\",\"@graph\":[{\"@type\":\"WebPage\",\"@id\":\"https:\\\/\\\/citus.hr\\\/hr\\\/edukacija-i-savjetovanje\\\/\",\"url\":\"https:\\\/\\\/citus.hr\\\/hr\\\/edukacija-i-savjetovanje\\\/\",\"name\":\"Edukacija i savjetovanje - CITUS\",\"isPartOf\":{\"@id\":\"https:\\\/\\\/citus.hr\\\/hr\\\/#website\"},\"datePublished\":\"2020-07-21T19:54:13+00:00\",\"dateModified\":\"2026-03-10T12:11:39+00:00\",\"breadcrumb\":{\"@id\":\"https:\\\/\\\/citus.hr\\\/hr\\\/edukacija-i-savjetovanje\\\/#breadcrumb\"},\"inLanguage\":\"hr\",\"potentialAction\":[{\"@type\":\"ReadAction\",\"target\":[\"https:\\\/\\\/citus.hr\\\/hr\\\/edukacija-i-savjetovanje\\\/\"]}]},{\"@type\":\"BreadcrumbList\",\"@id\":\"https:\\\/\\\/citus.hr\\\/hr\\\/edukacija-i-savjetovanje\\\/#breadcrumb\",\"itemListElement\":[{\"@type\":\"ListItem\",\"position\":1,\"name\":\"Po\u010detna stranica\",\"item\":\"https:\\\/\\\/citus.hr\\\/hr\\\/\"},{\"@type\":\"ListItem\",\"position\":2,\"name\":\"Edukacija i savjetovanje\"}]},{\"@type\":\"WebSite\",\"@id\":\"https:\\\/\\\/citus.hr\\\/hr\\\/#website\",\"url\":\"https:\\\/\\\/citus.hr\\\/hr\\\/\",\"name\":\"CITUS\",\"description\":\"Innovation, Consulting, Education\",\"publisher\":{\"@id\":\"https:\\\/\\\/citus.hr\\\/hr\\\/#organization\"},\"potentialAction\":[{\"@type\":\"SearchAction\",\"target\":{\"@type\":\"EntryPoint\",\"urlTemplate\":\"https:\\\/\\\/citus.hr\\\/hr\\\/?s={search_term_string}\"},\"query-input\":{\"@type\":\"PropertyValueSpecification\",\"valueRequired\":true,\"valueName\":\"search_term_string\"}}],\"inLanguage\":\"hr\"},{\"@type\":\"Organization\",\"@id\":\"https:\\\/\\\/citus.hr\\\/hr\\\/#organization\",\"name\":\"Citus d.o.o.\",\"url\":\"https:\\\/\\\/citus.hr\\\/hr\\\/\",\"logo\":{\"@type\":\"ImageObject\",\"inLanguage\":\"hr\",\"@id\":\"https:\\\/\\\/citus.hr\\\/hr\\\/#\\\/schema\\\/logo\\\/image\\\/\",\"url\":\"https:\\\/\\\/citus.hr\\\/wp-content\\\/uploads\\\/2024\\\/01\\\/citus-tekst-1.png\",\"contentUrl\":\"https:\\\/\\\/citus.hr\\\/wp-content\\\/uploads\\\/2024\\\/01\\\/citus-tekst-1.png\",\"width\":645,\"height\":192,\"caption\":\"Citus d.o.o.\"},\"image\":{\"@id\":\"https:\\\/\\\/citus.hr\\\/hr\\\/#\\\/schema\\\/logo\\\/image\\\/\"},\"sameAs\":[\"https:\\\/\\\/www.facebook.com\\\/citushr\",\"https:\\\/\\\/www.linkedin.com\\\/company\\\/citus\\\/\",\"https:\\\/\\\/www.youtube.com\\\/channel\\\/UCHGE0kAKHVRUeZ8okys4Q0w\"]}]}<\/script>\n<!-- \/ Yoast SEO plugin. -->","yoast_head_json":{"title":"Edukacija i savjetovanje - CITUS","robots":{"index":"index","follow":"follow","max-snippet":"max-snippet:-1","max-image-preview":"max-image-preview:large","max-video-preview":"max-video-preview:-1"},"canonical":"https:\/\/citus.hr\/hr\/edukacija-i-savjetovanje\/","og_locale":"hr_HR","og_type":"article","og_title":"Edukacija i savjetovanje - CITUS","og_url":"https:\/\/citus.hr\/hr\/edukacija-i-savjetovanje\/","og_site_name":"CITUS","article_publisher":"https:\/\/www.facebook.com\/citushr","article_modified_time":"2026-03-10T12:11:39+00:00","twitter_card":"summary_large_image","twitter_misc":{"Procijenjeno vrijeme \u010ditanja":"2 minute"},"schema":{"@context":"https:\/\/schema.org","@graph":[{"@type":"WebPage","@id":"https:\/\/citus.hr\/hr\/edukacija-i-savjetovanje\/","url":"https:\/\/citus.hr\/hr\/edukacija-i-savjetovanje\/","name":"Edukacija i savjetovanje - CITUS","isPartOf":{"@id":"https:\/\/citus.hr\/hr\/#website"},"datePublished":"2020-07-21T19:54:13+00:00","dateModified":"2026-03-10T12:11:39+00:00","breadcrumb":{"@id":"https:\/\/citus.hr\/hr\/edukacija-i-savjetovanje\/#breadcrumb"},"inLanguage":"hr","potentialAction":[{"@type":"ReadAction","target":["https:\/\/citus.hr\/hr\/edukacija-i-savjetovanje\/"]}]},{"@type":"BreadcrumbList","@id":"https:\/\/citus.hr\/hr\/edukacija-i-savjetovanje\/#breadcrumb","itemListElement":[{"@type":"ListItem","position":1,"name":"Po\u010detna stranica","item":"https:\/\/citus.hr\/hr\/"},{"@type":"ListItem","position":2,"name":"Edukacija i savjetovanje"}]},{"@type":"WebSite","@id":"https:\/\/citus.hr\/hr\/#website","url":"https:\/\/citus.hr\/hr\/","name":"CITUS","description":"Innovation, Consulting, Education","publisher":{"@id":"https:\/\/citus.hr\/hr\/#organization"},"potentialAction":[{"@type":"SearchAction","target":{"@type":"EntryPoint","urlTemplate":"https:\/\/citus.hr\/hr\/?s={search_term_string}"},"query-input":{"@type":"PropertyValueSpecification","valueRequired":true,"valueName":"search_term_string"}}],"inLanguage":"hr"},{"@type":"Organization","@id":"https:\/\/citus.hr\/hr\/#organization","name":"Citus d.o.o.","url":"https:\/\/citus.hr\/hr\/","logo":{"@type":"ImageObject","inLanguage":"hr","@id":"https:\/\/citus.hr\/hr\/#\/schema\/logo\/image\/","url":"https:\/\/citus.hr\/wp-content\/uploads\/2024\/01\/citus-tekst-1.png","contentUrl":"https:\/\/citus.hr\/wp-content\/uploads\/2024\/01\/citus-tekst-1.png","width":645,"height":192,"caption":"Citus d.o.o."},"image":{"@id":"https:\/\/citus.hr\/hr\/#\/schema\/logo\/image\/"},"sameAs":["https:\/\/www.facebook.com\/citushr","https:\/\/www.linkedin.com\/company\/citus\/","https:\/\/www.youtube.com\/channel\/UCHGE0kAKHVRUeZ8okys4Q0w"]}]}},"_links":{"self":[{"href":"https:\/\/citus.hr\/hr\/wp-json\/wp\/v2\/pages\/23224","targetHints":{"allow":["GET"]}}],"collection":[{"href":"https:\/\/citus.hr\/hr\/wp-json\/wp\/v2\/pages"}],"about":[{"href":"https:\/\/citus.hr\/hr\/wp-json\/wp\/v2\/types\/page"}],"author":[{"embeddable":true,"href":"https:\/\/citus.hr\/hr\/wp-json\/wp\/v2\/users\/3"}],"replies":[{"embeddable":true,"href":"https:\/\/citus.hr\/hr\/wp-json\/wp\/v2\/comments?post=23224"}],"version-history":[{"count":94,"href":"https:\/\/citus.hr\/hr\/wp-json\/wp\/v2\/pages\/23224\/revisions"}],"predecessor-version":[{"id":29869,"href":"https:\/\/citus.hr\/hr\/wp-json\/wp\/v2\/pages\/23224\/revisions\/29869"}],"wp:attachment":[{"href":"https:\/\/citus.hr\/hr\/wp-json\/wp\/v2\/media?parent=23224"}],"curies":[{"name":"wp","href":"https:\/\/api.w.org\/{rel}","templated":true}]}}