{"id":23523,"date":"2020-07-23T18:03:29","date_gmt":"2020-07-23T16:03:29","guid":{"rendered":"http:\/\/confatnet.com\/?page_id=23523"},"modified":"2024-01-11T20:53:11","modified_gmt":"2024-01-11T18:53:11","slug":"sistemska-integracija","status":"publish","type":"page","link":"https:\/\/citus.hr\/hr\/sistemska-integracija\/","title":{"rendered":"Sistemska integracija"},"content":{"rendered":"<div class=\"wpb-content-wrapper\"><section class=\"vc_row wpb_row vc_row-fluid   wow fadeIn pofo-row-responsive-69e0743dc2f02\"><div class=\"wpb_column vc_column_container vc_col-sm-1 vc_col-md-2 vc_hidden-sm col-xs-mobile-fullwidth sm-display-none\"><div class=\"vc_column-inner \"><div class=\"wpb_wrapper\"><\/div><\/div><\/div><div class=\"wpb_column vc_column_container vc_col-sm-12 vc_col-md-8 vc_col-xs-12 text-center pofo-column-responsive-69e0743dc2fff\"><div class=\"vc_column-inner \"><div class=\"wpb_wrapper\"><div class=\" vc_custom_1611319511616 last-paragraph-no-margin\"><h6 style=\"margin-bottom: 0; font-size: 20px; line-height: 24px; font-weight: 300;\">Objedinjavanjem svih dijelova slo\u017eenih informati\u010dkih sustava i odra\u017eavanjem postoje\u0107ih ra\u010dunalnih sistema baziranih na Microsoft platformi osiguravamo neprekinuti kontinuitet poslovanja na\u0161ih klijenata i partnera.<\/h6>\n<\/div><\/div><\/div><\/div><div class=\"wpb_column vc_column_container vc_col-md-2 vc_hidden-sm col-xs-mobile-fullwidth sm-display-none\"><div class=\"vc_column-inner \"><div class=\"wpb_wrapper\"><\/div><\/div><\/div><\/section><section data-vc-full-width=\"true\" data-vc-full-width-init=\"false\" data-vc-stretch-content=\"true\" class=\"vc_row wpb_row vc_row-fluid  vc_custom_1611318975980 vc_row-has-fill pofo-stretch-content pofo-row-responsive-69e0743dc3147\"><div id=\"microsoft365\" class=\"wpb_column vc_column_container vc_col-sm-6 vc_col-lg-4 vc_col-md-6 vc_col-xs-12\"><div class=\"vc_column-inner \"><div class=\"wpb_wrapper\"><h5 class=\"text-extra-dark-gray margin-20px-bottom font-weight-600 display-inline-block alt-font text-none heading-style2  vc_custom_1597045965332  heading-1\"  style=\"font-weight: 700; color: #232323;\">Microsoft 365<\/h5><div class=\"separator-line-horrizontal-full bg-extra-light-gray pofo-separator  vc_custom_1704999137314\" style=\"background-color:#f36118; width: 100px;\"><\/div><div class=\"last-paragraph-no-margin\"><p>Isprobajte probnu verzija sustava\u00a0\u00a0te nas kontaktirajte vezano za:<\/p>\n<\/div><ul class=\"no-padding list-style-10 list-style2-1 \"><li><i class=\"fa-solid fa-arrow-right text-extra-dark-gray\" aria-hidden=\"true\"><\/i><span>nadogradnju svoje IT infrastrukture<\/span><\/li><li><i class=\"fa-solid fa-arrow-right text-extra-dark-gray\" aria-hidden=\"true\"><\/i><span>unaprje\u0111enje svojih poslovnih procesa s Microsoft 365<\/span><\/li><li><i class=\"fa-solid fa-arrow-right text-extra-dark-gray\" aria-hidden=\"true\"><\/i><span>\u201edovo\u0111enje\u201c svog posla na mobilne ure\u0111aje<\/span><\/li><\/ul><a  href=\"https:\/\/portal.office.com\/partner\/partnersignup.aspx?type=Trial&#038;id=4e099980-8756-4028-a448-93c08c3b562b&#038;msppid=590683\" target=\"_blank\" class=\"btn pofo-button-1 button-style3  btn-transparent-black  btn-large  vc_custom_1595594551918\" ><i class=\"fa fab fa-microsoft   margin-5px-right no-margin-left\" aria-hidden=\"true\"><\/i>Probna verzija<\/a><\/div><\/div><\/div><div id=\"microsoft-azure\" class=\"wpb_column vc_column_container vc_col-sm-6 vc_col-lg-4 vc_col-md-6 vc_col-xs-12\"><div class=\"vc_column-inner \"><div class=\"wpb_wrapper\"><h5 class=\"text-extra-dark-gray margin-20px-bottom font-weight-600 display-inline-block alt-font text-none heading-style2  vc_custom_1595594672736  heading-2\"  style=\"font-weight: 700; color: #232323;\">Microsoft Azure<\/h5><div class=\"separator-line-horrizontal-full bg-extra-light-gray pofo-separator  vc_custom_1595593440742\" style=\"background-color:#f36118; width: 100px;\"><\/div><div class=\"last-paragraph-no-margin\"><p>Oblak je promijenio na\u010din na koji tvrtke posluju i zaposlenici rade.<\/p>\n<p>U oblak su preseljeni alati za ure\u0111ivanje dokumenata (Microsoft 365), CRM sustavi, klijenti e-po\u0161te, a time ve\u0107 djelomi\u010dno i backup podataka.<\/p>\n<p>Sljede\u0107i korak je da u oblak preselite i sigurnosne kopije svih ostalih poslovnih podataka tvrtke. Takvo rje\u0161enje pouzdano je i sigurno, jer sustav obnavlja va\u0161e podatke, bez obzira gdje se nalazili, uklju\u010duju\u0107i i pojedina\u010dne datoteke, tako da mo\u017eete po\u010deti s radom tamo gdje ste stali, prije nego \u0161to ste izgubili izvornu datoteku. U isto vrijeme se rje\u0161enje za sigurnosnu pohranu u oblaku prilago\u0111ava va\u0161im potrebama te kapaciteti rje\u0161enja rastu s va\u0161im poslovanjem.<\/p>\n<\/div><\/div><\/div><\/div><div class=\"wpb_column vc_column_container vc_col-sm-12 vc_col-lg-4 vc_col-md-12 vc_col-xs-12\"><div class=\"vc_column-inner \"><div class=\"wpb_wrapper\">[vc_single_image image=&#8221;23565&#8243; img_size=&#8221;full&#8221; el_class=&#8221;single-img-full&#8221;]<\/div><\/div><\/div><\/section><div class=\"vc_row-full-width vc_clearfix\"><\/div><section class=\"vc_row wpb_row vc_row-fluid   wow fadeIn pofo-row-responsive-69e0743dc3540\"><div class=\"wpb_column vc_column_container vc_col-sm-1 vc_col-md-2 vc_hidden-sm col-xs-mobile-fullwidth sm-display-none\"><div class=\"vc_column-inner \"><div class=\"wpb_wrapper\"><\/div><\/div><\/div><div id=\"hibridna-rjesenja\" class=\"wpb_column vc_column_container vc_col-sm-12 vc_col-md-8 vc_col-xs-12 text-center md-text-center sm-text-center xs-text-center pofo-column-responsive-69e0743dc3612\"><div class=\"vc_column-inner \"><div class=\"wpb_wrapper\"><h5 class=\"text-extra-dark-gray margin-20px-bottom font-weight-600 display-inline-block alt-font text-none heading-style2  vc_custom_1595594689224  heading-3\"  style=\"font-weight: 700; color: #232323;\">Hibridna rje\u0161enja<\/h5><div class=\"separator-line-horrizontal-full bg-extra-light-gray center-col pofo-separator  vc_custom_1704999182030\" style=\"background-color:#f36118; width: 100px;\"><\/div><div class=\" vc_custom_1612973162704 last-paragraph-no-margin\"><p>MEDIKOL Office365 <em>Case Study<\/em><\/p>\n<\/div>[vc_video link=&#8221;https:\/\/youtu.be\/-rSExru763Y&#8221; align=&#8221;center&#8221;]<\/div><\/div><\/div><div class=\"wpb_column vc_column_container vc_col-md-2 vc_hidden-sm col-xs-mobile-fullwidth sm-display-none\"><div class=\"vc_column-inner \"><div class=\"wpb_wrapper\"><\/div><\/div><\/div><\/section>\n<\/div>","protected":false},"excerpt":{"rendered":"Objedinjavanjem svih dijelova slo\u017eenih informati\u010dkih sustava i odra\u017eavanjem postoje\u0107ih ra\u010dunalnih sistema baziranih na Microsoft platformi osiguravamo neprekinuti kontinuitet poslovanja na\u0161ih klijenata i partnera. Microsoft 365Isprobajte probnu verzija sustava\u00a0\u00a0te nas kontaktirajte vezano za: nadogradnju svoje IT infrastruktureunaprje\u0111enje svojih poslovnih procesa s Microsoft 365\u201edovo\u0111enje\u201c svog posla na mobilne ure\u0111ajeProbna verzijaMicrosoft AzureOblak je promijenio na\u010din na koji tvrtke posluju i zaposlenici rade. U oblak su preseljeni alati za ure\u0111ivanje dokumenata (Microsoft 365), CRM sustavi, klijenti e-po\u0161te, a time ve\u0107 djelomi\u010dno i backup podataka. Sljede\u0107i korak je da u oblak preselite i sigurnosne kopije svih ostalih poslovnih podataka tvrtke. Takvo rje\u0161enje pouzdano je i sigurno, jer sustav obnavlja va\u0161e podatke, bez obzira gdje se nalazili, uklju\u010duju\u0107i i pojedina\u010dne datoteke, tako da mo\u017eete po\u010deti s radom tamo gdje ste stali, prije nego \u0161to ste izgubili izvornu datoteku. U isto vrijeme se rje\u0161enje za sigurnosnu pohranu u oblaku prilago\u0111ava va\u0161im potrebama te kapaciteti rje\u0161enja rastu s va\u0161im poslovanjem. [vc_single_image image=\"23565\" img_size=\"full\" el_class=\"single-img-full\"]Hibridna rje\u0161enjaMEDIKOL Office365 Case Study [vc_video link=\"https:\/\/youtu.be\/-rSExru763Y\" align=\"center\"]","protected":false},"author":3,"featured_media":0,"parent":0,"menu_order":0,"comment_status":"closed","ping_status":"closed","template":"","meta":{"_acf_changed":false,"_monsterinsights_skip_tracking":false,"_monsterinsights_sitenote_active":false,"_monsterinsights_sitenote_note":"","_monsterinsights_sitenote_category":0,"footnotes":""},"class_list":["post-23523","page","type-page","status-publish","hentry"],"acf":[],"yoast_head":"<!-- This site is optimized with the Yoast SEO plugin v27.4 - https:\/\/yoast.com\/product\/yoast-seo-wordpress\/ -->\n<title>Sistemska integracija - CITUS<\/title>\n<meta name=\"robots\" content=\"index, follow, max-snippet:-1, max-image-preview:large, max-video-preview:-1\" \/>\n<link rel=\"canonical\" href=\"https:\/\/citus.hr\/hr\/sistemska-integracija\/\" \/>\n<meta property=\"og:locale\" content=\"hr_HR\" \/>\n<meta property=\"og:type\" content=\"article\" \/>\n<meta property=\"og:title\" content=\"Sistemska integracija - CITUS\" \/>\n<meta property=\"og:url\" content=\"https:\/\/citus.hr\/hr\/sistemska-integracija\/\" \/>\n<meta property=\"og:site_name\" content=\"CITUS\" \/>\n<meta property=\"article:publisher\" content=\"https:\/\/www.facebook.com\/citushr\" \/>\n<meta property=\"article:modified_time\" content=\"2024-01-11T18:53:11+00:00\" \/>\n<meta name=\"twitter:card\" content=\"summary_large_image\" \/>\n<meta name=\"twitter:label1\" content=\"Procijenjeno vrijeme \u010ditanja\" \/>\n\t<meta name=\"twitter:data1\" content=\"2 minute\" \/>\n<script type=\"application\/ld+json\" class=\"yoast-schema-graph\">{\"@context\":\"https:\\\/\\\/schema.org\",\"@graph\":[{\"@type\":\"WebPage\",\"@id\":\"https:\\\/\\\/citus.hr\\\/hr\\\/sistemska-integracija\\\/\",\"url\":\"https:\\\/\\\/citus.hr\\\/hr\\\/sistemska-integracija\\\/\",\"name\":\"Sistemska integracija - CITUS\",\"isPartOf\":{\"@id\":\"https:\\\/\\\/citus.hr\\\/hr\\\/#website\"},\"datePublished\":\"2020-07-23T16:03:29+00:00\",\"dateModified\":\"2024-01-11T18:53:11+00:00\",\"breadcrumb\":{\"@id\":\"https:\\\/\\\/citus.hr\\\/hr\\\/sistemska-integracija\\\/#breadcrumb\"},\"inLanguage\":\"hr\",\"potentialAction\":[{\"@type\":\"ReadAction\",\"target\":[\"https:\\\/\\\/citus.hr\\\/hr\\\/sistemska-integracija\\\/\"]}]},{\"@type\":\"BreadcrumbList\",\"@id\":\"https:\\\/\\\/citus.hr\\\/hr\\\/sistemska-integracija\\\/#breadcrumb\",\"itemListElement\":[{\"@type\":\"ListItem\",\"position\":1,\"name\":\"Po\u010detna stranica\",\"item\":\"https:\\\/\\\/citus.hr\\\/hr\\\/\"},{\"@type\":\"ListItem\",\"position\":2,\"name\":\"Sistemska integracija\"}]},{\"@type\":\"WebSite\",\"@id\":\"https:\\\/\\\/citus.hr\\\/hr\\\/#website\",\"url\":\"https:\\\/\\\/citus.hr\\\/hr\\\/\",\"name\":\"CITUS\",\"description\":\"Innovation, Consulting, Education\",\"publisher\":{\"@id\":\"https:\\\/\\\/citus.hr\\\/hr\\\/#organization\"},\"potentialAction\":[{\"@type\":\"SearchAction\",\"target\":{\"@type\":\"EntryPoint\",\"urlTemplate\":\"https:\\\/\\\/citus.hr\\\/hr\\\/?s={search_term_string}\"},\"query-input\":{\"@type\":\"PropertyValueSpecification\",\"valueRequired\":true,\"valueName\":\"search_term_string\"}}],\"inLanguage\":\"hr\"},{\"@type\":\"Organization\",\"@id\":\"https:\\\/\\\/citus.hr\\\/hr\\\/#organization\",\"name\":\"Citus d.o.o.\",\"url\":\"https:\\\/\\\/citus.hr\\\/hr\\\/\",\"logo\":{\"@type\":\"ImageObject\",\"inLanguage\":\"hr\",\"@id\":\"https:\\\/\\\/citus.hr\\\/hr\\\/#\\\/schema\\\/logo\\\/image\\\/\",\"url\":\"https:\\\/\\\/citus.hr\\\/wp-content\\\/uploads\\\/2024\\\/01\\\/citus-tekst-1.png\",\"contentUrl\":\"https:\\\/\\\/citus.hr\\\/wp-content\\\/uploads\\\/2024\\\/01\\\/citus-tekst-1.png\",\"width\":645,\"height\":192,\"caption\":\"Citus d.o.o.\"},\"image\":{\"@id\":\"https:\\\/\\\/citus.hr\\\/hr\\\/#\\\/schema\\\/logo\\\/image\\\/\"},\"sameAs\":[\"https:\\\/\\\/www.facebook.com\\\/citushr\",\"https:\\\/\\\/www.linkedin.com\\\/company\\\/citus\\\/\",\"https:\\\/\\\/www.youtube.com\\\/channel\\\/UCHGE0kAKHVRUeZ8okys4Q0w\"]}]}<\/script>\n<!-- \/ Yoast SEO plugin. -->","yoast_head_json":{"title":"Sistemska integracija - CITUS","robots":{"index":"index","follow":"follow","max-snippet":"max-snippet:-1","max-image-preview":"max-image-preview:large","max-video-preview":"max-video-preview:-1"},"canonical":"https:\/\/citus.hr\/hr\/sistemska-integracija\/","og_locale":"hr_HR","og_type":"article","og_title":"Sistemska integracija - CITUS","og_url":"https:\/\/citus.hr\/hr\/sistemska-integracija\/","og_site_name":"CITUS","article_publisher":"https:\/\/www.facebook.com\/citushr","article_modified_time":"2024-01-11T18:53:11+00:00","twitter_card":"summary_large_image","twitter_misc":{"Procijenjeno vrijeme \u010ditanja":"2 minute"},"schema":{"@context":"https:\/\/schema.org","@graph":[{"@type":"WebPage","@id":"https:\/\/citus.hr\/hr\/sistemska-integracija\/","url":"https:\/\/citus.hr\/hr\/sistemska-integracija\/","name":"Sistemska integracija - CITUS","isPartOf":{"@id":"https:\/\/citus.hr\/hr\/#website"},"datePublished":"2020-07-23T16:03:29+00:00","dateModified":"2024-01-11T18:53:11+00:00","breadcrumb":{"@id":"https:\/\/citus.hr\/hr\/sistemska-integracija\/#breadcrumb"},"inLanguage":"hr","potentialAction":[{"@type":"ReadAction","target":["https:\/\/citus.hr\/hr\/sistemska-integracija\/"]}]},{"@type":"BreadcrumbList","@id":"https:\/\/citus.hr\/hr\/sistemska-integracija\/#breadcrumb","itemListElement":[{"@type":"ListItem","position":1,"name":"Po\u010detna stranica","item":"https:\/\/citus.hr\/hr\/"},{"@type":"ListItem","position":2,"name":"Sistemska integracija"}]},{"@type":"WebSite","@id":"https:\/\/citus.hr\/hr\/#website","url":"https:\/\/citus.hr\/hr\/","name":"CITUS","description":"Innovation, Consulting, Education","publisher":{"@id":"https:\/\/citus.hr\/hr\/#organization"},"potentialAction":[{"@type":"SearchAction","target":{"@type":"EntryPoint","urlTemplate":"https:\/\/citus.hr\/hr\/?s={search_term_string}"},"query-input":{"@type":"PropertyValueSpecification","valueRequired":true,"valueName":"search_term_string"}}],"inLanguage":"hr"},{"@type":"Organization","@id":"https:\/\/citus.hr\/hr\/#organization","name":"Citus d.o.o.","url":"https:\/\/citus.hr\/hr\/","logo":{"@type":"ImageObject","inLanguage":"hr","@id":"https:\/\/citus.hr\/hr\/#\/schema\/logo\/image\/","url":"https:\/\/citus.hr\/wp-content\/uploads\/2024\/01\/citus-tekst-1.png","contentUrl":"https:\/\/citus.hr\/wp-content\/uploads\/2024\/01\/citus-tekst-1.png","width":645,"height":192,"caption":"Citus d.o.o."},"image":{"@id":"https:\/\/citus.hr\/hr\/#\/schema\/logo\/image\/"},"sameAs":["https:\/\/www.facebook.com\/citushr","https:\/\/www.linkedin.com\/company\/citus\/","https:\/\/www.youtube.com\/channel\/UCHGE0kAKHVRUeZ8okys4Q0w"]}]}},"_links":{"self":[{"href":"https:\/\/citus.hr\/hr\/wp-json\/wp\/v2\/pages\/23523","targetHints":{"allow":["GET"]}}],"collection":[{"href":"https:\/\/citus.hr\/hr\/wp-json\/wp\/v2\/pages"}],"about":[{"href":"https:\/\/citus.hr\/hr\/wp-json\/wp\/v2\/types\/page"}],"author":[{"embeddable":true,"href":"https:\/\/citus.hr\/hr\/wp-json\/wp\/v2\/users\/3"}],"replies":[{"embeddable":true,"href":"https:\/\/citus.hr\/hr\/wp-json\/wp\/v2\/comments?post=23523"}],"version-history":[{"count":65,"href":"https:\/\/citus.hr\/hr\/wp-json\/wp\/v2\/pages\/23523\/revisions"}],"predecessor-version":[{"id":28281,"href":"https:\/\/citus.hr\/hr\/wp-json\/wp\/v2\/pages\/23523\/revisions\/28281"}],"wp:attachment":[{"href":"https:\/\/citus.hr\/hr\/wp-json\/wp\/v2\/media?parent=23523"}],"curies":[{"name":"wp","href":"https:\/\/api.w.org\/{rel}","templated":true}]}}