{"id":26977,"date":"2022-02-08T17:12:12","date_gmt":"2022-02-08T15:12:12","guid":{"rendered":"https:\/\/citus.hr\/?page_id=26977"},"modified":"2024-02-15T10:47:43","modified_gmt":"2024-02-15T08:47:43","slug":"remote-mr-asistent","status":"publish","type":"page","link":"https:\/\/citus.hr\/hr\/remote-mr-asistent\/","title":{"rendered":"MR Asistent"},"content":{"rendered":"<div class=\"wpb-content-wrapper\"><section class=\"vc_row wpb_row vc_row-fluid\"><div class=\"wpb_column vc_column_container vc_col-sm-3  col-xs-mobile-fullwidth\"><div class=\"vc_column-inner \"><div class=\"wpb_wrapper\"><div class=\"last-paragraph-no-margin\"><p><img loading=\"lazy\" decoding=\"async\" class=\"alignnone size-full wp-image-23001\" style=\"margin-bottom: 0;\" src=\"\/wp-content\/uploads\/2020\/07\/projekt-eu.png\" alt=\"\" width=\"281\" height=\"107\" srcset=\"https:\/\/citus.hr\/wp-content\/uploads\/2020\/07\/projekt-eu.png 281w, https:\/\/citus.hr\/wp-content\/uploads\/2020\/07\/projekt-eu-120x46.png 120w, https:\/\/citus.hr\/wp-content\/uploads\/2020\/07\/projekt-eu-81x31.png 81w\" sizes=\"auto, (max-width: 281px) 100vw, 281px\" \/><\/p>\n<p style=\"text-align: center;\">Europska Unija &#8211; zajedno do EU fondova<\/p>\n<p><img loading=\"lazy\" decoding=\"async\" class=\"alignnone size-full wp-image-23003\" src=\"\/wp-content\/uploads\/2020\/07\/projekt-hr.png\" alt=\"\" width=\"281\" height=\"107\" srcset=\"https:\/\/citus.hr\/wp-content\/uploads\/2020\/07\/projekt-hr.png 281w, https:\/\/citus.hr\/wp-content\/uploads\/2020\/07\/projekt-hr-120x46.png 120w, https:\/\/citus.hr\/wp-content\/uploads\/2020\/07\/projekt-hr-81x31.png 81w\" sizes=\"auto, (max-width: 281px) 100vw, 281px\" \/><\/p>\n<p><a href=\"http:\/\/www.strukturnifondovi.hr\/\" target=\"_blank\" rel=\"noopener noreferrer\"><img loading=\"lazy\" decoding=\"async\" class=\"alignnone wp-image-23000 size-full\" src=\"\/wp-content\/uploads\/2020\/07\/projekt-esi.png\" alt=\"Europski strukturni i investicijski fondovi\" width=\"281\" height=\"86\" srcset=\"https:\/\/citus.hr\/wp-content\/uploads\/2020\/07\/projekt-esi.png 281w, https:\/\/citus.hr\/wp-content\/uploads\/2020\/07\/projekt-esi-120x37.png 120w, https:\/\/citus.hr\/wp-content\/uploads\/2020\/07\/projekt-esi-81x25.png 81w\" sizes=\"auto, (max-width: 281px) 100vw, 281px\" \/><\/a><\/p>\n<p><img loading=\"lazy\" decoding=\"async\" class=\"alignnone wp-image-22998 size-full\" src=\"\/wp-content\/uploads\/2020\/07\/projekt-opkk.png\" alt=\"Operativni program Konkurentnost i kohezija\" width=\"281\" height=\"69\" srcset=\"https:\/\/citus.hr\/wp-content\/uploads\/2020\/07\/projekt-opkk.png 281w, https:\/\/citus.hr\/wp-content\/uploads\/2020\/07\/projekt-opkk-120x29.png 120w, https:\/\/citus.hr\/wp-content\/uploads\/2020\/07\/projekt-opkk-81x20.png 81w\" sizes=\"auto, (max-width: 281px) 100vw, 281px\" \/><\/p>\n<p>Projekt sufinancira Europska unija iz Europskog fonda za regionalni razvoj koji se provodi u sklopu Operativnog programa Konkurentnost i kohezija 2014-2020.<\/p>\n<p>Partneri<\/p>\n<p><img loading=\"lazy\" decoding=\"async\" class=\"alignnone size-full wp-image-27027\" src=\"https:\/\/citus.hr\/wp-content\/uploads\/2022\/02\/graficki_fakultet_logo.png\" alt=\"grafi\u010dki_fakultet\" width=\"300\" height=\"93\" srcset=\"https:\/\/citus.hr\/wp-content\/uploads\/2022\/02\/graficki_fakultet_logo.png 300w, https:\/\/citus.hr\/wp-content\/uploads\/2022\/02\/graficki_fakultet_logo-120x37.png 120w, https:\/\/citus.hr\/wp-content\/uploads\/2022\/02\/graficki_fakultet_logo-81x25.png 81w\" sizes=\"auto, (max-width: 300px) 100vw, 300px\" \/><\/p>\n<\/div><\/div><\/div><\/div><div class=\"wpb_column vc_column_container vc_col-sm-9  col-xs-mobile-fullwidth\"><div class=\"vc_column-inner \"><div class=\"wpb_wrapper\"><div class=\"last-paragraph-no-margin\"><h6 class=\"alt-font\">Razvoj softvera za kontekstualizaciju industrijske okoline pomo\u0107u pomije\u0161ane stvarnosti u energetici i prometu<\/h6>\n<p>Virtualna stvarnost (VR), pro\u0161irena stvarnost (AR) i pomije\u0161ana stvarnost (MR) kao dio umjetne inteligencije (Artificial Intelligence) su skup tehnologija koji se nalazi u po\u010detnim fazama razvoja za poslovne namjene. Broj razvijenih komercijalnih proizvoda u ovome podru\u010dju jo\u0161 je vrlo skroman, a \u010dak se i za ve\u0107inu takvih mo\u017ee vidjeti da im stabilnost postojanja i dostupnosti na tr\u017ei\u0161tu vrlo upitno.<\/p>\n<p>Pojavom 3D tehnologija poslovne je korisnike privukao veliki potencijal primjene tih tehnologija u svakodnevnom poslovanju pa oni tra\u017ee kvalitetna rje\u0161enja koja bi im omogu\u0107ila konkurentsku prednost na tr\u017ei\u0161tu. Stoga mnoge korporacije ula\u017eu velika sredstva u vlastiti razvoj novih rje\u0161enja, naj\u010de\u0161\u0107e bez suradnje sa znanstvenom zajednicom.<\/p>\n<p>O\u010dekivani rezultat projekta je inovativno softversko rje\u0161enje koje omogu\u0107ava povezivanje sa VR\/AR\/MR tehnologijama namijenjeno direktnoj prodaji na svjetskom tr\u017ei\u0161tu, te ugradnji u druge softverske proizvode prijavitelja koje \u0107e na taj na\u010din postati tr\u017ei\u0161no konkurentni.<\/p>\n<p>Javni poziv:<strong>\u00a0\u201ePove\u0107anje razvoja novih proizvoda i usluga koji proizlaze iz aktivnosti istra\u017eivanja i razvoja \u2013 faza II\u201c<\/strong><br \/>\nKod projekta:<strong>\u00a0KK.01.2.1.02.0296<\/strong><br \/>\nUkupna vrijednost projekta:<strong>\u00a07.498.779,30 kn<\/strong><br \/>\nBespovratna sredstva:<strong>\u00a03.875.204,95 kn<\/strong><br \/>\nRazdoblje provedbe:<strong> 30.9.2021. &#8211; 31.11.2023.<\/strong><br \/>\nKontakt:\u00a0<strong>CITUS d.o.o.<\/strong>\u00a0|\u00a0<strong><a class=\"text-blue\" href=\"mailto:citus@citus.hr\">citus@citus.hr<\/a><\/strong>\u00a0|\u00a0<strong>tel +385 1 3667 120<\/strong><br \/>\nPogledati vi\u0161e na: <strong><a class=\"text-blue\" title=\"www.strukturnifondovi.hr\" href=\"https:\/\/mrassistant.eu\/\" target=\"_blank\" rel=\"noopener noreferrer\">mrassistant.eu<\/a><\/strong><\/p>\n<\/div><\/div><\/div><\/div><\/section>\n<\/div>","protected":false},"excerpt":{"rendered":"Europska Unija - zajedno do EU fondova Projekt sufinancira Europska unija iz Europskog fonda za regionalni razvoj koji se provodi u sklopu Operativnog programa Konkurentnost i kohezija 2014-2020. Partneri Razvoj softvera za kontekstualizaciju industrijske okoline pomo\u0107u pomije\u0161ane stvarnosti u energetici i prometu Virtualna stvarnost (VR), pro\u0161irena stvarnost (AR) i pomije\u0161ana stvarnost (MR) kao dio umjetne inteligencije (Artificial Intelligence) su skup tehnologija koji se nalazi u po\u010detnim fazama razvoja za poslovne namjene. Broj razvijenih komercijalnih proizvoda u ovome podru\u010dju jo\u0161 je vrlo skroman, a \u010dak se i za ve\u0107inu takvih mo\u017ee vidjeti da im stabilnost postojanja i dostupnosti na tr\u017ei\u0161tu vrlo upitno. Pojavom 3D tehnologija poslovne je korisnike privukao veliki potencijal primjene tih tehnologija u svakodnevnom poslovanju pa oni tra\u017ee kvalitetna rje\u0161enja koja bi im omogu\u0107ila konkurentsku prednost na tr\u017ei\u0161tu. Stoga mnoge korporacije ula\u017eu velika sredstva u vlastiti razvoj novih rje\u0161enja, naj\u010de\u0161\u0107e bez suradnje sa znanstvenom zajednicom. O\u010dekivani rezultat projekta je inovativno softversko rje\u0161enje koje omogu\u0107ava povezivanje sa VR\/AR\/MR tehnologijama namijenjeno direktnoj prodaji na svjetskom tr\u017ei\u0161tu, te ugradnji u druge softverske proizvode prijavitelja koje \u0107e na taj na\u010din postati tr\u017ei\u0161no konkurentni. Javni poziv:\u00a0\u201ePove\u0107anje razvoja novih proizvoda i usluga koji proizlaze iz aktivnosti istra\u017eivanja i razvoja \u2013 faza II\u201c Kod projekta:\u00a0KK.01.2.1.02.0296 Ukupna...","protected":false},"author":1,"featured_media":0,"parent":0,"menu_order":0,"comment_status":"closed","ping_status":"closed","template":"","meta":{"_acf_changed":false,"_monsterinsights_skip_tracking":false,"_monsterinsights_sitenote_active":false,"_monsterinsights_sitenote_note":"","_monsterinsights_sitenote_category":0,"footnotes":""},"class_list":["post-26977","page","type-page","status-publish","hentry"],"acf":[],"yoast_head":"<!-- This site is optimized with the Yoast SEO plugin v27.4 - https:\/\/yoast.com\/product\/yoast-seo-wordpress\/ -->\n<title>MR Asistent - CITUS<\/title>\n<meta name=\"robots\" content=\"index, follow, max-snippet:-1, max-image-preview:large, max-video-preview:-1\" \/>\n<link rel=\"canonical\" href=\"https:\/\/citus.hr\/hr\/remote-mr-asistent\/\" \/>\n<meta property=\"og:locale\" content=\"hr_HR\" \/>\n<meta property=\"og:type\" content=\"article\" \/>\n<meta property=\"og:title\" content=\"MR Asistent - CITUS\" \/>\n<meta property=\"og:url\" content=\"https:\/\/citus.hr\/hr\/remote-mr-asistent\/\" \/>\n<meta property=\"og:site_name\" content=\"CITUS\" \/>\n<meta property=\"article:publisher\" content=\"https:\/\/www.facebook.com\/citushr\" \/>\n<meta property=\"article:modified_time\" content=\"2024-02-15T08:47:43+00:00\" \/>\n<meta property=\"og:image\" content=\"https:\/\/citus.hr\/wp-content\/uploads\/2022\/02\/graficki_fakultet_logo.png\" \/>\n<meta name=\"twitter:card\" content=\"summary_large_image\" \/>\n<meta name=\"twitter:label1\" content=\"Procijenjeno vrijeme \u010ditanja\" \/>\n\t<meta name=\"twitter:data1\" content=\"3 minute\" \/>\n<script type=\"application\/ld+json\" class=\"yoast-schema-graph\">{\"@context\":\"https:\\\/\\\/schema.org\",\"@graph\":[{\"@type\":\"WebPage\",\"@id\":\"https:\\\/\\\/citus.hr\\\/hr\\\/remote-mr-asistent\\\/\",\"url\":\"https:\\\/\\\/citus.hr\\\/hr\\\/remote-mr-asistent\\\/\",\"name\":\"MR Asistent - CITUS\",\"isPartOf\":{\"@id\":\"https:\\\/\\\/citus.hr\\\/hr\\\/#website\"},\"primaryImageOfPage\":{\"@id\":\"https:\\\/\\\/citus.hr\\\/hr\\\/remote-mr-asistent\\\/#primaryimage\"},\"image\":{\"@id\":\"https:\\\/\\\/citus.hr\\\/hr\\\/remote-mr-asistent\\\/#primaryimage\"},\"thumbnailUrl\":\"https:\\\/\\\/citus.hr\\\/wp-content\\\/uploads\\\/2022\\\/02\\\/graficki_fakultet_logo.png\",\"datePublished\":\"2022-02-08T15:12:12+00:00\",\"dateModified\":\"2024-02-15T08:47:43+00:00\",\"breadcrumb\":{\"@id\":\"https:\\\/\\\/citus.hr\\\/hr\\\/remote-mr-asistent\\\/#breadcrumb\"},\"inLanguage\":\"hr\",\"potentialAction\":[{\"@type\":\"ReadAction\",\"target\":[\"https:\\\/\\\/citus.hr\\\/hr\\\/remote-mr-asistent\\\/\"]}]},{\"@type\":\"ImageObject\",\"inLanguage\":\"hr\",\"@id\":\"https:\\\/\\\/citus.hr\\\/hr\\\/remote-mr-asistent\\\/#primaryimage\",\"url\":\"https:\\\/\\\/citus.hr\\\/wp-content\\\/uploads\\\/2022\\\/02\\\/graficki_fakultet_logo.png\",\"contentUrl\":\"https:\\\/\\\/citus.hr\\\/wp-content\\\/uploads\\\/2022\\\/02\\\/graficki_fakultet_logo.png\"},{\"@type\":\"BreadcrumbList\",\"@id\":\"https:\\\/\\\/citus.hr\\\/hr\\\/remote-mr-asistent\\\/#breadcrumb\",\"itemListElement\":[{\"@type\":\"ListItem\",\"position\":1,\"name\":\"Po\u010detna stranica\",\"item\":\"https:\\\/\\\/citus.hr\\\/hr\\\/\"},{\"@type\":\"ListItem\",\"position\":2,\"name\":\"MR Asistent\"}]},{\"@type\":\"WebSite\",\"@id\":\"https:\\\/\\\/citus.hr\\\/hr\\\/#website\",\"url\":\"https:\\\/\\\/citus.hr\\\/hr\\\/\",\"name\":\"CITUS\",\"description\":\"Innovation, Consulting, Education\",\"publisher\":{\"@id\":\"https:\\\/\\\/citus.hr\\\/hr\\\/#organization\"},\"potentialAction\":[{\"@type\":\"SearchAction\",\"target\":{\"@type\":\"EntryPoint\",\"urlTemplate\":\"https:\\\/\\\/citus.hr\\\/hr\\\/?s={search_term_string}\"},\"query-input\":{\"@type\":\"PropertyValueSpecification\",\"valueRequired\":true,\"valueName\":\"search_term_string\"}}],\"inLanguage\":\"hr\"},{\"@type\":\"Organization\",\"@id\":\"https:\\\/\\\/citus.hr\\\/hr\\\/#organization\",\"name\":\"Citus d.o.o.\",\"url\":\"https:\\\/\\\/citus.hr\\\/hr\\\/\",\"logo\":{\"@type\":\"ImageObject\",\"inLanguage\":\"hr\",\"@id\":\"https:\\\/\\\/citus.hr\\\/hr\\\/#\\\/schema\\\/logo\\\/image\\\/\",\"url\":\"https:\\\/\\\/citus.hr\\\/wp-content\\\/uploads\\\/2024\\\/01\\\/citus-tekst-1.png\",\"contentUrl\":\"https:\\\/\\\/citus.hr\\\/wp-content\\\/uploads\\\/2024\\\/01\\\/citus-tekst-1.png\",\"width\":645,\"height\":192,\"caption\":\"Citus d.o.o.\"},\"image\":{\"@id\":\"https:\\\/\\\/citus.hr\\\/hr\\\/#\\\/schema\\\/logo\\\/image\\\/\"},\"sameAs\":[\"https:\\\/\\\/www.facebook.com\\\/citushr\",\"https:\\\/\\\/www.linkedin.com\\\/company\\\/citus\\\/\",\"https:\\\/\\\/www.youtube.com\\\/channel\\\/UCHGE0kAKHVRUeZ8okys4Q0w\"]}]}<\/script>\n<!-- \/ Yoast SEO plugin. -->","yoast_head_json":{"title":"MR Asistent - CITUS","robots":{"index":"index","follow":"follow","max-snippet":"max-snippet:-1","max-image-preview":"max-image-preview:large","max-video-preview":"max-video-preview:-1"},"canonical":"https:\/\/citus.hr\/hr\/remote-mr-asistent\/","og_locale":"hr_HR","og_type":"article","og_title":"MR Asistent - CITUS","og_url":"https:\/\/citus.hr\/hr\/remote-mr-asistent\/","og_site_name":"CITUS","article_publisher":"https:\/\/www.facebook.com\/citushr","article_modified_time":"2024-02-15T08:47:43+00:00","og_image":[{"url":"https:\/\/citus.hr\/wp-content\/uploads\/2022\/02\/graficki_fakultet_logo.png","type":"","width":"","height":""}],"twitter_card":"summary_large_image","twitter_misc":{"Procijenjeno vrijeme \u010ditanja":"3 minute"},"schema":{"@context":"https:\/\/schema.org","@graph":[{"@type":"WebPage","@id":"https:\/\/citus.hr\/hr\/remote-mr-asistent\/","url":"https:\/\/citus.hr\/hr\/remote-mr-asistent\/","name":"MR Asistent - CITUS","isPartOf":{"@id":"https:\/\/citus.hr\/hr\/#website"},"primaryImageOfPage":{"@id":"https:\/\/citus.hr\/hr\/remote-mr-asistent\/#primaryimage"},"image":{"@id":"https:\/\/citus.hr\/hr\/remote-mr-asistent\/#primaryimage"},"thumbnailUrl":"https:\/\/citus.hr\/wp-content\/uploads\/2022\/02\/graficki_fakultet_logo.png","datePublished":"2022-02-08T15:12:12+00:00","dateModified":"2024-02-15T08:47:43+00:00","breadcrumb":{"@id":"https:\/\/citus.hr\/hr\/remote-mr-asistent\/#breadcrumb"},"inLanguage":"hr","potentialAction":[{"@type":"ReadAction","target":["https:\/\/citus.hr\/hr\/remote-mr-asistent\/"]}]},{"@type":"ImageObject","inLanguage":"hr","@id":"https:\/\/citus.hr\/hr\/remote-mr-asistent\/#primaryimage","url":"https:\/\/citus.hr\/wp-content\/uploads\/2022\/02\/graficki_fakultet_logo.png","contentUrl":"https:\/\/citus.hr\/wp-content\/uploads\/2022\/02\/graficki_fakultet_logo.png"},{"@type":"BreadcrumbList","@id":"https:\/\/citus.hr\/hr\/remote-mr-asistent\/#breadcrumb","itemListElement":[{"@type":"ListItem","position":1,"name":"Po\u010detna stranica","item":"https:\/\/citus.hr\/hr\/"},{"@type":"ListItem","position":2,"name":"MR Asistent"}]},{"@type":"WebSite","@id":"https:\/\/citus.hr\/hr\/#website","url":"https:\/\/citus.hr\/hr\/","name":"CITUS","description":"Innovation, Consulting, Education","publisher":{"@id":"https:\/\/citus.hr\/hr\/#organization"},"potentialAction":[{"@type":"SearchAction","target":{"@type":"EntryPoint","urlTemplate":"https:\/\/citus.hr\/hr\/?s={search_term_string}"},"query-input":{"@type":"PropertyValueSpecification","valueRequired":true,"valueName":"search_term_string"}}],"inLanguage":"hr"},{"@type":"Organization","@id":"https:\/\/citus.hr\/hr\/#organization","name":"Citus d.o.o.","url":"https:\/\/citus.hr\/hr\/","logo":{"@type":"ImageObject","inLanguage":"hr","@id":"https:\/\/citus.hr\/hr\/#\/schema\/logo\/image\/","url":"https:\/\/citus.hr\/wp-content\/uploads\/2024\/01\/citus-tekst-1.png","contentUrl":"https:\/\/citus.hr\/wp-content\/uploads\/2024\/01\/citus-tekst-1.png","width":645,"height":192,"caption":"Citus d.o.o."},"image":{"@id":"https:\/\/citus.hr\/hr\/#\/schema\/logo\/image\/"},"sameAs":["https:\/\/www.facebook.com\/citushr","https:\/\/www.linkedin.com\/company\/citus\/","https:\/\/www.youtube.com\/channel\/UCHGE0kAKHVRUeZ8okys4Q0w"]}]}},"_links":{"self":[{"href":"https:\/\/citus.hr\/hr\/wp-json\/wp\/v2\/pages\/26977","targetHints":{"allow":["GET"]}}],"collection":[{"href":"https:\/\/citus.hr\/hr\/wp-json\/wp\/v2\/pages"}],"about":[{"href":"https:\/\/citus.hr\/hr\/wp-json\/wp\/v2\/types\/page"}],"author":[{"embeddable":true,"href":"https:\/\/citus.hr\/hr\/wp-json\/wp\/v2\/users\/1"}],"replies":[{"embeddable":true,"href":"https:\/\/citus.hr\/hr\/wp-json\/wp\/v2\/comments?post=26977"}],"version-history":[{"count":17,"href":"https:\/\/citus.hr\/hr\/wp-json\/wp\/v2\/pages\/26977\/revisions"}],"predecessor-version":[{"id":29086,"href":"https:\/\/citus.hr\/hr\/wp-json\/wp\/v2\/pages\/26977\/revisions\/29086"}],"wp:attachment":[{"href":"https:\/\/citus.hr\/hr\/wp-json\/wp\/v2\/media?parent=26977"}],"curies":[{"name":"wp","href":"https:\/\/api.w.org\/{rel}","templated":true}]}}