{"id":28017,"date":"2023-11-10T11:54:05","date_gmt":"2023-11-10T09:54:05","guid":{"rendered":"https:\/\/citus.hr\/bookmedia-contact-and-support\/"},"modified":"2024-01-12T16:43:24","modified_gmt":"2024-01-12T14:43:24","slug":"bookmedia-kontakt-i-podrska","status":"publish","type":"page","link":"https:\/\/citus.hr\/hr\/bookmedia-kontakt-i-podrska\/","title":{"rendered":"BookMedia kontakt i podr\u0161ka"},"content":{"rendered":"<div class=\"wpb-content-wrapper\"><section data-vc-full-width=\"true\" data-vc-full-width-init=\"false\" class=\"vc_row wpb_row vc_row-fluid  vc_custom_1595947493059 vc_row-has-fill pofo-stretch-content pofo-stretch-row-container vc_row-o-content-middle vc_row-flex\"><div class=\"wpb_column vc_column_container vc_col-sm-3  col-xs-mobile-fullwidth text-center md-text-center sm-text-center xs-text-center\"><div class=\"vc_column-inner \"><div class=\"wpb_wrapper\"><div class=\"featurebox8 pofo-featurebox pofo-feature-box-responsive-69e0732d7bb57 position-relative overflow-hidden z-index-5 padding-twelve-all md-padding-six-all xs-padding-15px-lr featurebox8-1\" ><div class=\"display-inline-block\"><i class=\"link-icon icon-envelope icon-large text-deep-pink  margin-20px-bottom\" style=\"color:#f36118; \"><\/i><\/div><\/div><\/div><\/div><\/div><div class=\"wpb_column vc_column_container vc_col-sm-3  col-xs-mobile-fullwidth sm-text-center xs-text-center\"><div class=\"vc_column-inner \"><div class=\"wpb_wrapper\"><div class=\"last-paragraph-no-margin\"><div class=\"text-extra-dark-gray margin-5px-bottom alt-font font-weight-600\">Po\u0161taljite nam e-mail<\/div>\n<div class=\"last-paragraph-no-margin\">\n<p><a href=\"mailto:citus@citus.hr\">citus@citus.hr<\/a><\/p>\n<\/div>\n<\/div><\/div><\/div><\/div><div class=\"wpb_column vc_column_container vc_col-sm-3  col-xs-mobile-fullwidth text-center md-text-center sm-text-center xs-text-center\"><div class=\"vc_column-inner \"><div class=\"wpb_wrapper\"><div class=\"featurebox8 pofo-featurebox position-relative overflow-hidden z-index-5 padding-twelve-all md-padding-six-all xs-padding-15px-lr featurebox8-2\" ><div class=\"display-inline-block\"><i class=\"link-icon icon-chat icon-large text-deep-pink  margin-20px-bottom\" style=\"color:#f36118; \"><\/i><\/div><\/div><\/div><\/div><\/div><div class=\"wpb_column vc_column_container vc_col-sm-3  col-xs-mobile-fullwidth sm-text-center xs-text-center\"><div class=\"vc_column-inner \"><div class=\"wpb_wrapper\"><div class=\"last-paragraph-no-margin\"><div class=\"text-extra-dark-gray margin-5px-bottom alt-font font-weight-600\">Kontaktirajte nas<\/div>\n<div class=\"last-paragraph-no-margin\">\n<p><a href=\"tel:+38513667120\">+385 1 3667 120<\/a><br \/>\nVrbje 1C, Zagreb<\/p>\n<\/div>\n<\/div><\/div><\/div><\/div><\/section><div class=\"vc_row-full-width vc_clearfix\"><\/div><section data-vc-full-width=\"true\" data-vc-full-width-init=\"false\" class=\"vc_row wpb_row vc_row-fluid  vc_custom_1595945988265 wow fadeIn pofo-stretch-content pofo-stretch-row-container pofo-row-responsive-69e0732d7becf\"><div class=\"wpb_column vc_column_container vc_col-sm-12  col-xs-mobile-fullwidth text-center\"><div class=\"vc_column-inner \"><div class=\"wpb_wrapper\"><h5 class=\"text-extra-dark-gray margin-20px-bottom font-weight-600 display-block alt-font text-uppercase heading-style2  vc_custom_1596034918275  heading-1\"  style=\"font-weight: 700;\">Kontakt obrazac<\/h5>\n<div class=\"wpcf7 no-js\" id=\"wpcf7-f28340-o1\" lang=\"hr\" dir=\"ltr\" data-wpcf7-id=\"28340\">\n<div class=\"screen-reader-response\"><p role=\"status\" aria-live=\"polite\" aria-atomic=\"true\"><\/p> <ul><\/ul><\/div>\n<form action=\"\/hr\/wp-json\/wp\/v2\/pages\/28017#wpcf7-f28340-o1\" method=\"post\" class=\"wpcf7-form init\" aria-label=\"Kontakt obrazac\" novalidate=\"novalidate\" data-status=\"init\">\n<fieldset class=\"hidden-fields-container\"><input type=\"hidden\" name=\"_wpcf7\" value=\"28340\" \/><input type=\"hidden\" name=\"_wpcf7_version\" value=\"6.1.5\" \/><input type=\"hidden\" name=\"_wpcf7_locale\" value=\"hr\" \/><input type=\"hidden\" name=\"_wpcf7_unit_tag\" value=\"wpcf7-f28340-o1\" \/><input type=\"hidden\" name=\"_wpcf7_container_post\" value=\"0\" \/><input type=\"hidden\" name=\"_wpcf7_posted_data_hash\" value=\"\" \/><input type=\"hidden\" name=\"_wpcf7dtx_version\" value=\"5.0.5\" \/><input type=\"hidden\" name=\"_wpcf7_recaptcha_response\" value=\"\" \/>\n<\/fieldset>\n<div class=\"col-md-6\">\n\t<p><span class=\"wpcf7-form-control-wrap\" data-name=\"ime\"><input size=\"40\" maxlength=\"400\" class=\"wpcf7-form-control wpcf7-text wpcf7-validates-as-required big-input\" aria-required=\"true\" aria-invalid=\"false\" placeholder=\"Ime *\" value=\"\" type=\"text\" name=\"ime\" \/><\/span>\n\t<\/p>\n<\/div>\n<div class=\"col-md-6\">\n\t<p><span class=\"wpcf7-form-control-wrap\" data-name=\"telefon\"><input size=\"40\" maxlength=\"400\" class=\"wpcf7-form-control wpcf7-text big-input\" aria-invalid=\"false\" placeholder=\"Telefon\" value=\"\" type=\"text\" name=\"telefon\" \/><\/span>\n\t<\/p>\n<\/div>\n<div class=\"col-md-6\">\n\t<p><span class=\"wpcf7-form-control-wrap\" data-name=\"email\"><input size=\"40\" maxlength=\"400\" class=\"wpcf7-form-control wpcf7-email wpcf7-validates-as-required wpcf7-text wpcf7-validates-as-email big-input\" aria-required=\"true\" aria-invalid=\"false\" placeholder=\"E-mail *\" value=\"\" type=\"email\" name=\"email\" \/><\/span>\n\t<\/p>\n<\/div>\n<div class=\"col-md-6\">\n\t<p><span class=\"wpcf7-form-control-wrap\" data-name=\"predmet\"><input size=\"40\" maxlength=\"400\" class=\"wpcf7-form-control wpcf7-text big-input\" aria-invalid=\"false\" placeholder=\"Predmet\" value=\"\" type=\"text\" name=\"predmet\" \/><\/span>\n\t<\/p>\n<\/div>\n<div class=\"col-md-12\">\n\t<p><span class=\"wpcf7-form-control-wrap\" data-name=\"poruka\"><textarea cols=\"40\" rows=\"6\" maxlength=\"2000\" class=\"wpcf7-form-control wpcf7-textarea xs-margin-40px-bottom big-textarea\" aria-invalid=\"false\" placeholder=\"Poruka\" name=\"poruka\"><\/textarea><\/span>\n\t<\/p>\n<\/div>\n<div class=\"col-md-12 checkbox-container\">\n\t<p><span class=\"wpcf7-form-control-wrap\" data-name=\"privola\"><span class=\"wpcf7-form-control wpcf7-acceptance\"><span class=\"wpcf7-list-item\"><label><input type=\"checkbox\" name=\"privola\" value=\"1\" class=\"checkmark\" aria-invalid=\"false\" \/><span class=\"wpcf7-list-item-label\">Potvr\u0111ujem da sam pro\u010ditao\/la, shvatio\/la i prihvatio\/la <a href=\"\/politika-privatnosti\" target=\"_blank\"><strong>pravila privatnosti<\/strong><\/a> ove web stranice! Sla\u017eem se da CITUS d.o.o. pohrani moje ime i e-mail adresu u svhu daljnje komunikacije. Na vlastiti zahtjev u svakom se trenutku mogu ispisati iz evidencije, zatra\u017eiti pristup svojim podacima, te ih po \u017eelji urediti ili trajno ukloniti.\n<strong>Ovu web stranicu \u0161tite reCAPTCHA i Google: <a href=\"https:\/\/policies.google.com\/privacy\" target=\"_blank\">Politika privatnosti<\/a> i <a href=\"https:\/\/policies.google.com\/terms\" target=\"_blank\">Uvjeti pru\u017eanja usluge<\/a><\/strong><\/span><\/label><\/span><\/span><\/span>\n\t<\/p>\n<\/div>\n<div class=\"col-md-12\">\n\t<p><input class=\"wpcf7-form-control wpcf7-submit has-spinner btn btn-transparent-dark-gray btn-large\" type=\"submit\" value=\"Po\u0161aljite poruku\" \/>\n\t<\/p>\n<\/div><input type='hidden' class='wpcf7-pum' value='{\"closepopup\":false,\"closedelay\":0,\"openpopup\":false,\"openpopup_id\":0}' \/><div class=\"wpcf7-response-output\" aria-hidden=\"true\"><\/div>\n<\/form>\n<\/div>\n<\/div><\/div><\/div><\/section><div class=\"vc_row-full-width vc_clearfix\"><\/div><section data-vc-full-width=\"true\" data-vc-full-width-init=\"false\" class=\"vc_row wpb_row vc_row-fluid  vc_custom_1597218881830 wow fadeIn vc_row-has-fill pofo-stretch-content pofo-stretch-row-container pofo-row-responsive-69e0732d7d10d\"><div class=\"wpb_column vc_column_container vc_col-sm-12  col-xs-mobile-fullwidth text-center\"><div class=\"vc_column-inner \"><div class=\"wpb_wrapper\"><h5 class=\"text-extra-dark-gray margin-20px-bottom font-weight-600 display-block alt-font text-uppercase heading-style2  vc_custom_1597218829990  heading-2\"  style=\"font-weight: 700;\">Osobna iskaznica<\/h5><div class=\"vc_row wpb_row vc_inner vc_row-fluid\"><div class=\"wpb_column vc_column_container vc_col-sm-1  col-xs-mobile-fullwidth\"><div class=\"vc_column-inner \"><div class=\"wpb_wrapper\"><div class=\"featurebox8 pofo-featurebox pofo-feature-box-responsive-69e0732d7d49b position-relative overflow-hidden z-index-5 padding-twelve-all md-padding-six-all xs-padding-15px-lr featurebox8-3\" ><div class=\"display-inline-block\"><i class=\"link-icon icon-desktop icon-extra-medium text-deep-pink  margin-20px-bottom\" style=\"color:#f36118; \"><\/i><\/div><\/div><\/div><\/div><\/div><div class=\"wpb_column vc_column_container vc_col-sm-3  col-xs-mobile-fullwidth text-left md-text-left sm-text-left xs-text-center\"><div class=\"vc_column-inner \"><div class=\"wpb_wrapper\"><div class=\"last-paragraph-no-margin\"><div class=\"text-extra-dark-gray margin-5px-bottom alt-font font-weight-600\">Puni naziv<\/div>\n<div class=\"margin-10px-bottom\">CITUS proizvodnja ra\u010dunalnih programa d.o.o.<\/div>\n<div class=\"text-extra-dark-gray margin-5px-bottom alt-font font-weight-600\">Sjedi\u0161te<\/div>\n<div class=\"last-paragraph-no-margin\">Vrbje 1C, Zagreb<\/div>\n<\/div><\/div><\/div><\/div><div class=\"wpb_column vc_column_container vc_col-sm-1  col-xs-mobile-fullwidth\"><div class=\"vc_column-inner \"><div class=\"wpb_wrapper\"><div class=\"featurebox8 pofo-featurebox position-relative overflow-hidden z-index-5 padding-twelve-all md-padding-six-all xs-padding-15px-lr featurebox8-4\" ><div class=\"display-inline-block\"><i class=\"link-icon icon-document icon-extra-medium text-deep-pink  margin-20px-bottom\" style=\"color:#f36118; \"><\/i><\/div><\/div><\/div><\/div><\/div><div class=\"wpb_column vc_column_container vc_col-sm-3  col-xs-mobile-fullwidth text-left md-text-left sm-text-left xs-text-center\"><div class=\"vc_column-inner \"><div class=\"wpb_wrapper\"><div class=\"last-paragraph-no-margin\"><div class=\"text-extra-dark-gray margin-5px-bottom alt-font font-weight-600\">Nadle\u017eni sud<\/div>\n<div class=\"margin-10px-bottom\">Trgova\u010dki sud u Zagrebu<br \/>\nMBS 080278782, OIB 64959301921<\/div>\n<div class=\"text-extra-dark-gray margin-5px-bottom alt-font font-weight-600\">\u010clanovi uprave<\/div>\n<div class=\"last-paragraph-no-margin\">Tomislav Bronzin, Danijela Bronzin<\/div>\n<\/div><\/div><\/div><\/div><div class=\"wpb_column vc_column_container vc_col-sm-1  col-xs-mobile-fullwidth\"><div class=\"vc_column-inner \"><div class=\"wpb_wrapper\"><div class=\"featurebox8 pofo-featurebox position-relative overflow-hidden z-index-5 padding-twelve-all md-padding-six-all xs-padding-15px-lr featurebox8-5\" ><div class=\"display-inline-block\"><i class=\"link-icon icon-wallet icon-extra-medium text-deep-pink  margin-20px-bottom\" style=\"color:#f36118; \"><\/i><\/div><\/div><\/div><\/div><\/div><div class=\"wpb_column vc_column_container vc_col-sm-3  col-xs-mobile-fullwidth text-left md-text-left sm-text-left xs-text-center\"><div class=\"vc_column-inner \"><div class=\"wpb_wrapper\"><div class=\"last-paragraph-no-margin\"><div class=\"text-extra-dark-gray margin-5px-bottom alt-font font-weight-600\">Temeljni kapital<\/div>\n<div class=\"margin-10px-bottom\">20.000,00 kuna upla\u0107en u cijelosti<\/div>\n<div class=\"text-extra-dark-gray margin-5px-bottom alt-font font-weight-600\">Ra\u010dun<\/div>\n<div class=\"last-paragraph-no-margin\">IBAN: HR6223600001101228323<br \/>\nZagreba\u010dka banka d.d.<\/div>\n<\/div><\/div><\/div><\/div><\/div><\/div><\/div><\/div><\/section><div class=\"vc_row-full-width vc_clearfix\"><\/div>\n<\/div>","protected":false},"excerpt":{"rendered":"Po\u0161taljite nam e-mail citus@citus.hr Kontaktirajte nas +385 1 3667 120 Vrbje 1C, Zagreb Kontakt obrazac Potvr\u0111ujem da sam pro\u010ditao\/la, shvatio\/la i prihvatio\/la pravila privatnosti ove web stranice! Sla\u017eem se da CITUS d.o.o. pohrani moje ime i e-mail adresu u svhu daljnje komunikacije. Na vlastiti zahtjev u svakom se trenutku mogu ispisati iz evidencije, zatra\u017eiti pristup svojim podacima, te ih po \u017eelji urediti ili trajno ukloniti. Ovu web stranicu \u0161tite reCAPTCHA i Google: Politika privatnosti i Uvjeti pru\u017eanja usluge Osobna iskaznicaPuni naziv CITUS proizvodnja ra\u010dunalnih programa d.o.o. Sjedi\u0161te Vrbje 1C, Zagreb Nadle\u017eni sud Trgova\u010dki sud u Zagrebu MBS 080278782, OIB 64959301921 \u010clanovi uprave Tomislav Bronzin, Danijela Bronzin Temeljni kapital 20.000,00 kuna upla\u0107en u cijelosti Ra\u010dun IBAN: HR6223600001101228323 Zagreba\u010dka banka d.d.","protected":false},"author":1,"featured_media":0,"parent":0,"menu_order":0,"comment_status":"closed","ping_status":"closed","template":"","meta":{"_acf_changed":false,"_monsterinsights_skip_tracking":false,"_monsterinsights_sitenote_active":false,"_monsterinsights_sitenote_note":"","_monsterinsights_sitenote_category":0,"footnotes":""},"class_list":["post-28017","page","type-page","status-publish","hentry"],"acf":[],"yoast_head":"<!-- This site is optimized with the Yoast SEO plugin v27.4 - https:\/\/yoast.com\/product\/yoast-seo-wordpress\/ -->\n<title>BookMedia kontakt i podr\u0161ka - CITUS<\/title>\n<meta name=\"robots\" content=\"index, follow, max-snippet:-1, max-image-preview:large, max-video-preview:-1\" \/>\n<link rel=\"canonical\" href=\"https:\/\/citus.hr\/hr\/bookmedia-kontakt-i-podrska\/\" \/>\n<meta property=\"og:locale\" content=\"hr_HR\" \/>\n<meta property=\"og:type\" content=\"article\" \/>\n<meta property=\"og:title\" content=\"BookMedia kontakt i podr\u0161ka - CITUS\" \/>\n<meta property=\"og:url\" content=\"https:\/\/citus.hr\/hr\/bookmedia-kontakt-i-podrska\/\" \/>\n<meta property=\"og:site_name\" content=\"CITUS\" \/>\n<meta property=\"article:publisher\" content=\"https:\/\/www.facebook.com\/citushr\" \/>\n<meta property=\"article:modified_time\" content=\"2024-01-12T14:43:24+00:00\" \/>\n<meta name=\"twitter:card\" content=\"summary_large_image\" \/>\n<meta name=\"twitter:label1\" content=\"Procijenjeno vrijeme \u010ditanja\" \/>\n\t<meta name=\"twitter:data1\" content=\"1 minuta\" \/>\n<script type=\"application\/ld+json\" class=\"yoast-schema-graph\">{\"@context\":\"https:\\\/\\\/schema.org\",\"@graph\":[{\"@type\":\"WebPage\",\"@id\":\"https:\\\/\\\/citus.hr\\\/hr\\\/bookmedia-kontakt-i-podrska\\\/\",\"url\":\"https:\\\/\\\/citus.hr\\\/hr\\\/bookmedia-kontakt-i-podrska\\\/\",\"name\":\"BookMedia kontakt i podr\u0161ka - CITUS\",\"isPartOf\":{\"@id\":\"https:\\\/\\\/citus.hr\\\/hr\\\/#website\"},\"datePublished\":\"2023-11-10T09:54:05+00:00\",\"dateModified\":\"2024-01-12T14:43:24+00:00\",\"breadcrumb\":{\"@id\":\"https:\\\/\\\/citus.hr\\\/hr\\\/bookmedia-kontakt-i-podrska\\\/#breadcrumb\"},\"inLanguage\":\"hr\",\"potentialAction\":[{\"@type\":\"ReadAction\",\"target\":[\"https:\\\/\\\/citus.hr\\\/hr\\\/bookmedia-kontakt-i-podrska\\\/\"]}]},{\"@type\":\"BreadcrumbList\",\"@id\":\"https:\\\/\\\/citus.hr\\\/hr\\\/bookmedia-kontakt-i-podrska\\\/#breadcrumb\",\"itemListElement\":[{\"@type\":\"ListItem\",\"position\":1,\"name\":\"Po\u010detna stranica\",\"item\":\"https:\\\/\\\/citus.hr\\\/hr\\\/\"},{\"@type\":\"ListItem\",\"position\":2,\"name\":\"BookMedia kontakt i podr\u0161ka\"}]},{\"@type\":\"WebSite\",\"@id\":\"https:\\\/\\\/citus.hr\\\/hr\\\/#website\",\"url\":\"https:\\\/\\\/citus.hr\\\/hr\\\/\",\"name\":\"CITUS\",\"description\":\"Innovation, Consulting, Education\",\"publisher\":{\"@id\":\"https:\\\/\\\/citus.hr\\\/hr\\\/#organization\"},\"potentialAction\":[{\"@type\":\"SearchAction\",\"target\":{\"@type\":\"EntryPoint\",\"urlTemplate\":\"https:\\\/\\\/citus.hr\\\/hr\\\/?s={search_term_string}\"},\"query-input\":{\"@type\":\"PropertyValueSpecification\",\"valueRequired\":true,\"valueName\":\"search_term_string\"}}],\"inLanguage\":\"hr\"},{\"@type\":\"Organization\",\"@id\":\"https:\\\/\\\/citus.hr\\\/hr\\\/#organization\",\"name\":\"Citus d.o.o.\",\"url\":\"https:\\\/\\\/citus.hr\\\/hr\\\/\",\"logo\":{\"@type\":\"ImageObject\",\"inLanguage\":\"hr\",\"@id\":\"https:\\\/\\\/citus.hr\\\/hr\\\/#\\\/schema\\\/logo\\\/image\\\/\",\"url\":\"https:\\\/\\\/citus.hr\\\/wp-content\\\/uploads\\\/2024\\\/01\\\/citus-tekst-1.png\",\"contentUrl\":\"https:\\\/\\\/citus.hr\\\/wp-content\\\/uploads\\\/2024\\\/01\\\/citus-tekst-1.png\",\"width\":645,\"height\":192,\"caption\":\"Citus d.o.o.\"},\"image\":{\"@id\":\"https:\\\/\\\/citus.hr\\\/hr\\\/#\\\/schema\\\/logo\\\/image\\\/\"},\"sameAs\":[\"https:\\\/\\\/www.facebook.com\\\/citushr\",\"https:\\\/\\\/www.linkedin.com\\\/company\\\/citus\\\/\",\"https:\\\/\\\/www.youtube.com\\\/channel\\\/UCHGE0kAKHVRUeZ8okys4Q0w\"]}]}<\/script>\n<!-- \/ Yoast SEO plugin. -->","yoast_head_json":{"title":"BookMedia kontakt i podr\u0161ka - CITUS","robots":{"index":"index","follow":"follow","max-snippet":"max-snippet:-1","max-image-preview":"max-image-preview:large","max-video-preview":"max-video-preview:-1"},"canonical":"https:\/\/citus.hr\/hr\/bookmedia-kontakt-i-podrska\/","og_locale":"hr_HR","og_type":"article","og_title":"BookMedia kontakt i podr\u0161ka - CITUS","og_url":"https:\/\/citus.hr\/hr\/bookmedia-kontakt-i-podrska\/","og_site_name":"CITUS","article_publisher":"https:\/\/www.facebook.com\/citushr","article_modified_time":"2024-01-12T14:43:24+00:00","twitter_card":"summary_large_image","twitter_misc":{"Procijenjeno vrijeme \u010ditanja":"1 minuta"},"schema":{"@context":"https:\/\/schema.org","@graph":[{"@type":"WebPage","@id":"https:\/\/citus.hr\/hr\/bookmedia-kontakt-i-podrska\/","url":"https:\/\/citus.hr\/hr\/bookmedia-kontakt-i-podrska\/","name":"BookMedia kontakt i podr\u0161ka - CITUS","isPartOf":{"@id":"https:\/\/citus.hr\/hr\/#website"},"datePublished":"2023-11-10T09:54:05+00:00","dateModified":"2024-01-12T14:43:24+00:00","breadcrumb":{"@id":"https:\/\/citus.hr\/hr\/bookmedia-kontakt-i-podrska\/#breadcrumb"},"inLanguage":"hr","potentialAction":[{"@type":"ReadAction","target":["https:\/\/citus.hr\/hr\/bookmedia-kontakt-i-podrska\/"]}]},{"@type":"BreadcrumbList","@id":"https:\/\/citus.hr\/hr\/bookmedia-kontakt-i-podrska\/#breadcrumb","itemListElement":[{"@type":"ListItem","position":1,"name":"Po\u010detna stranica","item":"https:\/\/citus.hr\/hr\/"},{"@type":"ListItem","position":2,"name":"BookMedia kontakt i podr\u0161ka"}]},{"@type":"WebSite","@id":"https:\/\/citus.hr\/hr\/#website","url":"https:\/\/citus.hr\/hr\/","name":"CITUS","description":"Innovation, Consulting, Education","publisher":{"@id":"https:\/\/citus.hr\/hr\/#organization"},"potentialAction":[{"@type":"SearchAction","target":{"@type":"EntryPoint","urlTemplate":"https:\/\/citus.hr\/hr\/?s={search_term_string}"},"query-input":{"@type":"PropertyValueSpecification","valueRequired":true,"valueName":"search_term_string"}}],"inLanguage":"hr"},{"@type":"Organization","@id":"https:\/\/citus.hr\/hr\/#organization","name":"Citus d.o.o.","url":"https:\/\/citus.hr\/hr\/","logo":{"@type":"ImageObject","inLanguage":"hr","@id":"https:\/\/citus.hr\/hr\/#\/schema\/logo\/image\/","url":"https:\/\/citus.hr\/wp-content\/uploads\/2024\/01\/citus-tekst-1.png","contentUrl":"https:\/\/citus.hr\/wp-content\/uploads\/2024\/01\/citus-tekst-1.png","width":645,"height":192,"caption":"Citus d.o.o."},"image":{"@id":"https:\/\/citus.hr\/hr\/#\/schema\/logo\/image\/"},"sameAs":["https:\/\/www.facebook.com\/citushr","https:\/\/www.linkedin.com\/company\/citus\/","https:\/\/www.youtube.com\/channel\/UCHGE0kAKHVRUeZ8okys4Q0w"]}]}},"_links":{"self":[{"href":"https:\/\/citus.hr\/hr\/wp-json\/wp\/v2\/pages\/28017","targetHints":{"allow":["GET"]}}],"collection":[{"href":"https:\/\/citus.hr\/hr\/wp-json\/wp\/v2\/pages"}],"about":[{"href":"https:\/\/citus.hr\/hr\/wp-json\/wp\/v2\/types\/page"}],"author":[{"embeddable":true,"href":"https:\/\/citus.hr\/hr\/wp-json\/wp\/v2\/users\/1"}],"replies":[{"embeddable":true,"href":"https:\/\/citus.hr\/hr\/wp-json\/wp\/v2\/comments?post=28017"}],"version-history":[{"count":6,"href":"https:\/\/citus.hr\/hr\/wp-json\/wp\/v2\/pages\/28017\/revisions"}],"predecessor-version":[{"id":28342,"href":"https:\/\/citus.hr\/hr\/wp-json\/wp\/v2\/pages\/28017\/revisions\/28342"}],"wp:attachment":[{"href":"https:\/\/citus.hr\/hr\/wp-json\/wp\/v2\/media?parent=28017"}],"curies":[{"name":"wp","href":"https:\/\/api.w.org\/{rel}","templated":true}]}}