{"id":28023,"date":"2023-11-10T11:51:16","date_gmt":"2023-11-10T09:51:16","guid":{"rendered":"https:\/\/citus.hr\/bookmedia-privacy-policy\/"},"modified":"2024-01-18T15:01:13","modified_gmt":"2024-01-18T13:01:13","slug":"bookmedia-politika-privatnosti","status":"publish","type":"page","link":"https:\/\/citus.hr\/hr\/bookmedia-politika-privatnosti\/","title":{"rendered":"BookMedia politika privatnosti"},"content":{"rendered":"<div class=\"wpb-content-wrapper\"><section class=\"vc_row wpb_row vc_row-fluid\"><div class=\"wpb_column vc_column_container vc_col-sm-1 vc_hidden-sm col-xs-mobile-fullwidth sm-display-none\"><div class=\"vc_column-inner \"><div class=\"wpb_wrapper\"><\/div><\/div><\/div><div class=\"wpb_column vc_column_container vc_col-sm-12 vc_col-md-10 vc_col-xs-12 wow fadeIn\"><div class=\"vc_column-inner \"><div class=\"wpb_wrapper\"><div class=\"last-paragraph-no-margin\"><h3>1. UVOD<\/h3>\n<p>Va\u0161a privatnost i za\u0161tita podataka su nam od najve\u0107e va\u017enosti. Ova Politika privatnosti predstavlja na\u0161u izjavu o za\u0161titi podataka putem koje bismo \u017eeljeli na transparentan na\u010din dati informacije o prirodi, opsegu, svrsi i uvjetima pod kojima prikupljamo, koristimo i obra\u0111ujemo osobne podatke, kao i o pravima koja Vam pripadaju kao ispitaniku. Obrada Va\u0161ih osobnih podataka \u0107e uvijek biti u skladu s Op\u0107om uredbom o za\u0161titi podataka (GDPR), kao i hrvatskim propisima o za\u0161titi osobnih podataka.<\/p>\n<h3>2. TKO JE VODITELJ OBRADE PODATAKA?<\/h3>\n<p>Kao voditelj obrade podataka, CITUS d.o.o je implementirao brojne tehni\u010dke i organizacijske mjere kako bi osigurao sveobuhvatnu za\u0161titu osobnih podataka koji se obra\u0111uju u sklopu poslovnog odnosa s na\u0161im klijentima. U slu\u010daju da imate bilo kakvih pitanja u vezi Va\u0161ih osobnih podataka ili na\u0161ih postupaka vezanih uz za\u0161titu podataka, slobodno nas kontaktirajte:<\/p>\n<p>CITUS d.o.o.<br \/>\nVrbje 1C<br \/>\n10000 Zagreb<br \/>\nSlu\u017ebenik za za\u0161titu osobnih podataka: <a class=\"text-deep-pink\" href=\"mailto:gdpr@citus.hr\">gdpr@citus.hr<\/a><\/p>\n<h3>3. OSOBNI PODACI I OBRADA<\/h3>\n<p>Osobne podatke prikupljamo i pohranjujemo isklju\u010divo u mjeri u kojoj je to potrebno za pru\u017eanje usluge i temelji se na zakonskoj osnovi, ugovornoj obvezi ili dobrovoljno danoj suglasnosti.<\/p>\n<p>Prilikom pohrane podataka, osobni podaci se pohranjuju na najmanjem mogu\u0107em broju mjesta na kojima su adekvatno za\u0161ti\u0107eni. Pristup osobnim podacima omogu\u0107en je isklju\u010divo na temelju poslovne potrebe.<\/p>\n<p>Osobni podaci se ne koriste u svrhe razvoja ili testiranja IT sustava. Gdje god je to mogu\u0107e, osobni podaci su za\u0161ti\u0107eni enkripcijom, pseudonimizacijom ili anonimizacijom.<\/p>\n<p>Svi osobni podaci za koje ne postoji osnova \u010duvanja, bez odlaganja se bri\u0161u ili uni\u0161tavaju.<\/p>\n<p>Mjera definiranih ovom politikom moraju se pridr\u017eavati svi zaposlenici CITUS d.o.o., kao i tre\u0107e strane koje u okviru svoje suradnje s Organizacijom ostvaruju pristup osobnim podacima.<\/p>\n<p>Va\u0161e osobne podatke ne prenosimo u tre\u0107e zemlje, a ukoliko se za to poka\u017ee potreba zatra\u017eit \u0107emo Va\u0161u izri\u010ditu suglasnost za to.<\/p>\n<h3>4. PRAVO NA PRISTUP<\/h3>\n<p>Imate pravo zahtijevati od nas potvrdu koju kategoriju Va\u0161ih osobnih podataka obra\u0111ujemo, u koju svrhu, dijelimo li Va\u0161e podatke s nekime, koliko \u0107e dugo ostati pohranjeni itd.<\/p>\n<p>Imati pravo zahtijevati ispravak Va\u0161ih osobnih podataka koji su neto\u010dni, kao i pravo da se dopune Va\u0161i nepotpuni osobni podaci, te da se obri\u0161u Va\u0161i podaci ukoliko ne postoji ni jedna pravna osnova za njihovu daljnju obradu.<\/p>\n<p>Ako imate pitanja o na\u0161em postupanju s podacima ili o ostvarivanju Va\u0161ih prava, slobodno nas kontaktirajte e-mailom na gdpr@citus.hr<\/p>\n<h3>5. ZA\u0160TITA OSOBNIH PODATAKA<\/h3>\n<p>U slu\u010daju da, usprkos svim poduzetim sigurnosnim mjerama, povjerljivost ili dostupnost Va\u0161ih osobnih podataka bude na neki na\u010din ugro\u017eena, odmah \u0107emo obavijestiti nadle\u017eno nadzorno tijelo i\/ili Vas kao ispitanika, u skladu s primjenjivim europskim i nacionalnim propisima.<\/p>\n<h3>6. UPOTREBA KOLA\u010cI\u0106A<\/h3>\n<p>Na\u0161a web stranica koristi samo one kola\u010di\u0107e koji su neophodno potrebni za funkcioniranje web stranice.<\/p>\n<p>Ne koristimo kola\u010di\u0107e za:<\/p>\n<ul>\n<li>Prikupljanje bilo kakvih osobnih identifikacijskih informacija (bez va\u0161eg izri\u010ditog pristanka)<\/li>\n<li>Prikupljanje osjetljivih informacija (bez va\u0161eg izri\u010ditog pristanka)<\/li>\n<li>Proslje\u0111ivanje va\u0161ih podataka tre\u0107im stranama<\/li>\n<\/ul>\n<h3>7. ISKLJU\u010cIVANJE KOLA\u010cI\u0106A<\/h3>\n<p>Uobi\u010dajeno mo\u017eete isklju\u010diti kola\u010di\u0107e tako \u0161to podesite postavke svog web preglednika da prestane s prihva\u0107anjem kola\u010di\u0107a (upute za isklju\u010divanje mo\u017eete prona\u0107i\u00a0<a class=\"text-deep-pink\" title=\"Isklju\u010divanje kola\u010di\u0107a\" href=\"https:\/\/www.attacat.co.uk\/resources\/cookies\/how-to-ban\" target=\"_blank\" rel=\"noopener noreferrer\">ovdje<\/a>). Ukoliko to u\u010dinite najvjerojatnije \u0107ete ograni\u010diti funkcionalnost na\u0161e web stranice kao i velikog broja drugih web stranica budu\u0107i da su kola\u010di\u0107i standardan dio ve\u0107ine modernih web stranica.<\/p>\n<p>Ova Politika privatnosti se primjenjuje od 25.5.2018.<\/p>\n<\/div><\/div><\/div><\/div><div class=\"wpb_column vc_column_container vc_col-sm-1 vc_hidden-sm col-xs-mobile-fullwidth sm-display-none\"><div class=\"vc_column-inner \"><div class=\"wpb_wrapper\"><\/div><\/div><\/div><\/section>\n<\/div>","protected":false},"excerpt":{"rendered":"1. UVOD Va\u0161a privatnost i za\u0161tita podataka su nam od najve\u0107e va\u017enosti. Ova Politika privatnosti predstavlja na\u0161u izjavu o za\u0161titi podataka putem koje bismo \u017eeljeli na transparentan na\u010din dati informacije o prirodi, opsegu, svrsi i uvjetima pod kojima prikupljamo, koristimo i obra\u0111ujemo osobne podatke, kao i o pravima koja Vam pripadaju kao ispitaniku. Obrada Va\u0161ih osobnih podataka \u0107e uvijek biti u skladu s Op\u0107om uredbom o za\u0161titi podataka (GDPR), kao i hrvatskim propisima o za\u0161titi osobnih podataka. 2. TKO JE VODITELJ OBRADE PODATAKA? Kao voditelj obrade podataka, CITUS d.o.o je implementirao brojne tehni\u010dke i organizacijske mjere kako bi osigurao sveobuhvatnu za\u0161titu osobnih podataka koji se obra\u0111uju u sklopu poslovnog odnosa s na\u0161im klijentima. U slu\u010daju da imate bilo kakvih pitanja u vezi Va\u0161ih osobnih podataka ili na\u0161ih postupaka vezanih uz za\u0161titu podataka, slobodno nas kontaktirajte: CITUS d.o.o. Vrbje 1C 10000 Zagreb Slu\u017ebenik za za\u0161titu osobnih podataka: gdpr@citus.hr 3. OSOBNI PODACI I OBRADA Osobne podatke prikupljamo i pohranjujemo isklju\u010divo u mjeri u kojoj je to potrebno za pru\u017eanje usluge i temelji se na zakonskoj osnovi, ugovornoj obvezi ili dobrovoljno danoj suglasnosti. Prilikom pohrane podataka, osobni podaci se pohranjuju na najmanjem mogu\u0107em broju mjesta na kojima su adekvatno za\u0161ti\u0107eni. Pristup osobnim podacima...","protected":false},"author":1,"featured_media":0,"parent":0,"menu_order":0,"comment_status":"closed","ping_status":"closed","template":"","meta":{"_acf_changed":false,"_monsterinsights_skip_tracking":false,"_monsterinsights_sitenote_active":false,"_monsterinsights_sitenote_note":"","_monsterinsights_sitenote_category":0,"footnotes":""},"class_list":["post-28023","page","type-page","status-publish","hentry"],"acf":[],"yoast_head":"<!-- This site is optimized with the Yoast SEO plugin v27.4 - https:\/\/yoast.com\/product\/yoast-seo-wordpress\/ -->\n<title>BookMedia politika privatnosti - CITUS<\/title>\n<meta name=\"robots\" content=\"index, follow, max-snippet:-1, max-image-preview:large, max-video-preview:-1\" \/>\n<link rel=\"canonical\" href=\"https:\/\/citus.hr\/hr\/bookmedia-politika-privatnosti\/\" \/>\n<meta property=\"og:locale\" content=\"hr_HR\" \/>\n<meta property=\"og:type\" content=\"article\" \/>\n<meta property=\"og:title\" content=\"BookMedia politika privatnosti - CITUS\" \/>\n<meta property=\"og:url\" content=\"https:\/\/citus.hr\/hr\/bookmedia-politika-privatnosti\/\" \/>\n<meta property=\"og:site_name\" content=\"CITUS\" \/>\n<meta property=\"article:publisher\" content=\"https:\/\/www.facebook.com\/citushr\" \/>\n<meta property=\"article:modified_time\" content=\"2024-01-18T13:01:13+00:00\" \/>\n<meta name=\"twitter:card\" content=\"summary_large_image\" \/>\n<meta name=\"twitter:label1\" content=\"Procijenjeno vrijeme \u010ditanja\" \/>\n\t<meta name=\"twitter:data1\" content=\"3 minute\" \/>\n<script type=\"application\/ld+json\" class=\"yoast-schema-graph\">{\"@context\":\"https:\\\/\\\/schema.org\",\"@graph\":[{\"@type\":\"WebPage\",\"@id\":\"https:\\\/\\\/citus.hr\\\/hr\\\/bookmedia-politika-privatnosti\\\/\",\"url\":\"https:\\\/\\\/citus.hr\\\/hr\\\/bookmedia-politika-privatnosti\\\/\",\"name\":\"BookMedia politika privatnosti - CITUS\",\"isPartOf\":{\"@id\":\"https:\\\/\\\/citus.hr\\\/hr\\\/#website\"},\"datePublished\":\"2023-11-10T09:51:16+00:00\",\"dateModified\":\"2024-01-18T13:01:13+00:00\",\"breadcrumb\":{\"@id\":\"https:\\\/\\\/citus.hr\\\/hr\\\/bookmedia-politika-privatnosti\\\/#breadcrumb\"},\"inLanguage\":\"hr\",\"potentialAction\":[{\"@type\":\"ReadAction\",\"target\":[\"https:\\\/\\\/citus.hr\\\/hr\\\/bookmedia-politika-privatnosti\\\/\"]}]},{\"@type\":\"BreadcrumbList\",\"@id\":\"https:\\\/\\\/citus.hr\\\/hr\\\/bookmedia-politika-privatnosti\\\/#breadcrumb\",\"itemListElement\":[{\"@type\":\"ListItem\",\"position\":1,\"name\":\"Po\u010detna stranica\",\"item\":\"https:\\\/\\\/citus.hr\\\/hr\\\/\"},{\"@type\":\"ListItem\",\"position\":2,\"name\":\"BookMedia politika privatnosti\"}]},{\"@type\":\"WebSite\",\"@id\":\"https:\\\/\\\/citus.hr\\\/hr\\\/#website\",\"url\":\"https:\\\/\\\/citus.hr\\\/hr\\\/\",\"name\":\"CITUS\",\"description\":\"Innovation, Consulting, Education\",\"publisher\":{\"@id\":\"https:\\\/\\\/citus.hr\\\/hr\\\/#organization\"},\"potentialAction\":[{\"@type\":\"SearchAction\",\"target\":{\"@type\":\"EntryPoint\",\"urlTemplate\":\"https:\\\/\\\/citus.hr\\\/hr\\\/?s={search_term_string}\"},\"query-input\":{\"@type\":\"PropertyValueSpecification\",\"valueRequired\":true,\"valueName\":\"search_term_string\"}}],\"inLanguage\":\"hr\"},{\"@type\":\"Organization\",\"@id\":\"https:\\\/\\\/citus.hr\\\/hr\\\/#organization\",\"name\":\"Citus d.o.o.\",\"url\":\"https:\\\/\\\/citus.hr\\\/hr\\\/\",\"logo\":{\"@type\":\"ImageObject\",\"inLanguage\":\"hr\",\"@id\":\"https:\\\/\\\/citus.hr\\\/hr\\\/#\\\/schema\\\/logo\\\/image\\\/\",\"url\":\"https:\\\/\\\/citus.hr\\\/wp-content\\\/uploads\\\/2024\\\/01\\\/citus-tekst-1.png\",\"contentUrl\":\"https:\\\/\\\/citus.hr\\\/wp-content\\\/uploads\\\/2024\\\/01\\\/citus-tekst-1.png\",\"width\":645,\"height\":192,\"caption\":\"Citus d.o.o.\"},\"image\":{\"@id\":\"https:\\\/\\\/citus.hr\\\/hr\\\/#\\\/schema\\\/logo\\\/image\\\/\"},\"sameAs\":[\"https:\\\/\\\/www.facebook.com\\\/citushr\",\"https:\\\/\\\/www.linkedin.com\\\/company\\\/citus\\\/\",\"https:\\\/\\\/www.youtube.com\\\/channel\\\/UCHGE0kAKHVRUeZ8okys4Q0w\"]}]}<\/script>\n<!-- \/ Yoast SEO plugin. -->","yoast_head_json":{"title":"BookMedia politika privatnosti - CITUS","robots":{"index":"index","follow":"follow","max-snippet":"max-snippet:-1","max-image-preview":"max-image-preview:large","max-video-preview":"max-video-preview:-1"},"canonical":"https:\/\/citus.hr\/hr\/bookmedia-politika-privatnosti\/","og_locale":"hr_HR","og_type":"article","og_title":"BookMedia politika privatnosti - CITUS","og_url":"https:\/\/citus.hr\/hr\/bookmedia-politika-privatnosti\/","og_site_name":"CITUS","article_publisher":"https:\/\/www.facebook.com\/citushr","article_modified_time":"2024-01-18T13:01:13+00:00","twitter_card":"summary_large_image","twitter_misc":{"Procijenjeno vrijeme \u010ditanja":"3 minute"},"schema":{"@context":"https:\/\/schema.org","@graph":[{"@type":"WebPage","@id":"https:\/\/citus.hr\/hr\/bookmedia-politika-privatnosti\/","url":"https:\/\/citus.hr\/hr\/bookmedia-politika-privatnosti\/","name":"BookMedia politika privatnosti - CITUS","isPartOf":{"@id":"https:\/\/citus.hr\/hr\/#website"},"datePublished":"2023-11-10T09:51:16+00:00","dateModified":"2024-01-18T13:01:13+00:00","breadcrumb":{"@id":"https:\/\/citus.hr\/hr\/bookmedia-politika-privatnosti\/#breadcrumb"},"inLanguage":"hr","potentialAction":[{"@type":"ReadAction","target":["https:\/\/citus.hr\/hr\/bookmedia-politika-privatnosti\/"]}]},{"@type":"BreadcrumbList","@id":"https:\/\/citus.hr\/hr\/bookmedia-politika-privatnosti\/#breadcrumb","itemListElement":[{"@type":"ListItem","position":1,"name":"Po\u010detna stranica","item":"https:\/\/citus.hr\/hr\/"},{"@type":"ListItem","position":2,"name":"BookMedia politika privatnosti"}]},{"@type":"WebSite","@id":"https:\/\/citus.hr\/hr\/#website","url":"https:\/\/citus.hr\/hr\/","name":"CITUS","description":"Innovation, Consulting, Education","publisher":{"@id":"https:\/\/citus.hr\/hr\/#organization"},"potentialAction":[{"@type":"SearchAction","target":{"@type":"EntryPoint","urlTemplate":"https:\/\/citus.hr\/hr\/?s={search_term_string}"},"query-input":{"@type":"PropertyValueSpecification","valueRequired":true,"valueName":"search_term_string"}}],"inLanguage":"hr"},{"@type":"Organization","@id":"https:\/\/citus.hr\/hr\/#organization","name":"Citus d.o.o.","url":"https:\/\/citus.hr\/hr\/","logo":{"@type":"ImageObject","inLanguage":"hr","@id":"https:\/\/citus.hr\/hr\/#\/schema\/logo\/image\/","url":"https:\/\/citus.hr\/wp-content\/uploads\/2024\/01\/citus-tekst-1.png","contentUrl":"https:\/\/citus.hr\/wp-content\/uploads\/2024\/01\/citus-tekst-1.png","width":645,"height":192,"caption":"Citus d.o.o."},"image":{"@id":"https:\/\/citus.hr\/hr\/#\/schema\/logo\/image\/"},"sameAs":["https:\/\/www.facebook.com\/citushr","https:\/\/www.linkedin.com\/company\/citus\/","https:\/\/www.youtube.com\/channel\/UCHGE0kAKHVRUeZ8okys4Q0w"]}]}},"_links":{"self":[{"href":"https:\/\/citus.hr\/hr\/wp-json\/wp\/v2\/pages\/28023","targetHints":{"allow":["GET"]}}],"collection":[{"href":"https:\/\/citus.hr\/hr\/wp-json\/wp\/v2\/pages"}],"about":[{"href":"https:\/\/citus.hr\/hr\/wp-json\/wp\/v2\/types\/page"}],"author":[{"embeddable":true,"href":"https:\/\/citus.hr\/hr\/wp-json\/wp\/v2\/users\/1"}],"replies":[{"embeddable":true,"href":"https:\/\/citus.hr\/hr\/wp-json\/wp\/v2\/comments?post=28023"}],"version-history":[{"count":7,"href":"https:\/\/citus.hr\/hr\/wp-json\/wp\/v2\/pages\/28023\/revisions"}],"predecessor-version":[{"id":28366,"href":"https:\/\/citus.hr\/hr\/wp-json\/wp\/v2\/pages\/28023\/revisions\/28366"}],"wp:attachment":[{"href":"https:\/\/citus.hr\/hr\/wp-json\/wp\/v2\/media?parent=28023"}],"curies":[{"name":"wp","href":"https:\/\/api.w.org\/{rel}","templated":true}]}}