{"id":29008,"date":"2024-02-06T17:59:36","date_gmt":"2024-02-06T15:59:36","guid":{"rendered":"https:\/\/citus.hr\/?page_id=29008"},"modified":"2024-02-07T11:55:07","modified_gmt":"2024-02-07T09:55:07","slug":"esif-kredit-za-rast-i-razvoj","status":"publish","type":"page","link":"https:\/\/citus.hr\/hr\/esif-kredit-za-rast-i-razvoj\/","title":{"rendered":"ESIF Kredit za rast i razvoj"},"content":{"rendered":"<div class=\"wpb-content-wrapper\"><section class=\"vc_row wpb_row vc_row-fluid\"><div class=\"wpb_column vc_column_container vc_col-sm-3  col-xs-mobile-fullwidth\"><div class=\"vc_column-inner \"><div class=\"wpb_wrapper\"><div class=\"last-paragraph-no-margin\"><p style=\"text-align: center; margin-top: 0; padding-top: 0;\"><img loading=\"lazy\" decoding=\"async\" class=\"size-full wp-image-23003 aligncenter\" src=\"\/wp-content\/uploads\/2020\/07\/projekt-hr.png\" alt=\"\" width=\"281\" height=\"107\" srcset=\"https:\/\/citus.hr\/wp-content\/uploads\/2020\/07\/projekt-hr.png 281w, https:\/\/citus.hr\/wp-content\/uploads\/2020\/07\/projekt-hr-120x46.png 120w, https:\/\/citus.hr\/wp-content\/uploads\/2020\/07\/projekt-hr-81x31.png 81w\" sizes=\"auto, (max-width: 281px) 100vw, 281px\" \/><img loading=\"lazy\" decoding=\"async\" class=\"size-full wp-image-23001 aligncenter\" style=\"margin-bottom: 0;\" src=\"\/wp-content\/uploads\/2020\/07\/projekt-eu.png\" alt=\"\" width=\"281\" height=\"107\" srcset=\"https:\/\/citus.hr\/wp-content\/uploads\/2020\/07\/projekt-eu.png 281w, https:\/\/citus.hr\/wp-content\/uploads\/2020\/07\/projekt-eu-120x46.png 120w, https:\/\/citus.hr\/wp-content\/uploads\/2020\/07\/projekt-eu-81x31.png 81w\" sizes=\"auto, (max-width: 281px) 100vw, 281px\" \/>Europska Unija<\/p>\n<p><a href=\"https:\/\/hamagbicro.hr\/financijski-instrumenti\/\" target=\"_blank\" rel=\"noopener noreferrer\"><img loading=\"lazy\" decoding=\"async\" class=\"wp-image-22999 size-full aligncenter\" style=\"margin-bottom: 0;\" src=\"\/wp-content\/uploads\/2020\/07\/esif-logo.png\" alt=\"ESIF financijski instrumenti\" width=\"281\" height=\"76\" srcset=\"https:\/\/citus.hr\/wp-content\/uploads\/2020\/07\/esif-logo.png 281w, https:\/\/citus.hr\/wp-content\/uploads\/2020\/07\/esif-logo-120x32.png 120w, https:\/\/citus.hr\/wp-content\/uploads\/2020\/07\/esif-logo-81x22.png 81w\" sizes=\"auto, (max-width: 281px) 100vw, 281px\" \/><\/a><\/p>\n<p>Krajnji primatelj financijskog instrumenta sufinanciranog iz Europskog fonda za regionalni razvoj u sklopu Operativnog programa \u201eKonkurentnost i kohezija\u201d.<\/p>\n<p><a href=\"https:\/\/www.hbor.hr\/\" target=\"_blank\" rel=\"noopener\"><img loading=\"lazy\" decoding=\"async\" class=\"wp-image-29016 aligncenter\" title=\"HBOR - Hrvatska banka za obnovu i razvitak\" src=\"https:\/\/citus.hr\/wp-content\/uploads\/2024\/02\/HBOR_logo.png\" alt=\"HBOR - Hrvatska banka za obnovu i razvitak\" width=\"110\" height=\"52\" \/><img loading=\"lazy\" decoding=\"async\" class=\"wp-image-29014 size-full aligncenter\" title=\"Ministarstvo regionalnog razvoja i fondova Europske unije\" src=\"https:\/\/citus.hr\/wp-content\/uploads\/2024\/02\/mu_logo.png\" alt=\"Ministarstvo regionalnog razvoja i fondova Europske unije\" width=\"407\" height=\"72\" srcset=\"https:\/\/citus.hr\/wp-content\/uploads\/2024\/02\/mu_logo.png 407w, https:\/\/citus.hr\/wp-content\/uploads\/2024\/02\/mu_logo-300x53.png 300w, https:\/\/citus.hr\/wp-content\/uploads\/2024\/02\/mu_logo-120x21.png 120w, https:\/\/citus.hr\/wp-content\/uploads\/2024\/02\/mu_logo-81x14.png 81w\" sizes=\"auto, (max-width: 407px) 100vw, 407px\" \/><\/a><a href=\"http:\/\/www.strukturnifondovi.hr\/\" target=\"_blank\" rel=\"noopener noreferrer\"><img loading=\"lazy\" decoding=\"async\" class=\"wp-image-23000 size-full aligncenter\" src=\"\/wp-content\/uploads\/2020\/07\/projekt-esi.png\" alt=\"Europski strukturni i investicijski fondovi\" width=\"281\" height=\"86\" srcset=\"https:\/\/citus.hr\/wp-content\/uploads\/2020\/07\/projekt-esi.png 281w, https:\/\/citus.hr\/wp-content\/uploads\/2020\/07\/projekt-esi-120x37.png 120w, https:\/\/citus.hr\/wp-content\/uploads\/2020\/07\/projekt-esi-81x25.png 81w\" sizes=\"auto, (max-width: 281px) 100vw, 281px\" \/><\/a><img loading=\"lazy\" decoding=\"async\" class=\"wp-image-22998 size-full aligncenter\" src=\"\/wp-content\/uploads\/2020\/07\/projekt-opkk.png\" alt=\"Operativni program Konkurentnost i kohezija\" width=\"281\" height=\"69\" srcset=\"https:\/\/citus.hr\/wp-content\/uploads\/2020\/07\/projekt-opkk.png 281w, https:\/\/citus.hr\/wp-content\/uploads\/2020\/07\/projekt-opkk-120x29.png 120w, https:\/\/citus.hr\/wp-content\/uploads\/2020\/07\/projekt-opkk-81x20.png 81w\" sizes=\"auto, (max-width: 281px) 100vw, 281px\" \/><\/p>\n<\/div><\/div><\/div><\/div><div class=\"wpb_column vc_column_container vc_col-sm-9  col-xs-mobile-fullwidth\"><div class=\"vc_column-inner \"><div class=\"wpb_wrapper\"><div class=\"last-paragraph-no-margin\"><h6>Kupnja i dovr\u0161etak ure\u0111enja poslovnog prostora<\/h6>\n<p>ESIF Krediti za rast i razvoj su dugoro\u010dni investicijski krediti za male i srednje poduzetnike koji posluju du\u017ee od dvije godine, te koji planiraju ulaganja u prera\u0111iva\u010dkoj industriji, turizmu, kreativnoj industriji i uslugama temeljenim na znanju.<br \/>\nESIF Krediti za rast i razvoj financiraju se 50 posto iz izvora Europskih strukturnih i investicijskih fondova (ESIF) po kamatnoj stopi od 0 posto, a 50 posto iz izvora poslovnih banaka po tr\u017ei\u0161noj kamatnoj stopi koju \u0107e utvr\u0111ivati poslovna banka. Ovakav na\u010din financiranja zna\u010di da \u0107e u kona\u010dnici kamatna stopa za poduzetnike biti zna\u010dajno ni\u017ea od one koju bi ostvarili bez kori\u0161tenja sredstava ESIF-a.<br \/>\nRok otplate do 12 godina,\u00a0i osloba\u0111anje od pla\u0107anja svih naknada koje se redovno napla\u0107uju prilikom obrade zahtjeva za kredit i sklapanja ugovora o kreditu te redovnog kori\u0161tenja kredita.<br \/>\nKorisnici ESIF Kredita za rast i razvoj mogu biti mali i srednji poduzetnici koji posluju najmanje dvije godine prije podno\u0161enja zahtjeva za kredit poslovnoj banci.<br \/>\nNamjena za koju se sredstva mogu odobriti su ulaganja u materijalnu i nematerijalnu imovinu te prijenos vlasni\u010dkih prava, a do 30 posto iznosa kredita mo\u0107i \u0107e se koristiti za obrtna sredstva povezana s predmetnom investicijom. Krediti se mogu odobriti samo za nove investicije, a refinanciranje postoje\u0107ih kredita nije dozvoljeno.<br \/>\nKrediti se odobravaju na rok do 12 godina (uklju\u010duju\u0107i po\u010dek do 2 godine), a za sektor turizma do 17 godina (uklju\u010duju\u0107i po\u010dek do 4 godine).<\/p>\n<p><strong>Ime korisnika:<\/strong>\u00a0CITUS d.o.o.<br \/>\n<strong>Ukupni iznos projekta:<\/strong> 439.719,08 EUR<br \/>\n<strong>Od toga:<br \/>\n<\/strong><strong>\u00a0 &#8211; HBOR:<\/strong> 1.655.473,38 HRK (219.719,08 EUR; 1 EUR = 7,5345 HRK)<br \/>\n<strong>\u00a0 &#8211; Zagreba\u010dka banka:<\/strong> 220.000,00 EUR<br \/>\n<strong>Naziv projekta:\u00a0<\/strong>Kupnja i dovr\u0161etak ure\u0111enja poslovnog prostora<br \/>\n<strong>Kori\u0161tenje potpore:<\/strong> 20.06.2022. &#8211; 30.09.2033.<br \/>\n<strong>Kontakt:<\/strong>\u00a0CITUS d.o.o.\u00a0|\u00a0<a class=\"text-blue\" href=\"mailto:citus@citus.hr\">citus@citus.hr<\/a>\u00a0|\u00a0tel <a class=\"text-blue\" href=\"tel:+385 1 3667 120\">+385 1 3667 120<\/a><br \/>\n<strong>Pogledajte vi\u0161e na:\u00a0<\/strong><a class=\"text-blue\" href=\"https:\/\/www.hbor.hr\/tema\/esif-krediti-za-rast-i-razvoj\">https:\/\/www.hbor.hr\/tema\/esif-krediti-za-rast-i-razvoj<\/a><\/p>\n<\/div><\/div><\/div><\/div><\/section>\n<\/div>","protected":false},"excerpt":{"rendered":"Europska Unija Krajnji primatelj financijskog instrumenta sufinanciranog iz Europskog fonda za regionalni razvoj u sklopu Operativnog programa \u201eKonkurentnost i kohezija\u201d. Kupnja i dovr\u0161etak ure\u0111enja poslovnog prostora ESIF Krediti za rast i razvoj su dugoro\u010dni investicijski krediti za male i srednje poduzetnike koji posluju du\u017ee od dvije godine, te koji planiraju ulaganja u prera\u0111iva\u010dkoj industriji, turizmu, kreativnoj industriji i uslugama temeljenim na znanju. ESIF Krediti za rast i razvoj financiraju se 50 posto iz izvora Europskih strukturnih i investicijskih fondova (ESIF) po kamatnoj stopi od 0 posto, a 50 posto iz izvora poslovnih banaka po tr\u017ei\u0161noj kamatnoj stopi koju \u0107e utvr\u0111ivati poslovna banka. Ovakav na\u010din financiranja zna\u010di da \u0107e u kona\u010dnici kamatna stopa za poduzetnike biti zna\u010dajno ni\u017ea od one koju bi ostvarili bez kori\u0161tenja sredstava ESIF-a. Rok otplate do 12 godina,\u00a0i osloba\u0111anje od pla\u0107anja svih naknada koje se redovno napla\u0107uju prilikom obrade zahtjeva za kredit i sklapanja ugovora o kreditu te redovnog kori\u0161tenja kredita. Korisnici ESIF Kredita za rast i razvoj mogu biti mali i srednji poduzetnici koji posluju najmanje dvije godine prije podno\u0161enja zahtjeva za kredit poslovnoj banci. Namjena za koju se sredstva mogu odobriti su ulaganja u materijalnu i nematerijalnu imovinu te prijenos vlasni\u010dkih prava, a do 30...","protected":false},"author":3,"featured_media":0,"parent":0,"menu_order":0,"comment_status":"closed","ping_status":"closed","template":"","meta":{"_acf_changed":false,"_monsterinsights_skip_tracking":false,"_monsterinsights_sitenote_active":false,"_monsterinsights_sitenote_note":"","_monsterinsights_sitenote_category":0,"footnotes":""},"class_list":["post-29008","page","type-page","status-publish","hentry"],"acf":[],"yoast_head":"<!-- This site is optimized with the Yoast SEO plugin v27.4 - https:\/\/yoast.com\/product\/yoast-seo-wordpress\/ -->\n<title>ESIF Kredit za rast i razvoj - CITUS<\/title>\n<meta name=\"robots\" content=\"index, follow, max-snippet:-1, max-image-preview:large, max-video-preview:-1\" \/>\n<link rel=\"canonical\" href=\"https:\/\/citus.hr\/hr\/esif-kredit-za-rast-i-razvoj\/\" \/>\n<meta property=\"og:locale\" content=\"hr_HR\" \/>\n<meta property=\"og:type\" content=\"article\" \/>\n<meta property=\"og:title\" content=\"ESIF Kredit za rast i razvoj - CITUS\" \/>\n<meta property=\"og:url\" content=\"https:\/\/citus.hr\/hr\/esif-kredit-za-rast-i-razvoj\/\" \/>\n<meta property=\"og:site_name\" content=\"CITUS\" \/>\n<meta property=\"article:publisher\" content=\"https:\/\/www.facebook.com\/citushr\" \/>\n<meta property=\"article:modified_time\" content=\"2024-02-07T09:55:07+00:00\" \/>\n<meta property=\"og:image\" content=\"https:\/\/citus.hr\/wp-content\/uploads\/2024\/02\/HBOR_logo.png\" \/>\n<meta name=\"twitter:card\" content=\"summary_large_image\" \/>\n<meta name=\"twitter:label1\" content=\"Procijenjeno vrijeme \u010ditanja\" \/>\n\t<meta name=\"twitter:data1\" content=\"3 minute\" \/>\n<script type=\"application\/ld+json\" class=\"yoast-schema-graph\">{\"@context\":\"https:\\\/\\\/schema.org\",\"@graph\":[{\"@type\":\"WebPage\",\"@id\":\"https:\\\/\\\/citus.hr\\\/hr\\\/esif-kredit-za-rast-i-razvoj\\\/\",\"url\":\"https:\\\/\\\/citus.hr\\\/hr\\\/esif-kredit-za-rast-i-razvoj\\\/\",\"name\":\"ESIF Kredit za rast i razvoj - CITUS\",\"isPartOf\":{\"@id\":\"https:\\\/\\\/citus.hr\\\/hr\\\/#website\"},\"primaryImageOfPage\":{\"@id\":\"https:\\\/\\\/citus.hr\\\/hr\\\/esif-kredit-za-rast-i-razvoj\\\/#primaryimage\"},\"image\":{\"@id\":\"https:\\\/\\\/citus.hr\\\/hr\\\/esif-kredit-za-rast-i-razvoj\\\/#primaryimage\"},\"thumbnailUrl\":\"https:\\\/\\\/citus.hr\\\/wp-content\\\/uploads\\\/2024\\\/02\\\/HBOR_logo.png\",\"datePublished\":\"2024-02-06T15:59:36+00:00\",\"dateModified\":\"2024-02-07T09:55:07+00:00\",\"breadcrumb\":{\"@id\":\"https:\\\/\\\/citus.hr\\\/hr\\\/esif-kredit-za-rast-i-razvoj\\\/#breadcrumb\"},\"inLanguage\":\"hr\",\"potentialAction\":[{\"@type\":\"ReadAction\",\"target\":[\"https:\\\/\\\/citus.hr\\\/hr\\\/esif-kredit-za-rast-i-razvoj\\\/\"]}]},{\"@type\":\"ImageObject\",\"inLanguage\":\"hr\",\"@id\":\"https:\\\/\\\/citus.hr\\\/hr\\\/esif-kredit-za-rast-i-razvoj\\\/#primaryimage\",\"url\":\"https:\\\/\\\/citus.hr\\\/wp-content\\\/uploads\\\/2024\\\/02\\\/HBOR_logo.png\",\"contentUrl\":\"https:\\\/\\\/citus.hr\\\/wp-content\\\/uploads\\\/2024\\\/02\\\/HBOR_logo.png\"},{\"@type\":\"BreadcrumbList\",\"@id\":\"https:\\\/\\\/citus.hr\\\/hr\\\/esif-kredit-za-rast-i-razvoj\\\/#breadcrumb\",\"itemListElement\":[{\"@type\":\"ListItem\",\"position\":1,\"name\":\"Po\u010detna stranica\",\"item\":\"https:\\\/\\\/citus.hr\\\/hr\\\/\"},{\"@type\":\"ListItem\",\"position\":2,\"name\":\"ESIF Kredit za rast i razvoj\"}]},{\"@type\":\"WebSite\",\"@id\":\"https:\\\/\\\/citus.hr\\\/hr\\\/#website\",\"url\":\"https:\\\/\\\/citus.hr\\\/hr\\\/\",\"name\":\"CITUS\",\"description\":\"Innovation, Consulting, Education\",\"publisher\":{\"@id\":\"https:\\\/\\\/citus.hr\\\/hr\\\/#organization\"},\"potentialAction\":[{\"@type\":\"SearchAction\",\"target\":{\"@type\":\"EntryPoint\",\"urlTemplate\":\"https:\\\/\\\/citus.hr\\\/hr\\\/?s={search_term_string}\"},\"query-input\":{\"@type\":\"PropertyValueSpecification\",\"valueRequired\":true,\"valueName\":\"search_term_string\"}}],\"inLanguage\":\"hr\"},{\"@type\":\"Organization\",\"@id\":\"https:\\\/\\\/citus.hr\\\/hr\\\/#organization\",\"name\":\"Citus d.o.o.\",\"url\":\"https:\\\/\\\/citus.hr\\\/hr\\\/\",\"logo\":{\"@type\":\"ImageObject\",\"inLanguage\":\"hr\",\"@id\":\"https:\\\/\\\/citus.hr\\\/hr\\\/#\\\/schema\\\/logo\\\/image\\\/\",\"url\":\"https:\\\/\\\/citus.hr\\\/wp-content\\\/uploads\\\/2024\\\/01\\\/citus-tekst-1.png\",\"contentUrl\":\"https:\\\/\\\/citus.hr\\\/wp-content\\\/uploads\\\/2024\\\/01\\\/citus-tekst-1.png\",\"width\":645,\"height\":192,\"caption\":\"Citus d.o.o.\"},\"image\":{\"@id\":\"https:\\\/\\\/citus.hr\\\/hr\\\/#\\\/schema\\\/logo\\\/image\\\/\"},\"sameAs\":[\"https:\\\/\\\/www.facebook.com\\\/citushr\",\"https:\\\/\\\/www.linkedin.com\\\/company\\\/citus\\\/\",\"https:\\\/\\\/www.youtube.com\\\/channel\\\/UCHGE0kAKHVRUeZ8okys4Q0w\"]}]}<\/script>\n<!-- \/ Yoast SEO plugin. -->","yoast_head_json":{"title":"ESIF Kredit za rast i razvoj - CITUS","robots":{"index":"index","follow":"follow","max-snippet":"max-snippet:-1","max-image-preview":"max-image-preview:large","max-video-preview":"max-video-preview:-1"},"canonical":"https:\/\/citus.hr\/hr\/esif-kredit-za-rast-i-razvoj\/","og_locale":"hr_HR","og_type":"article","og_title":"ESIF Kredit za rast i razvoj - CITUS","og_url":"https:\/\/citus.hr\/hr\/esif-kredit-za-rast-i-razvoj\/","og_site_name":"CITUS","article_publisher":"https:\/\/www.facebook.com\/citushr","article_modified_time":"2024-02-07T09:55:07+00:00","og_image":[{"url":"https:\/\/citus.hr\/wp-content\/uploads\/2024\/02\/HBOR_logo.png","type":"","width":"","height":""}],"twitter_card":"summary_large_image","twitter_misc":{"Procijenjeno vrijeme \u010ditanja":"3 minute"},"schema":{"@context":"https:\/\/schema.org","@graph":[{"@type":"WebPage","@id":"https:\/\/citus.hr\/hr\/esif-kredit-za-rast-i-razvoj\/","url":"https:\/\/citus.hr\/hr\/esif-kredit-za-rast-i-razvoj\/","name":"ESIF Kredit za rast i razvoj - CITUS","isPartOf":{"@id":"https:\/\/citus.hr\/hr\/#website"},"primaryImageOfPage":{"@id":"https:\/\/citus.hr\/hr\/esif-kredit-za-rast-i-razvoj\/#primaryimage"},"image":{"@id":"https:\/\/citus.hr\/hr\/esif-kredit-za-rast-i-razvoj\/#primaryimage"},"thumbnailUrl":"https:\/\/citus.hr\/wp-content\/uploads\/2024\/02\/HBOR_logo.png","datePublished":"2024-02-06T15:59:36+00:00","dateModified":"2024-02-07T09:55:07+00:00","breadcrumb":{"@id":"https:\/\/citus.hr\/hr\/esif-kredit-za-rast-i-razvoj\/#breadcrumb"},"inLanguage":"hr","potentialAction":[{"@type":"ReadAction","target":["https:\/\/citus.hr\/hr\/esif-kredit-za-rast-i-razvoj\/"]}]},{"@type":"ImageObject","inLanguage":"hr","@id":"https:\/\/citus.hr\/hr\/esif-kredit-za-rast-i-razvoj\/#primaryimage","url":"https:\/\/citus.hr\/wp-content\/uploads\/2024\/02\/HBOR_logo.png","contentUrl":"https:\/\/citus.hr\/wp-content\/uploads\/2024\/02\/HBOR_logo.png"},{"@type":"BreadcrumbList","@id":"https:\/\/citus.hr\/hr\/esif-kredit-za-rast-i-razvoj\/#breadcrumb","itemListElement":[{"@type":"ListItem","position":1,"name":"Po\u010detna stranica","item":"https:\/\/citus.hr\/hr\/"},{"@type":"ListItem","position":2,"name":"ESIF Kredit za rast i razvoj"}]},{"@type":"WebSite","@id":"https:\/\/citus.hr\/hr\/#website","url":"https:\/\/citus.hr\/hr\/","name":"CITUS","description":"Innovation, Consulting, Education","publisher":{"@id":"https:\/\/citus.hr\/hr\/#organization"},"potentialAction":[{"@type":"SearchAction","target":{"@type":"EntryPoint","urlTemplate":"https:\/\/citus.hr\/hr\/?s={search_term_string}"},"query-input":{"@type":"PropertyValueSpecification","valueRequired":true,"valueName":"search_term_string"}}],"inLanguage":"hr"},{"@type":"Organization","@id":"https:\/\/citus.hr\/hr\/#organization","name":"Citus d.o.o.","url":"https:\/\/citus.hr\/hr\/","logo":{"@type":"ImageObject","inLanguage":"hr","@id":"https:\/\/citus.hr\/hr\/#\/schema\/logo\/image\/","url":"https:\/\/citus.hr\/wp-content\/uploads\/2024\/01\/citus-tekst-1.png","contentUrl":"https:\/\/citus.hr\/wp-content\/uploads\/2024\/01\/citus-tekst-1.png","width":645,"height":192,"caption":"Citus d.o.o."},"image":{"@id":"https:\/\/citus.hr\/hr\/#\/schema\/logo\/image\/"},"sameAs":["https:\/\/www.facebook.com\/citushr","https:\/\/www.linkedin.com\/company\/citus\/","https:\/\/www.youtube.com\/channel\/UCHGE0kAKHVRUeZ8okys4Q0w"]}]}},"_links":{"self":[{"href":"https:\/\/citus.hr\/hr\/wp-json\/wp\/v2\/pages\/29008","targetHints":{"allow":["GET"]}}],"collection":[{"href":"https:\/\/citus.hr\/hr\/wp-json\/wp\/v2\/pages"}],"about":[{"href":"https:\/\/citus.hr\/hr\/wp-json\/wp\/v2\/types\/page"}],"author":[{"embeddable":true,"href":"https:\/\/citus.hr\/hr\/wp-json\/wp\/v2\/users\/3"}],"replies":[{"embeddable":true,"href":"https:\/\/citus.hr\/hr\/wp-json\/wp\/v2\/comments?post=29008"}],"version-history":[{"count":21,"href":"https:\/\/citus.hr\/hr\/wp-json\/wp\/v2\/pages\/29008\/revisions"}],"predecessor-version":[{"id":29076,"href":"https:\/\/citus.hr\/hr\/wp-json\/wp\/v2\/pages\/29008\/revisions\/29076"}],"wp:attachment":[{"href":"https:\/\/citus.hr\/hr\/wp-json\/wp\/v2\/media?parent=29008"}],"curies":[{"name":"wp","href":"https:\/\/api.w.org\/{rel}","templated":true}]}}